{"id":36021,"date":"2025-02-20T23:38:00","date_gmt":"2025-02-20T22:38:00","guid":{"rendered":"http:\/\/olemosaic.com\/producto\/iman-de-resina-toro-madrid-75-cm\/"},"modified":"2025-07-25T18:42:26","modified_gmt":"2025-07-25T16:42:26","slug":"aimant-en-resine-taureau-madrid-7-5-cm","status":"publish","type":"product","link":"https:\/\/olemosaic.com\/fr\/produit\/aimant-en-resine-taureau-madrid-7-5-cm\/","title":{"rendered":"Aimant en r\u00e9sine. Taureau. Madrid. 7,5 cm."},"content":{"rendered":"<p>Aimant en r\u00e9sine de taureaux de Madrid<\/p>\n<p>Cet aimant en r\u00e9sine de 7,5 cm est un v\u00e9ritable bijou qui capture l&rsquo;essence vibrante de Madrid. Avec un design color\u00e9 et moderne, il symbolise la riche tradition culturelle espagnole. Il repr\u00e9sente deux taureaux majestueux avec une finition vive dans des tons bleu, vert, rouge et jaune, rehaussant leur forme distinctive avec une touche contemporaine. Les taureaux, ic\u00f4nes de la culture espagnole et symboles de f\u00eate et de passion, se dressent sur un fond de mosa\u00efque qui apporte un effet visuel attrayant et dynamique.<\/p>\n<p>Le mot \u00ab\u00a0MADRID\u00a0\u00bb appara\u00eet en lettres frappantes, compl\u00e9tant l&rsquo;illustration et faisant de cet aimant le souvenir parfait de la capitale. Ce souvenir n&rsquo;est pas seulement un ornement id\u00e9al pour n&rsquo;importe quel r\u00e9frig\u00e9rateur, mais aussi un magnifique objet de collection qui refl\u00e8te la joie et l&rsquo;esprit de la ville. Chez Ol\u00e9 Mosaic, nous sommes fiers de proposer des produits authentiques qui capturent l&rsquo;essence de chaque r\u00e9gion. Cet aimant est une excellente option pour les boutiques de cadeaux touristiques \u00e0 la recherche de souvenirs repr\u00e9sentatifs de Madrid. En tant que distributeurs de souvenirs en gros, nous garantissons la qualit\u00e9 et l&rsquo;originalit\u00e9 de chaque article, id\u00e9al pour les touristes qui souhaitent emporter un petit morceau de la culture madril\u00e8ne.<\/p>\n","protected":false},"excerpt":{"rendered":"<p>Aimant de 7,5 cm repr\u00e9sentant deux taureaux dans un design color\u00e9 et moderne, symbole de l&rsquo;essence culturelle madril\u00e8ne. Les taureaux, peints dans des tons vibrants de bleu, vert, rouge et jaune, se dressent sur un fond de mosa\u00efque qui rehausse leur forme caract\u00e9ristique. L&rsquo;aimant inclut le mot \u00ab\u00a0MADRID\u00a0\u00bb en lettres frappantes, ce qui en fait un souvenir id\u00e9al pour \u00e9voquer la tradition espagnole. Un compl\u00e9ment parfait pour toute collection.<\/p>\n","protected":false},"featured_media":14055,"template":"","meta":{"_acf_changed":false},"product_brand":[],"product_cat":[697],"product_tag":[530],"class_list":{"0":"post-36021","1":"product","2":"type-product","3":"status-publish","4":"has-post-thumbnail","6":"product_cat-aimants","7":"product_tag-animaux","8":"pa_ciudad-madrid","9":"pa_motivo-taureaux","10":"pa_pais-espana","12":"first","13":"instock","14":"shipping-taxable","15":"product-type-simple"},"acf":[],"_links":{"self":[{"href":"https:\/\/olemosaic.com\/fr\/wp-json\/wp\/v2\/product\/36021","targetHints":{"allow":["GET"]}}],"collection":[{"href":"https:\/\/olemosaic.com\/fr\/wp-json\/wp\/v2\/product"}],"about":[{"href":"https:\/\/olemosaic.com\/fr\/wp-json\/wp\/v2\/types\/product"}],"wp:featuredmedia":[{"embeddable":true,"href":"https:\/\/olemosaic.com\/fr\/wp-json\/wp\/v2\/media\/14055"}],"wp:attachment":[{"href":"https:\/\/olemosaic.com\/fr\/wp-json\/wp\/v2\/media?parent=36021"}],"wp:term":[{"taxonomy":"product_brand","embeddable":true,"href":"https:\/\/olemosaic.com\/fr\/wp-json\/wp\/v2\/product_brand?post=36021"},{"taxonomy":"product_cat","embeddable":true,"href":"https:\/\/olemosaic.com\/fr\/wp-json\/wp\/v2\/product_cat?post=36021"},{"taxonomy":"product_tag","embeddable":true,"href":"https:\/\/olemosaic.com\/fr\/wp-json\/wp\/v2\/product_tag?post=36021"}],"curies":[{"name":"wp","href":"https:\/\/api.w.org\/{rel}","templated":true}]}}