{"id":36019,"date":"2025-02-20T23:37:59","date_gmt":"2025-02-20T22:37:59","guid":{"rendered":"http:\/\/olemosaic.com\/producto\/iman-de-resina-mariposa-barcelona-75-cm\/"},"modified":"2025-07-25T18:52:51","modified_gmt":"2025-07-25T16:52:51","slug":"aimant-en-resine-papillon-barcelone-7-5-cm","status":"publish","type":"product","link":"https:\/\/olemosaic.com\/fr\/produit\/aimant-en-resine-papillon-barcelone-7-5-cm\/","title":{"rendered":"Aimant en r\u00e9sine. Papillon. Barcelone. 7,5 cm."},"content":{"rendered":"<p>Cet aimant en r\u00e9sine de 7,5 cm est un hommage vibrant \u00e0 la richesse artistique de Barcelone. Son design color\u00e9 pr\u00e9sente divers papillons dans des tons bleus, violets et orange, qui \u00e9voquent la joie de la ville. Chaque papillon, avec ses motifs complexes et une finition r\u00e9sineuse brillante, est plein de d\u00e9tails. Des fleurs multicolores compl\u00e8tent la pi\u00e8ce, cr\u00e9ant une composition visuelle dynamique et attrayante. Le fond affiche un motif de mosa\u00efque gris qui rappelle l&rsquo;architecture moderniste de la ville, particuli\u00e8rement les \u0153uvres d&rsquo;Antoni Gaud\u00ed, c\u00e9l\u00e8bre pour ses mosa\u00efques extraordinaires.<\/p>\n<p>Cet aimant n&rsquo;est pas seulement un article d\u00e9coratif, mais un authentique souvenir qui encapsule l&rsquo;essence de Barcelone, id\u00e9al pour tout visiteur souhaitant emporter un morceau de son art et de sa culture. En tant que distributeur de souvenirs en gros, Ol\u00e9 Mosaic propose cet aimant comme une excellente option pour les boutiques de cadeaux touristiques \u00e0 la recherche de produits uniques et repr\u00e9sentatifs de la r\u00e9gion. C&rsquo;est une pi\u00e8ce parfaite pour ceux qui appr\u00e9cient l&rsquo;authenticit\u00e9 et souhaitent se souvenir de la beaut\u00e9 de Barcelone \u00e0 travers un souvenir \u00e9l\u00e9gant.<\/p>\n","protected":false},"excerpt":{"rendered":"<p>Aimant de 7,5 cm avec un design color\u00e9 de papillons inspir\u00e9 de l&rsquo;art de la mosa\u00efque barcelonaise. Cette pi\u00e8ce d\u00e9corative comprend plusieurs papillons dans des tons vibrants de bleu, violet et orange, accompagn\u00e9s de fleurs qui compl\u00e8tent le design. Le fond pr\u00e9sente un motif de mosa\u00efque gris qui \u00e9voque l&rsquo;architecture moderniste de la ville, faisant de cet aimant un souvenir id\u00e9al qui capture l&rsquo;essence artistique de Barcelone.<\/p>\n","protected":false},"featured_media":14053,"template":"","meta":{"_acf_changed":false},"product_brand":[],"product_cat":[697],"product_tag":[530],"class_list":{"0":"post-36019","1":"product","2":"type-product","3":"status-publish","4":"has-post-thumbnail","6":"product_cat-aimants","7":"product_tag-animaux","8":"pa_ciudad-barcelona","9":"pa_motivo-papillons","10":"pa_pais-espana","12":"first","13":"instock","14":"shipping-taxable","15":"product-type-simple"},"acf":[],"_links":{"self":[{"href":"https:\/\/olemosaic.com\/fr\/wp-json\/wp\/v2\/product\/36019","targetHints":{"allow":["GET"]}}],"collection":[{"href":"https:\/\/olemosaic.com\/fr\/wp-json\/wp\/v2\/product"}],"about":[{"href":"https:\/\/olemosaic.com\/fr\/wp-json\/wp\/v2\/types\/product"}],"wp:featuredmedia":[{"embeddable":true,"href":"https:\/\/olemosaic.com\/fr\/wp-json\/wp\/v2\/media\/14053"}],"wp:attachment":[{"href":"https:\/\/olemosaic.com\/fr\/wp-json\/wp\/v2\/media?parent=36019"}],"wp:term":[{"taxonomy":"product_brand","embeddable":true,"href":"https:\/\/olemosaic.com\/fr\/wp-json\/wp\/v2\/product_brand?post=36019"},{"taxonomy":"product_cat","embeddable":true,"href":"https:\/\/olemosaic.com\/fr\/wp-json\/wp\/v2\/product_cat?post=36019"},{"taxonomy":"product_tag","embeddable":true,"href":"https:\/\/olemosaic.com\/fr\/wp-json\/wp\/v2\/product_tag?post=36019"}],"curies":[{"name":"wp","href":"https:\/\/api.w.org\/{rel}","templated":true}]}}