{"id":36013,"date":"2025-02-20T23:37:59","date_gmt":"2025-02-20T22:37:59","guid":{"rendered":"http:\/\/olemosaic.com\/producto\/iman-de-resina-salamandra-y-flores-mojacar-75-cm\/"},"modified":"2025-07-25T18:50:11","modified_gmt":"2025-07-25T16:50:11","slug":"aimant-en-resine-salamandre-et-fleurs-mojacar-7-5-cm","status":"publish","type":"product","link":"https:\/\/olemosaic.com\/fr\/produit\/aimant-en-resine-salamandre-et-fleurs-mojacar-7-5-cm\/","title":{"rendered":"Aimant en r\u00e9sine. Salamandre et fleurs. Moj\u00e1car. 7,5 cm."},"content":{"rendered":"<p>Cet aimant en r\u00e9sine de 7,5 cm est une repr\u00e9sentation color\u00e9e de Moj\u00e1car, un village andalou d\u00e9bordant d&rsquo;art et de tradition. Le design montre deux salamandres sur un fond floral vibrant, capturant l&rsquo;essence de son paysage radieux et joyeux. La palette de couleurs, avec des tons \u00e9clatants de rouge, vert et bleu, se combine avec des fleurs aux nuances vari\u00e9es, apportant un air festif et lumineux \u00e0 l&rsquo;objet. Dans la partie inf\u00e9rieure, le nom \u00ab\u00a0Moj\u00e1car\u00a0\u00bb ressort en grandes lettres multicolores, \u00e9voquant le plaisir et la chaleur de cette localit\u00e9 c\u00f4ti\u00e8re.<\/p>\n<p>La repr\u00e9sentation des salamandres, \u00eatres symboliques de transformation et de renouveau, s&rsquo;entrelace avec l&rsquo;attrait des d\u00e9corations florales, refl\u00e9tant le patio vibrant de Moj\u00e1car. Cet aimant est plus qu&rsquo;un simple souvenir ; c&rsquo;est un souvenir authentique qui exalte la riche culture andalouse et son lien avec la nature. Id\u00e9al pour ceux qui recherchent des souvenirs de qualit\u00e9 c\u00e9l\u00e9brant la beaut\u00e9 et la singularit\u00e9 de la r\u00e9gion, cet aimant est une excellente option pour les boutiques de cadeaux touristiques souhaitant offrir des produits repr\u00e9sentatifs de l&rsquo;Espagne la plus color\u00e9e.<\/p>\n<p>Chez Ol\u00e9 Mosaic, nous nous sp\u00e9cialisons dans la distribution de souvenirs en gros, garantissant l&rsquo;authenticit\u00e9 et le design de chaque pi\u00e8ce. Cet aimant n&#8217;embellira pas seulement n&rsquo;importe quelle surface m\u00e9tallique, mais servira \u00e9galement de rappel chaleureux des moments v\u00e9cus \u00e0 Moj\u00e1car.<\/p>\n","protected":false},"excerpt":{"rendered":"<p>Aimant de 7,5 cm reproduisant, avec un style mosa\u00efque, une image color\u00e9e de deux salamandres parmi des fleurs, inspir\u00e9e par le paysage vibrant de Moj\u00e1car. Le design se distingue par l&rsquo;utilisation de couleurs vives comme le rouge, le vert et le bleu, entour\u00e9es de fleurs aux tons vari\u00e9s. Dans la partie inf\u00e9rieure, le nom \u00ab\u00a0Moj\u00e1car\u00a0\u00bb appara\u00eet en grandes lettres multicolores, capturant l&rsquo;essence joyeuse de cette localit\u00e9 andalouse. Parfait pour se souvenir de vos voyages ou comme cadeau distinctif.<\/p>\n","protected":false},"featured_media":14052,"template":"","meta":{"_acf_changed":false},"product_brand":[],"product_cat":[697],"product_tag":[530],"class_list":{"0":"post-36013","1":"product","2":"type-product","3":"status-publish","4":"has-post-thumbnail","6":"product_cat-aimants","7":"product_tag-animaux","8":"pa_ciudad-mojacar","9":"pa_motivo-salamandres","10":"pa_pais-espana","12":"first","13":"instock","14":"shipping-taxable","15":"product-type-simple"},"acf":[],"_links":{"self":[{"href":"https:\/\/olemosaic.com\/fr\/wp-json\/wp\/v2\/product\/36013","targetHints":{"allow":["GET"]}}],"collection":[{"href":"https:\/\/olemosaic.com\/fr\/wp-json\/wp\/v2\/product"}],"about":[{"href":"https:\/\/olemosaic.com\/fr\/wp-json\/wp\/v2\/types\/product"}],"wp:featuredmedia":[{"embeddable":true,"href":"https:\/\/olemosaic.com\/fr\/wp-json\/wp\/v2\/media\/14052"}],"wp:attachment":[{"href":"https:\/\/olemosaic.com\/fr\/wp-json\/wp\/v2\/media?parent=36013"}],"wp:term":[{"taxonomy":"product_brand","embeddable":true,"href":"https:\/\/olemosaic.com\/fr\/wp-json\/wp\/v2\/product_brand?post=36013"},{"taxonomy":"product_cat","embeddable":true,"href":"https:\/\/olemosaic.com\/fr\/wp-json\/wp\/v2\/product_cat?post=36013"},{"taxonomy":"product_tag","embeddable":true,"href":"https:\/\/olemosaic.com\/fr\/wp-json\/wp\/v2\/product_tag?post=36013"}],"curies":[{"name":"wp","href":"https:\/\/api.w.org\/{rel}","templated":true}]}}