{"id":36012,"date":"2025-02-20T23:37:59","date_gmt":"2025-02-20T22:37:59","guid":{"rendered":"http:\/\/olemosaic.com\/producto\/iman-de-resina-panoramica-valencia-75-cm\/"},"modified":"2025-07-25T20:03:54","modified_gmt":"2025-07-25T18:03:54","slug":"aimant-en-resine-panoramique-valence-7-5-cm","status":"publish","type":"product","link":"https:\/\/olemosaic.com\/fr\/produit\/aimant-en-resine-panoramique-valence-7-5-cm\/","title":{"rendered":"Aimant en r\u00e9sine. Panoramique. Valence. 7,5 cm."},"content":{"rendered":"<p>Cet aimant en r\u00e9sine de 7,5 cm est un souvenir vibrant de la ville de Valence, capturant l&rsquo;essence de ses monuments embl\u00e9matiques \u00e0 travers un panorama impressionnant. Con\u00e7u avec la technique de la mosa\u00efque, cet aimant color\u00e9 pr\u00e9sente une repr\u00e9sentation artistique qui inclut le March\u00e9 Central, un joyau du modernisme valencien ; la futuriste Cit\u00e9 des Arts et des Sciences, symbole d&rsquo;innovation architecturale ; et la cath\u00e9drale historique de Valence, qui se distingue par son m\u00e9lange impressionnant de styles gothique et baroque. Le fond de l&rsquo;aimant utilise une palette de couleurs vives qui \u00e9voquent la lumi\u00e8re et le dynamisme de cette belle ville.<\/p>\n<p>Le texte \u00ab\u00a0Valencia\u00a0\u00bb ressort en grandes lettres frappantes, ce qui ajoute un attrait visuel suppl\u00e9mentaire et en fait le souvenir parfait pour ceux qui souhaitent se souvenir de leur visite dans cette m\u00e9tropole espagnole vibrante. Cet aimant n&rsquo;est pas seulement un accessoire d\u00e9coratif, mais sert \u00e9galement de symbole repr\u00e9sentatif du riche patrimoine culturel et architectural de Valence.<\/p>\n<p>Chez Ol\u00e9 Mosaic, nous nous sp\u00e9cialisons dans la distribution de souvenirs en gros, et cet aimant de Valence est un excellent choix pour les boutiques de cadeaux touristiques cherchant \u00e0 proposer des produits authentiques et color\u00e9s. Avec son design unique, cet aimant se positionne comme un souvenir id\u00e9al pour ceux qui souhaitent emporter un morceau de Valence chez eux.<\/p>\n","protected":false},"excerpt":{"rendered":"<p>Aimant de 7,5 cm capturant l&rsquo;essence de Valence avec un panorama \u00e9clatant de ses monuments. Cet aimant color\u00e9 pr\u00e9sente une repr\u00e9sentation artistique du March\u00e9 Central, de la Cit\u00e9 des Arts et des Sciences, et de la Cath\u00e9drale de Valence, le tout dans un style vibrant avec une technique de mosa\u00efque. Le mot \u00ab\u00a0Valencia\u00a0\u00bb se d\u00e9tache en grandes lettres frappantes, faisant de cet aimant le souvenir parfait du charme de la ville.<\/p>\n","protected":false},"featured_media":14051,"template":"","meta":{"_acf_changed":false},"product_brand":[],"product_cat":[697],"product_tag":[],"class_list":{"0":"post-36012","1":"product","2":"type-product","3":"status-publish","4":"has-post-thumbnail","6":"product_cat-aimants","7":"pa_ciudad-valencia","8":"pa_motivo-panoramas","9":"pa_pais-espana","11":"first","12":"instock","13":"shipping-taxable","14":"product-type-simple"},"acf":[],"_links":{"self":[{"href":"https:\/\/olemosaic.com\/fr\/wp-json\/wp\/v2\/product\/36012","targetHints":{"allow":["GET"]}}],"collection":[{"href":"https:\/\/olemosaic.com\/fr\/wp-json\/wp\/v2\/product"}],"about":[{"href":"https:\/\/olemosaic.com\/fr\/wp-json\/wp\/v2\/types\/product"}],"wp:featuredmedia":[{"embeddable":true,"href":"https:\/\/olemosaic.com\/fr\/wp-json\/wp\/v2\/media\/14051"}],"wp:attachment":[{"href":"https:\/\/olemosaic.com\/fr\/wp-json\/wp\/v2\/media?parent=36012"}],"wp:term":[{"taxonomy":"product_brand","embeddable":true,"href":"https:\/\/olemosaic.com\/fr\/wp-json\/wp\/v2\/product_brand?post=36012"},{"taxonomy":"product_cat","embeddable":true,"href":"https:\/\/olemosaic.com\/fr\/wp-json\/wp\/v2\/product_cat?post=36012"},{"taxonomy":"product_tag","embeddable":true,"href":"https:\/\/olemosaic.com\/fr\/wp-json\/wp\/v2\/product_tag?post=36012"}],"curies":[{"name":"wp","href":"https:\/\/api.w.org\/{rel}","templated":true}]}}