{"id":36011,"date":"2025-02-20T23:37:59","date_gmt":"2025-02-20T22:37:59","guid":{"rendered":"http:\/\/olemosaic.com\/producto\/iman-de-resina-panoramica-sevilla-75-cm\/"},"modified":"2025-07-25T18:58:26","modified_gmt":"2025-07-25T16:58:26","slug":"aimant-en-resine-panoramique-seville-7-5-cm","status":"publish","type":"product","link":"https:\/\/olemosaic.com\/fr\/produit\/aimant-en-resine-panoramique-seville-7-5-cm\/","title":{"rendered":"Aimant en r\u00e9sine. Panoramique. S\u00e9ville. 7,5 cm."},"content":{"rendered":"<p>Cet aimant en r\u00e9sine de 7,5 cm capture l&rsquo;essence vibrante de S\u00e9ville avec un panorama \u00e9blouissant qui invite \u00e0 l&rsquo;admiration. Son design color\u00e9 et d\u00e9taill\u00e9 pr\u00e9sente des ic\u00f4nes architecturales telles que la majestueuse Giralda et l&rsquo;imposante cath\u00e9drale, embl\u00e8mes du riche patrimoine culturel de la ville andalouse. L&rsquo;image est compl\u00e9t\u00e9e par des \u00e9l\u00e9ments culturels typiques, soulignant l&rsquo;identit\u00e9 unique de S\u00e9ville, o\u00f9 tradition et modernit\u00e9 s&rsquo;entrelacent. La palette de couleurs \u00e9clatantes et la texture en mosa\u00efque du fond apportent un attrait visuel exceptionnel, rehaussant la beaut\u00e9 de chaque monument repr\u00e9sent\u00e9. Cet aimant n&rsquo;est pas seulement un accessoire d\u00e9coratif, mais un souvenir repr\u00e9sentatif qui permet aux touristes d&#8217;emporter un morceau de la magie s\u00e9villane. Son authenticit\u00e9 en tant que souvenir en fait un choix id\u00e9al pour ceux qui recherchent un souvenir tangible de leur visite. Chez Ol\u00e9 Mosaic, en tant que distributeurs de souvenirs de S\u00e9ville en gros, nous proposons cet aimant comme une excellente option pour les boutiques de cadeaux touristiques souhaitant offrir des produits qui mettent en valeur la beaut\u00e9 et la culture espagnole.<\/p>\n","protected":false},"excerpt":{"rendered":"<p>Aimant de 7,5 cm capturant l&rsquo;essence de S\u00e9ville avec un panorama vibrant. Le design, color\u00e9 et d\u00e9taill\u00e9, montre des monuments embl\u00e9matiques tels que la Giralda et la cath\u00e9drale, ainsi que des \u00e9l\u00e9ments culturels typiques. La riche palette de couleurs, sur un fond de mosa\u00efque qui rehausse les \u00e9l\u00e9ments architecturaux, fait de cet aimant le souvenir parfait de la beaut\u00e9 et du charme de cette ville andalouse.<\/p>\n","protected":false},"featured_media":14050,"template":"","meta":{"_acf_changed":false},"product_brand":[],"product_cat":[697],"product_tag":[],"class_list":{"0":"post-36011","1":"product","2":"type-product","3":"status-publish","4":"has-post-thumbnail","6":"product_cat-aimants","7":"pa_ciudad-sevilla","8":"pa_motivo-panoramas","9":"pa_pais-espana","11":"first","12":"instock","13":"shipping-taxable","14":"product-type-simple"},"acf":[],"_links":{"self":[{"href":"https:\/\/olemosaic.com\/fr\/wp-json\/wp\/v2\/product\/36011","targetHints":{"allow":["GET"]}}],"collection":[{"href":"https:\/\/olemosaic.com\/fr\/wp-json\/wp\/v2\/product"}],"about":[{"href":"https:\/\/olemosaic.com\/fr\/wp-json\/wp\/v2\/types\/product"}],"wp:featuredmedia":[{"embeddable":true,"href":"https:\/\/olemosaic.com\/fr\/wp-json\/wp\/v2\/media\/14050"}],"wp:attachment":[{"href":"https:\/\/olemosaic.com\/fr\/wp-json\/wp\/v2\/media?parent=36011"}],"wp:term":[{"taxonomy":"product_brand","embeddable":true,"href":"https:\/\/olemosaic.com\/fr\/wp-json\/wp\/v2\/product_brand?post=36011"},{"taxonomy":"product_cat","embeddable":true,"href":"https:\/\/olemosaic.com\/fr\/wp-json\/wp\/v2\/product_cat?post=36011"},{"taxonomy":"product_tag","embeddable":true,"href":"https:\/\/olemosaic.com\/fr\/wp-json\/wp\/v2\/product_tag?post=36011"}],"curies":[{"name":"wp","href":"https:\/\/api.w.org\/{rel}","templated":true}]}}