{"id":35981,"date":"2025-02-20T23:37:57","date_gmt":"2025-02-20T22:37:57","guid":{"rendered":"http:\/\/olemosaic.com\/producto\/iman-de-resina-panoramica-madrid-75-cm\/"},"modified":"2025-07-26T00:07:00","modified_gmt":"2025-07-25T22:07:00","slug":"aimant-resine-panoramique-madrid-7-5-cm","status":"publish","type":"product","link":"https:\/\/olemosaic.com\/fr\/produit\/aimant-resine-panoramique-madrid-7-5-cm\/","title":{"rendered":"Aimant en r\u00e9sine. Panoramique. Madrid. 7,5 cm."},"content":{"rendered":"<p>Cet aimant en r\u00e9sine, avec une vue panoramique color\u00e9e de Madrid, est un souvenir vibrant qui encapsule l&rsquo;essence de la capitale espagnole dans un design de 7,5 cm. Avec un style mosa\u00efque, cet aimant pr\u00e9sente une explosion de couleurs vives : bleus, rouges, jaunes et verts, qui mettent en valeur les images les plus embl\u00e9matiques de la ville, comme l&#8217;embl\u00e9matique fontaine de Cibeles. Chaque d\u00e9tail est m\u00e9ticuleusement repr\u00e9sent\u00e9, montrant la majest\u00e9 du monument et de son environnement, repr\u00e9sentatifs de la riche histoire et culture madril\u00e8ne.<\/p>\n<p>Id\u00e9al pour d\u00e9corer toute surface m\u00e9tallique, cet aimant n&rsquo;est pas seulement un ornement attrayant, mais aussi un rappel constant de l&rsquo;architecture et de l&rsquo;art de Madrid. En tant que souvenir, il est parfait pour les touristes qui cherchent \u00e0 emporter un morceau de la ville, et pour ceux qui souhaitent se souvenir des moments sp\u00e9ciaux v\u00e9cus dans ses rues. Cet aimant est plus qu&rsquo;un simple souvenir ; c&rsquo;est un symbole de la vitalit\u00e9 et du caract\u00e8re de Madrid.<\/p>\n<p>Chez Ol\u00e9 Mosaic, en tant que distributeurs de souvenirs en gros, nous proposons des produits authentiques qui c\u00e9l\u00e8brent la culture espagnole. Cet aimant de Madrid est une excellente option pour les boutiques de cadeaux touristiques, se distinguant par sa qualit\u00e9, son originalit\u00e9 et sa connexion culturelle. C&rsquo;est sans aucun doute un \u00e9l\u00e9ment essentiel pour ceux qui recherchent des souvenirs de Madrid.<\/p>\n","protected":false},"excerpt":{"rendered":"<p>Aimant avec une vue panoramique color\u00e9e de Madrid, capturant l&rsquo;essence de la ville dans un design vibrant de 7,5 cm. Cet aimant pr\u00e9sente des motifs iconiques, comme la fontaine de Cibeles, \u00e9labor\u00e9s dans un style mosa\u00efque qui met en valeur des teintes brillantes de bleu, rouge, jaune et vert. Id\u00e9al pour d\u00e9corer toute surface m\u00e9tallique, ce souvenir est parfait pour les amoureux de la capitale espagnole et de sa riche architecture.<\/p>\n","protected":false},"featured_media":14040,"template":"","meta":{"_acf_changed":false},"product_brand":[],"product_cat":[697],"product_tag":[],"class_list":{"0":"post-35981","1":"product","2":"type-product","3":"status-publish","4":"has-post-thumbnail","6":"product_cat-aimants","7":"pa_ciudad-madrid","8":"pa_motivo-panoramas","9":"pa_pais-espana","11":"first","12":"instock","13":"shipping-taxable","14":"product-type-simple"},"acf":[],"_links":{"self":[{"href":"https:\/\/olemosaic.com\/fr\/wp-json\/wp\/v2\/product\/35981","targetHints":{"allow":["GET"]}}],"collection":[{"href":"https:\/\/olemosaic.com\/fr\/wp-json\/wp\/v2\/product"}],"about":[{"href":"https:\/\/olemosaic.com\/fr\/wp-json\/wp\/v2\/types\/product"}],"wp:featuredmedia":[{"embeddable":true,"href":"https:\/\/olemosaic.com\/fr\/wp-json\/wp\/v2\/media\/14040"}],"wp:attachment":[{"href":"https:\/\/olemosaic.com\/fr\/wp-json\/wp\/v2\/media?parent=35981"}],"wp:term":[{"taxonomy":"product_brand","embeddable":true,"href":"https:\/\/olemosaic.com\/fr\/wp-json\/wp\/v2\/product_brand?post=35981"},{"taxonomy":"product_cat","embeddable":true,"href":"https:\/\/olemosaic.com\/fr\/wp-json\/wp\/v2\/product_cat?post=35981"},{"taxonomy":"product_tag","embeddable":true,"href":"https:\/\/olemosaic.com\/fr\/wp-json\/wp\/v2\/product_tag?post=35981"}],"curies":[{"name":"wp","href":"https:\/\/api.w.org\/{rel}","templated":true}]}}