{"id":35980,"date":"2025-02-20T23:37:57","date_gmt":"2025-02-20T22:37:57","guid":{"rendered":"http:\/\/olemosaic.com\/producto\/iman-de-resina-panoramica-bilbao-75-cm\/"},"modified":"2025-07-25T19:56:51","modified_gmt":"2025-07-25T17:56:51","slug":"aimant-resine-panoramique-bilbao-7-5-cm","status":"publish","type":"product","link":"https:\/\/olemosaic.com\/fr\/produit\/aimant-resine-panoramique-bilbao-7-5-cm\/","title":{"rendered":"Aimant en r\u00e9sine. Panoramique. Bilbao. 7,5 cm."},"content":{"rendered":"<p>Aimant en r\u00e9sine avec vue panoramique color\u00e9e de Bilbao. Cet attrayant aimant de 7,5 cm pr\u00e9sente une illustration vibrante qui capture l&rsquo;essence de Bilbao dans un design de mosa\u00efque stylis\u00e9, mettant en valeur les monuments les plus embl\u00e9matiques de la ville. Au centre, l&rsquo;iconique mus\u00e9e Guggenheim se dresse avec sa forme ondulante distinctive et sa fa\u00e7ade moderne, refl\u00e9tant l&rsquo;innovation architecturale de la ville. \u00c0 ses c\u00f4t\u00e9s, le c\u00e9l\u00e8bre pont suspendu, class\u00e9 au patrimoine mondial, relie les rives de la ria, t\u00e9moignant de la riche histoire de l&rsquo;ing\u00e9nierie de la r\u00e9gion. L&rsquo;architecture color\u00e9e de la vieille ville est incluse, de mani\u00e8re ind\u00e9niable, avec des d\u00e9tails qui \u00e9voquent le caract\u00e8re historique et culturel de la ville.<\/p>\n<p>Les tons brillants de bleu, jaune et rouge qui d\u00e9corent l&rsquo;aimant attirent non seulement le regard, mais \u00e9voquent \u00e9galement la vie vibrante des rues de Bilbao. Le texte \u00ab\u00a0BILBAO\u00a0\u00bb, en haut, rehausse ce design captivant, en faisant un authentique souvenir qui repr\u00e9sente la diversit\u00e9 culturelle et artistique de la r\u00e9gion basque. Cet aimant est une excellente option pour les touristes qui souhaitent emporter un morceau de Bilbao, devenant un souvenir repr\u00e9sentatif et charmant. Chez Ol\u00e9 Mosaic, nous nous sp\u00e9cialisons dans la distribution de souvenirs en gros, offrant des articles authentiques et de qualit\u00e9 qui soulignent la richesse du patrimoine culturel espagnol.<\/p>\n","protected":false},"excerpt":{"rendered":"<p>Aimant avec une vue panoramique color\u00e9e de Bilbao, de 7,5 cm. Cette pi\u00e8ce d\u00e9corative pr\u00e9sente une illustration vibrante de l&rsquo;iconique mus\u00e9e Guggenheim, du c\u00e9l\u00e8bre pont suspendu et de l&rsquo;architecture de la vieille ville, le tout dans un design de mosa\u00efque stylis\u00e9 qui se distingue par ses tons brillants de bleu, jaune et rouge. Le mot \u00ab\u00a0BILBAO\u00a0\u00bb couronne l&rsquo;image, compl\u00e9tant cette repr\u00e9sentation artistique et culturelle de la ville basque.<\/p>\n","protected":false},"featured_media":14039,"template":"","meta":{"_acf_changed":false},"product_brand":[],"product_cat":[697],"product_tag":[],"class_list":{"0":"post-35980","1":"product","2":"type-product","3":"status-publish","4":"has-post-thumbnail","6":"product_cat-aimants","7":"pa_ciudad-bilbao","8":"pa_motivo-panoramas","9":"pa_pais-espana","11":"first","12":"instock","13":"shipping-taxable","14":"product-type-simple"},"acf":[],"_links":{"self":[{"href":"https:\/\/olemosaic.com\/fr\/wp-json\/wp\/v2\/product\/35980","targetHints":{"allow":["GET"]}}],"collection":[{"href":"https:\/\/olemosaic.com\/fr\/wp-json\/wp\/v2\/product"}],"about":[{"href":"https:\/\/olemosaic.com\/fr\/wp-json\/wp\/v2\/types\/product"}],"wp:featuredmedia":[{"embeddable":true,"href":"https:\/\/olemosaic.com\/fr\/wp-json\/wp\/v2\/media\/14039"}],"wp:attachment":[{"href":"https:\/\/olemosaic.com\/fr\/wp-json\/wp\/v2\/media?parent=35980"}],"wp:term":[{"taxonomy":"product_brand","embeddable":true,"href":"https:\/\/olemosaic.com\/fr\/wp-json\/wp\/v2\/product_brand?post=35980"},{"taxonomy":"product_cat","embeddable":true,"href":"https:\/\/olemosaic.com\/fr\/wp-json\/wp\/v2\/product_cat?post=35980"},{"taxonomy":"product_tag","embeddable":true,"href":"https:\/\/olemosaic.com\/fr\/wp-json\/wp\/v2\/product_tag?post=35980"}],"curies":[{"name":"wp","href":"https:\/\/api.w.org\/{rel}","templated":true}]}}