{"id":35979,"date":"2025-02-20T23:37:57","date_gmt":"2025-02-20T22:37:57","guid":{"rendered":"http:\/\/olemosaic.com\/producto\/iman-de-resina-panoramica-barcelona-12\/"},"modified":"2025-07-25T18:51:51","modified_gmt":"2025-07-25T16:51:51","slug":"aimant-resine-panoramique-barcelone-12","status":"publish","type":"product","link":"https:\/\/olemosaic.com\/fr\/produit\/aimant-resine-panoramique-barcelone-12\/","title":{"rendered":"Aimant en r\u00e9sine. Panoramique. Motif floral. Barcelone."},"content":{"rendered":"<p>Aimant en r\u00e9sine panoramique de Barcelone. Cet aimant vibrant capture l&rsquo;essence de la capitale catalane \u00e0 travers une illustration color\u00e9e qui met en avant certains de ses monuments les plus embl\u00e9matiques, tels que l&rsquo;imposante Sagrada Familia et la moderne Casa Batll\u00f3. Le design est entour\u00e9 d&rsquo;un fond floral luxuriant, rempli de couleurs vives qui refl\u00e8tent la joie et la vitalit\u00e9 de la ville. Au premier plan, le mot \u00ab\u00a0Barcelona\u00a0\u00bb est pr\u00e9sent\u00e9 en grandes lettres all\u00e9goriques, avec une finition qui imite la technique du trencad\u00eds, caract\u00e9ristique du modernisme catalan, ce qui ajoute une touche d&rsquo;authenticit\u00e9 et de beaut\u00e9.<\/p>\n<p>Cet aimant en r\u00e9sine n&rsquo;est pas seulement un accessoire d\u00e9coratif, mais aussi un souvenir significatif qui \u00e9voquera le souvenir d&rsquo;une visite dans cette ville magique. Barcelone, connue pour sa riche architecture et sa culture vibrante, s&rsquo;invite chez vous avec ce souvenir \u00e9l\u00e9gant. De plus, c&rsquo;est un produit id\u00e9al pour les boutiques de cadeaux touristiques qui cherchent \u00e0 offrir \u00e0 leurs clients quelque chose de repr\u00e9sentatif et de qualit\u00e9.<\/p>\n<p>Chez Ol\u00e9 Mosaic, nous sommes des distributeurs de souvenirs en gros, garantissant des aimants authentiques de Barcelone qui capturent l&rsquo;essence culturelle de la ville. Cet aimant panoramique est une excellente option pour les touristes \u00e0 la recherche de souvenirs refl\u00e9tant leur exp\u00e9rience \u00e0 Barcelone, en faisant un souvenir inoubliable de leur visite dans cette ville fascinante.<\/p>\n","protected":false},"excerpt":{"rendered":"<p>Aimant avec une vue panoramique color\u00e9e de Barcelone qui capture l&rsquo;essence de la ville. Cet aimant pr\u00e9sente des monuments embl\u00e9matiques tels que la Sagrada Familia et la Casa Batll\u00f3, entour\u00e9s de fleurs vibrantes et d&rsquo;un fond color\u00e9. Le mot \u00ab\u00a0Barcelona\u00a0\u00bb est repr\u00e9sent\u00e9 en grandes lettres all\u00e9goriques, con\u00e7ues avec une finition imitant le trencad\u00eds, caract\u00e9ristique du modernisme catalan. Un accessoire id\u00e9al pour se souvenir de votre visite dans cette ville magique.<\/p>\n","protected":false},"featured_media":14038,"template":"","meta":{"_acf_changed":false},"product_brand":[],"product_cat":[697],"product_tag":[],"class_list":{"0":"post-35979","1":"product","2":"type-product","3":"status-publish","4":"has-post-thumbnail","6":"product_cat-aimants","7":"pa_ciudad-barcelona","8":"pa_motivo-panoramas","9":"pa_pais-espana","11":"first","12":"instock","13":"shipping-taxable","14":"product-type-simple"},"acf":[],"_links":{"self":[{"href":"https:\/\/olemosaic.com\/fr\/wp-json\/wp\/v2\/product\/35979","targetHints":{"allow":["GET"]}}],"collection":[{"href":"https:\/\/olemosaic.com\/fr\/wp-json\/wp\/v2\/product"}],"about":[{"href":"https:\/\/olemosaic.com\/fr\/wp-json\/wp\/v2\/types\/product"}],"wp:featuredmedia":[{"embeddable":true,"href":"https:\/\/olemosaic.com\/fr\/wp-json\/wp\/v2\/media\/14038"}],"wp:attachment":[{"href":"https:\/\/olemosaic.com\/fr\/wp-json\/wp\/v2\/media?parent=35979"}],"wp:term":[{"taxonomy":"product_brand","embeddable":true,"href":"https:\/\/olemosaic.com\/fr\/wp-json\/wp\/v2\/product_brand?post=35979"},{"taxonomy":"product_cat","embeddable":true,"href":"https:\/\/olemosaic.com\/fr\/wp-json\/wp\/v2\/product_cat?post=35979"},{"taxonomy":"product_tag","embeddable":true,"href":"https:\/\/olemosaic.com\/fr\/wp-json\/wp\/v2\/product_tag?post=35979"}],"curies":[{"name":"wp","href":"https:\/\/api.w.org\/{rel}","templated":true}]}}