{"id":35972,"date":"2025-02-20T23:37:56","date_gmt":"2025-02-20T22:37:56","guid":{"rendered":"http:\/\/olemosaic.com\/producto\/iman-de-resina-panoramica-barcelona-10\/"},"modified":"2025-07-25T18:59:28","modified_gmt":"2025-07-25T16:59:28","slug":"aimant-resine-panoramique-barcelone-10","status":"publish","type":"product","link":"https:\/\/olemosaic.com\/fr\/produit\/aimant-resine-panoramique-barcelone-10\/","title":{"rendered":"Aimant en r\u00e9sine. Panoramique. Architecture de Gaud\u00ed. Barcelone."},"content":{"rendered":"<p>Cet aimant en r\u00e9sine de Barcelone est un souvenir vibrant qui capture l&rsquo;essence de la cit\u00e9 comtale avec une vue panoramique color\u00e9e de ses monuments les plus embl\u00e9matiques. Con\u00e7u dans un style moderne et accrocheur, l&rsquo;aimant pr\u00e9sente la majestueuse Sagrada Familia, l&rsquo;iconique Parc G\u00fcell et d&rsquo;autres ic\u00f4nes architecturales qui \u00e9voquent la richesse culturelle et artistique de Barcelone. La repr\u00e9sentation de la Sagrada Familia, avec ses tours complexes aux tons orang\u00e9s, est compl\u00e9t\u00e9e par les mosa\u00efques color\u00e9es du Parc G\u00fcell, qui ajoutent une touche de joie et de dynamisme. Chaque d\u00e9tail est rendu avec une palette de couleurs vives qui ressort sous un soleil radieux, garantissant que ce souvenir devienne le centre d&rsquo;attention sur toute surface m\u00e9tallique.<\/p>\n<p>Avec le mot \u00ab\u00a0Barcelone\u00a0\u00bb mis en avant en lettres color\u00e9es, cet aimant n&rsquo;est pas seulement un article d\u00e9coratif, mais aussi un symbole des souvenirs v\u00e9cus dans l&rsquo;une des villes les plus vibrantes d&rsquo;Espagne. Id\u00e9al pour les touristes \u00e0 la recherche de souvenirs authentiques repr\u00e9sentant leurs voyages, cet aimant en r\u00e9sine est une excellente option pour les boutiques de cadeaux touristiques. Chez Ol\u00e9 Mosaic, en tant que grossistes de souvenirs, nous proposons des produits qui ne rappellent pas seulement un voyage, mais c\u00e9l\u00e8brent \u00e9galement le patrimoine et la culture de chaque destination.<\/p>\n","protected":false},"excerpt":{"rendered":"<p>Aimant avec une vue panoramique color\u00e9e de Barcelone, capturant l&rsquo;essence de ses monuments les plus embl\u00e9matiques. Cet aimant attrayant montre la Sagrada Familia, le Parc G\u00fcell et d&rsquo;autres ic\u00f4nes architecturales, tous con\u00e7us dans un style vibrant et moderne. Les couleurs vives ressortent sous un soleil radieux, tandis que le mot \u00ab\u00a0Barcelone\u00a0\u00bb s&rsquo;affiche en lettres frappantes, faisant de ce souvenir un rappel parfait de la Cit\u00e9 Comtale. Id\u00e9al pour orner toute surface m\u00e9tallique et se souvenir de la magie de Barcelone.<\/p>\n","protected":false},"featured_media":14036,"template":"","meta":{"_acf_changed":false},"product_brand":[],"product_cat":[697],"product_tag":[],"class_list":{"0":"post-35972","1":"product","2":"type-product","3":"status-publish","4":"has-post-thumbnail","6":"product_cat-aimants","7":"pa_ciudad-barcelona","8":"pa_motivo-panoramas","9":"pa_pais-espana","11":"first","12":"instock","13":"shipping-taxable","14":"product-type-simple"},"acf":[],"_links":{"self":[{"href":"https:\/\/olemosaic.com\/fr\/wp-json\/wp\/v2\/product\/35972","targetHints":{"allow":["GET"]}}],"collection":[{"href":"https:\/\/olemosaic.com\/fr\/wp-json\/wp\/v2\/product"}],"about":[{"href":"https:\/\/olemosaic.com\/fr\/wp-json\/wp\/v2\/types\/product"}],"wp:featuredmedia":[{"embeddable":true,"href":"https:\/\/olemosaic.com\/fr\/wp-json\/wp\/v2\/media\/14036"}],"wp:attachment":[{"href":"https:\/\/olemosaic.com\/fr\/wp-json\/wp\/v2\/media?parent=35972"}],"wp:term":[{"taxonomy":"product_brand","embeddable":true,"href":"https:\/\/olemosaic.com\/fr\/wp-json\/wp\/v2\/product_brand?post=35972"},{"taxonomy":"product_cat","embeddable":true,"href":"https:\/\/olemosaic.com\/fr\/wp-json\/wp\/v2\/product_cat?post=35972"},{"taxonomy":"product_tag","embeddable":true,"href":"https:\/\/olemosaic.com\/fr\/wp-json\/wp\/v2\/product_tag?post=35972"}],"curies":[{"name":"wp","href":"https:\/\/api.w.org\/{rel}","templated":true}]}}