{"id":35970,"date":"2025-02-20T23:37:56","date_gmt":"2025-02-20T22:37:56","guid":{"rendered":"http:\/\/olemosaic.com\/producto\/iman-de-resina-panoramica-mijas\/"},"modified":"2025-07-25T19:33:39","modified_gmt":"2025-07-25T17:33:39","slug":"aimant-resine-panoramique-mijas","status":"publish","type":"product","link":"https:\/\/olemosaic.com\/fr\/produit\/aimant-resine-panoramique-mijas\/","title":{"rendered":"Aimant en r\u00e9sine. Panoramique. Mijas."},"content":{"rendered":"<p>Cet aimant en r\u00e9sine offre une vue panoramique vibrante de Mijas, un village andalou de charme qui capture l&rsquo;essence de la M\u00e9diterran\u00e9e. Avec une attention particuli\u00e8re port\u00e9e aux d\u00e9tails, cette pi\u00e8ce illustrative pr\u00e9sente des motifs embl\u00e9matiques, tels que les c\u00e9l\u00e8bres ar\u00e8nes, l&rsquo;\u00e2ne par\u00e9 et l&rsquo;\u00e9glise locale, le tout encadr\u00e9 par un paysage montagneux qui souligne la beaut\u00e9 naturelle de la r\u00e9gion. La sc\u00e8ne est embellie par des \u00e9l\u00e9ments architecturaux color\u00e9s et un soleil radieux qui ajoute de la joie et de la chaleur au design. Le texte \u00ab Mijas \u00bb s&rsquo;affiche en couleurs vives, compl\u00e9tant les illustrations et faisant de cet aimant un souvenir joyeux et vibrant de la destination.<\/p>\n<p>Cet aimant n&rsquo;est pas seulement une d\u00e9coration fonctionnelle pour la maison, mais aussi un authentique souvenir qui repr\u00e9sente la riche culture andalouse. Son design capture l&rsquo;esprit de Mijas, ce qui en fait un excellent choix pour les touristes souhaitant emporter un morceau d&rsquo;Andalousie. Chez Ol\u00e9 Mosaic, nous nous sp\u00e9cialisons dans la distribution de souvenirs en gros, et cet aimant de Mijas est un ajout parfait pour les boutiques de cadeaux touristiques recherchant des produits de qualit\u00e9 ayant une signification culturelle. C&rsquo;est sans aucun doute une option id\u00e9ale pour ceux qui recherchent des souvenirs de Mijas ou d&rsquo;autres lieux charmants de la Costa del Sol.<\/p>\n","protected":false},"excerpt":{"rendered":"<p>Aimant avec une vue panoramique attrayante de Mijas, un pittoresque village andalou. Cet aimant pr\u00e9sente des illustrations d\u00e9taill\u00e9es des ar\u00e8nes, d&rsquo;un \u00e2ne par\u00e9 et de l&rsquo;\u00e9glise, le tout entour\u00e9 d&rsquo;\u00e9l\u00e9ments architecturaux color\u00e9s et d&rsquo;un paysage montagneux. Avec un soleil radieux accompagnant le design, le texte \u00ab Mijas \u00bb s&rsquo;affiche en couleurs vives, ajoutant une touche joyeuse et vibrante. Id\u00e9al pour se souvenir de l&rsquo;essence de cette charmante destination de la Costa del Sol.<\/p>\n","protected":false},"featured_media":14034,"template":"","meta":{"_acf_changed":false},"product_brand":[],"product_cat":[697],"product_tag":[],"class_list":{"0":"post-35970","1":"product","2":"type-product","3":"status-publish","4":"has-post-thumbnail","6":"product_cat-aimants","7":"pa_ciudad-mijas","8":"pa_motivo-panoramas","9":"pa_pais-espana","11":"first","12":"instock","13":"shipping-taxable","14":"product-type-simple"},"acf":[],"_links":{"self":[{"href":"https:\/\/olemosaic.com\/fr\/wp-json\/wp\/v2\/product\/35970","targetHints":{"allow":["GET"]}}],"collection":[{"href":"https:\/\/olemosaic.com\/fr\/wp-json\/wp\/v2\/product"}],"about":[{"href":"https:\/\/olemosaic.com\/fr\/wp-json\/wp\/v2\/types\/product"}],"wp:featuredmedia":[{"embeddable":true,"href":"https:\/\/olemosaic.com\/fr\/wp-json\/wp\/v2\/media\/14034"}],"wp:attachment":[{"href":"https:\/\/olemosaic.com\/fr\/wp-json\/wp\/v2\/media?parent=35970"}],"wp:term":[{"taxonomy":"product_brand","embeddable":true,"href":"https:\/\/olemosaic.com\/fr\/wp-json\/wp\/v2\/product_brand?post=35970"},{"taxonomy":"product_cat","embeddable":true,"href":"https:\/\/olemosaic.com\/fr\/wp-json\/wp\/v2\/product_cat?post=35970"},{"taxonomy":"product_tag","embeddable":true,"href":"https:\/\/olemosaic.com\/fr\/wp-json\/wp\/v2\/product_tag?post=35970"}],"curies":[{"name":"wp","href":"https:\/\/api.w.org\/{rel}","templated":true}]}}