{"id":35948,"date":"2025-02-20T23:37:56","date_gmt":"2025-02-20T22:37:56","guid":{"rendered":"http:\/\/olemosaic.com\/producto\/iman-de-resina-letrero-barcelona-3\/"},"modified":"2025-07-25T20:13:32","modified_gmt":"2025-07-25T18:13:32","slug":"aimant-resine-enseigne-barcelone-lezard","status":"publish","type":"product","link":"https:\/\/olemosaic.com\/fr\/produit\/aimant-resine-enseigne-barcelone-lezard\/","title":{"rendered":"Aimant en r\u00e9sine. Enseigne. Barcelone. L\u00e9zard."},"content":{"rendered":"<p>Cet aimant en r\u00e9sine avec l&rsquo;enseigne \u00ab\u00a0Barcelone\u00a0\u00bb est un hommage vibrant \u00e0 l&rsquo;essence artistique de la cit\u00e9 comtale. Avec des dimensions compactes, ce souvenir attrayant pr\u00e9sente des lettres color\u00e9es qui \u00e9voquent le chef-d&rsquo;\u0153uvre du c\u00e9l\u00e8bre trencad\u00eds de Gaud\u00ed, connu pour son utilisation de pi\u00e8ces de c\u00e9ramique et de mosa\u00efques aux couleurs intenses et joyeuses. Le fond de l&rsquo;aimant imite cette technique, cr\u00e9ant une texture visuelle qui capte le regard et ajoute une sensation de dynamisme \u00e0 toute surface m\u00e9tallique. Chaque lettre brille avec des tonalit\u00e9s tropicales comme le bleu, le rose et le jaune, exactement ce qu&rsquo;il faut pour souligner l&rsquo;\u00e9nergie et la vitalit\u00e9 de Barcelone.<\/p>\n<p>Un charmant d\u00e9tail suppl\u00e9mentaire est le petit l\u00e9zard d\u00e9coratif qui accompagne l&rsquo;enseigne, un symbole de chance et d&rsquo;amiti\u00e9 dans la culture catalane, ainsi qu&rsquo;un clin d&rsquo;\u0153il \u00e0 la faune que l&rsquo;on peut observer aux alentours de la ville. Cet aimant n&rsquo;est pas seulement un souvenir fonctionnel, mais aussi une pi\u00e8ce d&rsquo;art qui permet aux visiteurs d&#8217;emporter avec eux un morceau de Barcelone chez eux. Id\u00e9al pour les touristes \u00e0 la recherche de souvenirs repr\u00e9sentatifs, cet aimant s&rsquo;impose comme une option parfaite pour les boutiques de cadeaux touristiques souhaitant proposer des produits authentiques et de qualit\u00e9. Chez Ol\u00e9 Mosaic, en tant que distributeur de souvenirs en gros, nous proposons cet aimant de Barcelone, garantissant que chaque pi\u00e8ce refl\u00e8te la richesse culturelle et artistique de la r\u00e9gion.<\/p>\n","protected":false},"excerpt":{"rendered":"<p>Aimant avec une enseigne voyante arborant le mot \u00ab\u00a0Barcelone\u00a0\u00bb en lettres color\u00e9es sur un fond imitant le c\u00e9l\u00e8bre trencad\u00eds de Gaud\u00ed. Cet aimant attrayant capture l&rsquo;essence de la ville avec une combinaison de tons vibrants et un design ludique incluant un petit l\u00e9zard d\u00e9coratif. Id\u00e9al pour emporter un morceau de Barcelone chez soi, cet aimant ajoute une touche artistique \u00e0 toute surface m\u00e9tallique.<\/p>\n","protected":false},"featured_media":14032,"template":"","meta":{"_acf_changed":false},"product_brand":[],"product_cat":[697],"product_tag":[],"class_list":{"0":"post-35948","1":"product","2":"type-product","3":"status-publish","4":"has-post-thumbnail","6":"product_cat-aimants","7":"pa_ciudad-barcelona","8":"pa_motivo-panneaux-villes","9":"pa_pais-espana","11":"first","12":"instock","13":"shipping-taxable","14":"product-type-simple"},"acf":[],"_links":{"self":[{"href":"https:\/\/olemosaic.com\/fr\/wp-json\/wp\/v2\/product\/35948","targetHints":{"allow":["GET"]}}],"collection":[{"href":"https:\/\/olemosaic.com\/fr\/wp-json\/wp\/v2\/product"}],"about":[{"href":"https:\/\/olemosaic.com\/fr\/wp-json\/wp\/v2\/types\/product"}],"wp:featuredmedia":[{"embeddable":true,"href":"https:\/\/olemosaic.com\/fr\/wp-json\/wp\/v2\/media\/14032"}],"wp:attachment":[{"href":"https:\/\/olemosaic.com\/fr\/wp-json\/wp\/v2\/media?parent=35948"}],"wp:term":[{"taxonomy":"product_brand","embeddable":true,"href":"https:\/\/olemosaic.com\/fr\/wp-json\/wp\/v2\/product_brand?post=35948"},{"taxonomy":"product_cat","embeddable":true,"href":"https:\/\/olemosaic.com\/fr\/wp-json\/wp\/v2\/product_cat?post=35948"},{"taxonomy":"product_tag","embeddable":true,"href":"https:\/\/olemosaic.com\/fr\/wp-json\/wp\/v2\/product_tag?post=35948"}],"curies":[{"name":"wp","href":"https:\/\/api.w.org\/{rel}","templated":true}]}}