{"id":35946,"date":"2025-02-20T23:37:55","date_gmt":"2025-02-20T22:37:55","guid":{"rendered":"http:\/\/olemosaic.com\/producto\/iman-de-resina-letrero-valencia-azul\/"},"modified":"2025-07-25T20:25:32","modified_gmt":"2025-07-25T18:25:32","slug":"aimant-resine-enseigne-valence-bleu","status":"publish","type":"product","link":"https:\/\/olemosaic.com\/fr\/produit\/aimant-resine-enseigne-valence-bleu\/","title":{"rendered":"Aimant en r\u00e9sine. Enseigne. Valence. Bleu."},"content":{"rendered":"<p>Cet aimant en r\u00e9sine, avec une enseigne vibrante repr\u00e9sentant la ville de Valence, est le souvenir id\u00e9al pour ceux qui souhaitent emporter un petit morceau de cette belle ville chez eux. La pi\u00e8ce met en avant le mot \u00ab\u00a0VALENCE\u00a0\u00bb avec une typographie moderne et color\u00e9e, dans des tons c\u00e9ramiques frappants qui \u00e9voquent la c\u00e9l\u00e8bre porcelaine de la r\u00e9gion. \u00c0 c\u00f4t\u00e9, une illustration d\u00e9taill\u00e9e du Miguelete, la tour embl\u00e9matique de la cath\u00e9drale de Valence, s&rsquo;\u00e9l\u00e8ve avec sa structure gothique caract\u00e9ristique, symbolisant l&rsquo;histoire et la culture de la ville. Le fond bleu, orn\u00e9 d&rsquo;un design de type mosa\u00efque, apporte une touche artistique et dynamique, rappelant l&rsquo;esth\u00e9tique vibrante du modernisme valencien et ses magnifiques places.<\/p>\n<p>Cet aimant, en plus d&rsquo;\u00eatre fonctionnel, devient un souvenir repr\u00e9sentatif de l&rsquo;essence valencienne. Son authenticit\u00e9 en tant que souvenir en fait un cadeau parfait pour tout touriste \u00e0 la recherche d&rsquo;un rappel visuel de sa visite. Chez Ol\u00e9 Mosaic, nous nous sp\u00e9cialisons dans la distribution de souvenirs authentiques en gros, et cet aimant est une excellente option pour les boutiques de cadeaux touristiques souhaitant proposer des produits uniques et culturels. En tant que grossistes en souvenirs, nous garantissons la qualit\u00e9 et un design attrayant qui c\u00e9l\u00e8bre le riche h\u00e9ritage de Valence.<\/p>\n","protected":false},"excerpt":{"rendered":"<p>Aimant avec une enseigne vibrante repr\u00e9sentant la ville de Valence. Ce produit affiche le mot \u00ab\u00a0VALENCE\u00a0\u00bb dans des couleurs vives et une typographie moderne, accompagn\u00e9 d&rsquo;une illustration de l&#8217;embl\u00e9matique Miguelete, la c\u00e9l\u00e8bre tour de la cath\u00e9drale de Valence. Le fond bleu avec un design en mosa\u00efque apporte une touche artistique qui \u00e9voque la riche culture de la ville. Id\u00e9al pour se souvenir d&rsquo;un voyage ou c\u00e9l\u00e9brer l&rsquo;essence de Valence dans n&rsquo;importe quel foyer.<\/p>\n","protected":false},"featured_media":14030,"template":"","meta":{"_acf_changed":false},"product_brand":[],"product_cat":[697],"product_tag":[],"class_list":{"0":"post-35946","1":"product","2":"type-product","3":"status-publish","4":"has-post-thumbnail","6":"product_cat-aimants","7":"pa_ciudad-valencia","8":"pa_motivo-panneaux-villes","9":"pa_pais-espana","11":"first","12":"instock","13":"shipping-taxable","14":"product-type-simple"},"acf":[],"_links":{"self":[{"href":"https:\/\/olemosaic.com\/fr\/wp-json\/wp\/v2\/product\/35946","targetHints":{"allow":["GET"]}}],"collection":[{"href":"https:\/\/olemosaic.com\/fr\/wp-json\/wp\/v2\/product"}],"about":[{"href":"https:\/\/olemosaic.com\/fr\/wp-json\/wp\/v2\/types\/product"}],"wp:featuredmedia":[{"embeddable":true,"href":"https:\/\/olemosaic.com\/fr\/wp-json\/wp\/v2\/media\/14030"}],"wp:attachment":[{"href":"https:\/\/olemosaic.com\/fr\/wp-json\/wp\/v2\/media?parent=35946"}],"wp:term":[{"taxonomy":"product_brand","embeddable":true,"href":"https:\/\/olemosaic.com\/fr\/wp-json\/wp\/v2\/product_brand?post=35946"},{"taxonomy":"product_cat","embeddable":true,"href":"https:\/\/olemosaic.com\/fr\/wp-json\/wp\/v2\/product_cat?post=35946"},{"taxonomy":"product_tag","embeddable":true,"href":"https:\/\/olemosaic.com\/fr\/wp-json\/wp\/v2\/product_tag?post=35946"}],"curies":[{"name":"wp","href":"https:\/\/api.w.org\/{rel}","templated":true}]}}