{"id":35945,"date":"2025-02-20T23:37:55","date_gmt":"2025-02-20T22:37:55","guid":{"rendered":"http:\/\/olemosaic.com\/producto\/iman-de-resina-letrero-gran-canaria-azul\/"},"modified":"2025-07-25T18:53:59","modified_gmt":"2025-07-25T16:53:59","slug":"aimant-resine-enseigne-grande-canarie-bleu","status":"publish","type":"product","link":"https:\/\/olemosaic.com\/fr\/produit\/aimant-resine-enseigne-grande-canarie-bleu\/","title":{"rendered":"Aimant en r\u00e9sine. Enseigne. Grande Canarie. Bleu."},"content":{"rendered":"<p>Aimant en r\u00e9sine \u00ab\u00a0Grande Canarie\u00a0\u00bb. Cet adorable aimant capture l&rsquo;essence vibrante de l&rsquo;\u00eele \u00e0 travers une enseigne color\u00e9e qui \u00e9voque la joie des Cara\u00efbes espagnoles. La base bleue de l&rsquo;aimant rappelle l&rsquo;oc\u00e9an qui entoure l&rsquo;\u00eele, offrant un fond parfait pour les lettres du nom \u00ab\u00a0Grande Canarie\u00a0\u00bb, qui brillent de tons vifs de rouge, vert, jaune et bleu, pr\u00e9sent\u00e9es dans un style mosa\u00efque qui ajoute une touche artistique et festive. De plus, un petit motif de l\u00e9zard, symbolisant la faune unique de la Grande Canarie, s&rsquo;int\u00e8gre avec \u00e9l\u00e9gance dans le design, apportant un d\u00e9tail charmant qui souligne la connexion avec la nature locale.<\/p>\n<p>Cet aimant n&rsquo;est pas seulement un souvenir parfait et abordable pour ceux qui visitent l&rsquo;\u00eele, mais c&rsquo;est aussi un excellent ajout d\u00e9coratif pour la maison, \u00e9voquant des souvenirs de vacances chaque fois qu&rsquo;on le voit sur le r\u00e9frig\u00e9rateur. L&rsquo;aimant \u00ab\u00a0Grande Canarie\u00a0\u00bb est un rappel authentique de la culture canarienne, id\u00e9al tant pour les touristes \u00e0 la recherche de souvenirs repr\u00e9sentatifs que pour les boutiques de cadeaux touristiques souhaitant proposer des produits c\u00e9l\u00e9brant la richesse culturelle de la r\u00e9gion.<\/p>\n<p>Chez Ol\u00e9 Mosaic, nous nous sp\u00e9cialisons dans la distribution de souvenirs en gros, garantissant la qualit\u00e9 et l&rsquo;authenticit\u00e9 de chaque pi\u00e8ce. Cet aimant est une option id\u00e9ale pour ceux qui recherchent des souvenirs de la Grande Canarie repr\u00e9sentant la joie et la diversit\u00e9 de l&rsquo;\u00eele, devenant un \u00e9l\u00e9ment indispensable pour les boutiques souhaitant captiver leurs clients avec des produits uniques et m\u00e9morables.<\/p>\n","protected":false},"excerpt":{"rendered":"<p>Aimant avec une enseigne voyante portant l&rsquo;inscription \u00ab\u00a0Grande Canarie\u00a0\u00bb. Cet aimant attrayant pr\u00e9sente une base bleue \u00e9voquant l&rsquo;oc\u00e9an, orn\u00e9e de lettres color\u00e9es de style mosa\u00efque qui ressortent avec des tons rouges, verts, jaunes et bleus. Un design singulier et joyeux qui inclut un petit motif de l\u00e9zard, faisant allusion \u00e0 la faune locale. Id\u00e9al comme souvenir ou pour d\u00e9corer la maison, il \u00e9voque l&rsquo;essence joyeuse de l&rsquo;\u00eele.<\/p>\n","protected":false},"featured_media":14029,"template":"","meta":{"_acf_changed":false},"product_brand":[],"product_cat":[697],"product_tag":[],"class_list":{"0":"post-35945","1":"product","2":"type-product","3":"status-publish","4":"has-post-thumbnail","6":"product_cat-aimants","7":"pa_ciudad-gran-canaria","8":"pa_motivo-panneaux-villes","9":"pa_pais-espana","11":"first","12":"instock","13":"shipping-taxable","14":"product-type-simple"},"acf":[],"_links":{"self":[{"href":"https:\/\/olemosaic.com\/fr\/wp-json\/wp\/v2\/product\/35945","targetHints":{"allow":["GET"]}}],"collection":[{"href":"https:\/\/olemosaic.com\/fr\/wp-json\/wp\/v2\/product"}],"about":[{"href":"https:\/\/olemosaic.com\/fr\/wp-json\/wp\/v2\/types\/product"}],"wp:featuredmedia":[{"embeddable":true,"href":"https:\/\/olemosaic.com\/fr\/wp-json\/wp\/v2\/media\/14029"}],"wp:attachment":[{"href":"https:\/\/olemosaic.com\/fr\/wp-json\/wp\/v2\/media?parent=35945"}],"wp:term":[{"taxonomy":"product_brand","embeddable":true,"href":"https:\/\/olemosaic.com\/fr\/wp-json\/wp\/v2\/product_brand?post=35945"},{"taxonomy":"product_cat","embeddable":true,"href":"https:\/\/olemosaic.com\/fr\/wp-json\/wp\/v2\/product_cat?post=35945"},{"taxonomy":"product_tag","embeddable":true,"href":"https:\/\/olemosaic.com\/fr\/wp-json\/wp\/v2\/product_tag?post=35945"}],"curies":[{"name":"wp","href":"https:\/\/api.w.org\/{rel}","templated":true}]}}