{"id":35944,"date":"2025-02-20T23:37:54","date_gmt":"2025-02-20T22:37:54","guid":{"rendered":"http:\/\/olemosaic.com\/producto\/iman-de-resina-letrero-valencia-azul-11-cm\/"},"modified":"2025-07-25T20:08:20","modified_gmt":"2025-07-25T18:08:20","slug":"aimant-resine-enseigne-valence-bleu-11-cm","status":"publish","type":"product","link":"https:\/\/olemosaic.com\/fr\/produit\/aimant-resine-enseigne-valence-bleu-11-cm\/","title":{"rendered":"Aimant en r\u00e9sine. Enseigne. Valence. Bleu. 11 cm."},"content":{"rendered":"<p>Aimant en r\u00e9sine \u00ab\u00a0VALENCE\u00a0\u00bb : un souvenir vibrant qui capture l&rsquo;essence de cette merveilleuse ville m\u00e9diterran\u00e9enne. Avec des dimensions de 11 cm de longueur, cet aimant pr\u00e9sente une enseigne color\u00e9e avec le mot \u00ab\u00a0VALENCE\u00a0\u00bb, orn\u00e9e de lettres aux tons joyeux tels que le vert, le rouge, le jaune et le rose. Ces teintes vibrantes ressortent sur un fond bleu, qui \u00e9voque les c\u00e9l\u00e8bres mosa\u00efques caract\u00e9risant l&rsquo;architecture et l&rsquo;art de la r\u00e9gion. Pour compl\u00e9ter le design, une illustration de l&rsquo;iconique clocher de la ville est incluse, un symbole qui souligne le riche h\u00e9ritage culturel valencien.<\/p>\n<p>Cet aimant en r\u00e9sine n&rsquo;est pas seulement un article de d\u00e9coration, mais aussi un excellent souvenir qui refl\u00e8te l&rsquo;authenticit\u00e9 et l&rsquo;attrait de Valence, id\u00e9al pour orner toute surface m\u00e9tallique \u00e0 la maison ou au bureau. Son design unique et color\u00e9 en fait un cadeau parfait pour les touristes \u00e0 la recherche d&rsquo;une pi\u00e8ce repr\u00e9sentative qui, de plus, \u00e9voque des souvenirs de leur visite dans cette ville vibrante.<\/p>\n<p>Chez Ol\u00e9 Mosaic, nous sommes sp\u00e9cialistes de la distribution de souvenirs en gros, et cet aimant de Valence est une option parfaite pour les boutiques de cadeaux touristiques souhaitant proposer des produits qui c\u00e9l\u00e8brent la culture et le patrimoine local, garantissant la satisfaction et l&rsquo;int\u00e9r\u00eat de leurs clients.<\/p>\n","protected":false},"excerpt":{"rendered":"<p>Aimant avec une enseigne vibrante portant l&rsquo;inscription \u00ab\u00a0VALENCE\u00a0\u00bb, id\u00e9al pour d\u00e9corer toute surface m\u00e9tallique. Ce produit, de 11 cm de longueur, pr\u00e9sente un design color\u00e9 avec des lettres combinant des tons agr\u00e9ables comme le vert, le rouge et le jaune, contrastant avec un fond bleu qui \u00e9voque les mosa\u00efques typiques de la r\u00e9gion. De plus, il inclut une illustration de l&rsquo;iconique Miguelete, le clocher de la ville, faisant de cet aimant le souvenir parfait de Valence.<\/p>\n","protected":false},"featured_media":14028,"template":"","meta":{"_acf_changed":false},"product_brand":[],"product_cat":[697],"product_tag":[],"class_list":{"0":"post-35944","1":"product","2":"type-product","3":"status-publish","4":"has-post-thumbnail","6":"product_cat-aimants","7":"pa_ciudad-valencia","8":"pa_motivo-panneaux-villes","9":"pa_pais-espana","11":"first","12":"instock","13":"shipping-taxable","14":"product-type-simple"},"acf":[],"_links":{"self":[{"href":"https:\/\/olemosaic.com\/fr\/wp-json\/wp\/v2\/product\/35944","targetHints":{"allow":["GET"]}}],"collection":[{"href":"https:\/\/olemosaic.com\/fr\/wp-json\/wp\/v2\/product"}],"about":[{"href":"https:\/\/olemosaic.com\/fr\/wp-json\/wp\/v2\/types\/product"}],"wp:featuredmedia":[{"embeddable":true,"href":"https:\/\/olemosaic.com\/fr\/wp-json\/wp\/v2\/media\/14028"}],"wp:attachment":[{"href":"https:\/\/olemosaic.com\/fr\/wp-json\/wp\/v2\/media?parent=35944"}],"wp:term":[{"taxonomy":"product_brand","embeddable":true,"href":"https:\/\/olemosaic.com\/fr\/wp-json\/wp\/v2\/product_brand?post=35944"},{"taxonomy":"product_cat","embeddable":true,"href":"https:\/\/olemosaic.com\/fr\/wp-json\/wp\/v2\/product_cat?post=35944"},{"taxonomy":"product_tag","embeddable":true,"href":"https:\/\/olemosaic.com\/fr\/wp-json\/wp\/v2\/product_tag?post=35944"}],"curies":[{"name":"wp","href":"https:\/\/api.w.org\/{rel}","templated":true}]}}