{"id":35943,"date":"2025-02-20T23:37:54","date_gmt":"2025-02-20T22:37:54","guid":{"rendered":"http:\/\/olemosaic.com\/producto\/iman-de-resina-letrero-tenerife-azul\/"},"modified":"2025-07-25T18:41:39","modified_gmt":"2025-07-25T16:41:39","slug":"aimant-resine-enseigne-tenerife-bleu","status":"publish","type":"product","link":"https:\/\/olemosaic.com\/fr\/produit\/aimant-resine-enseigne-tenerife-bleu\/","title":{"rendered":"Aimant en r\u00e9sine. Enseigne. Tenerife. Bleu."},"content":{"rendered":"<p>L&rsquo;aimant en r\u00e9sine \u00ab\u00a0Tenerife\u00a0\u00bb est un souvenir vibrant qui capture l&rsquo;essence de cette belle \u00eele des Canaries. Cet aimant reproduit une enseigne avec le nom \u00ab\u00a0Tenerife\u00a0\u00bb, dont les lettres sont con\u00e7ues dans un style mosa\u00efque color\u00e9 qui refl\u00e8te la riche culture et le caract\u00e8re artistique de l&rsquo;\u00eele. Le fond bleu, \u00e9voquant les profondeurs de l&rsquo;oc\u00e9an Atlantique qui baigne Tenerife, offre un contraste parfait, faisant ressortir davantage la vivacit\u00e9 des lettres. Chaque lettre, avec ses tons joyeux et ses formes cr\u00e9atives, symbolise la chaleur et la diversit\u00e9 de la vie sur l&rsquo;\u00eele.<\/p>\n<p>De plus, le d\u00e9tail d&rsquo;un l\u00e9zard peint dans un coin de l&rsquo;aimant ajoute une touche distinctive et authentique, rappelant la faune locale qui habite les terres canariennes. Cet aimant n&rsquo;est pas seulement un accessoire d\u00e9coratif, mais aussi une pi\u00e8ce culturelle qui \u00e9voque des souvenirs de plages ensoleill\u00e9es, de paysages montagneux et d&rsquo;un riche h\u00e9ritage culturel qui caract\u00e9rise Tenerife. Id\u00e9al pour les collectionneurs ou comme cadeau pour ceux qui souhaitent conserver un petit morceau de l&rsquo;\u00eele, cet aimant en r\u00e9sine est un excellent souvenir qui connecte les touristes \u00e0 leur exp\u00e9rience \u00e0 Tenerife. Chez Ol\u00e9 Mosaic, en tant que grossistes de souvenirs, nous sommes fiers d&rsquo;offrir des produits authentiques qui refl\u00e8tent la beaut\u00e9 du patrimoine espagnol et r\u00e9pondent aux demandes des boutiques de cadeaux touristiques.<\/p>\n","protected":false},"excerpt":{"rendered":"<p>Aimant avec une enseigne vibrante indiquant \u00ab\u00a0Tenerife\u00a0\u00bb, id\u00e9al pour se souvenir de votre visite sur cette magnifique \u00eele des Canaries. Le fond bleu \u00e9voque l&rsquo;oc\u00e9an, tandis que les lettres color\u00e9es, con\u00e7ues dans un style mosa\u00efque, refl\u00e8tent la richesse culturelle de Tenerife. Des d\u00e9tails d&rsquo;un l\u00e9zard peint ajoutent une touche distinctive, faisant de cet aimant une pi\u00e8ce d\u00e9corative qui souligne l&rsquo;essence de l&rsquo;\u00eele. Parfait pour les collectionneurs ou comme cadeau.<\/p>\n","protected":false},"featured_media":14027,"template":"","meta":{"_acf_changed":false},"product_brand":[],"product_cat":[697],"product_tag":[],"class_list":{"0":"post-35943","1":"product","2":"type-product","3":"status-publish","4":"has-post-thumbnail","6":"product_cat-aimants","7":"pa_ciudad-tenerife","8":"pa_motivo-panneaux-villes","9":"pa_pais-espana","11":"first","12":"instock","13":"shipping-taxable","14":"product-type-simple"},"acf":[],"_links":{"self":[{"href":"https:\/\/olemosaic.com\/fr\/wp-json\/wp\/v2\/product\/35943","targetHints":{"allow":["GET"]}}],"collection":[{"href":"https:\/\/olemosaic.com\/fr\/wp-json\/wp\/v2\/product"}],"about":[{"href":"https:\/\/olemosaic.com\/fr\/wp-json\/wp\/v2\/types\/product"}],"wp:featuredmedia":[{"embeddable":true,"href":"https:\/\/olemosaic.com\/fr\/wp-json\/wp\/v2\/media\/14027"}],"wp:attachment":[{"href":"https:\/\/olemosaic.com\/fr\/wp-json\/wp\/v2\/media?parent=35943"}],"wp:term":[{"taxonomy":"product_brand","embeddable":true,"href":"https:\/\/olemosaic.com\/fr\/wp-json\/wp\/v2\/product_brand?post=35943"},{"taxonomy":"product_cat","embeddable":true,"href":"https:\/\/olemosaic.com\/fr\/wp-json\/wp\/v2\/product_cat?post=35943"},{"taxonomy":"product_tag","embeddable":true,"href":"https:\/\/olemosaic.com\/fr\/wp-json\/wp\/v2\/product_tag?post=35943"}],"curies":[{"name":"wp","href":"https:\/\/api.w.org\/{rel}","templated":true}]}}