{"id":35942,"date":"2025-02-20T23:37:54","date_gmt":"2025-02-20T22:37:54","guid":{"rendered":"http:\/\/olemosaic.com\/producto\/iman-de-resina-letrero-sevilla-azul-11-cm\/"},"modified":"2025-07-25T20:17:53","modified_gmt":"2025-07-25T18:17:53","slug":"aimant-resine-enseigne-seville-bleu-11-cm","status":"publish","type":"product","link":"https:\/\/olemosaic.com\/fr\/produit\/aimant-resine-enseigne-seville-bleu-11-cm\/","title":{"rendered":"Aimant en r\u00e9sine. Enseigne. S\u00e9ville. Bleu. 11 cm."},"content":{"rendered":"<p>Cet aimant en r\u00e9sine avec l&rsquo;enseigne vibrante \u00ab\u00a0SEVILLA\u00a0\u00bb est un v\u00e9ritable joyau de l&rsquo;artisanat andalou, con\u00e7u pour apporter un petit morceau de cette charmante ville espagnole dans votre maison. Avec ses 11 cm, cet aimant se distingue par son design joyeux et color\u00e9, avec des lettres aux tons brillants sur un fond bleu simulant une mosa\u00efque traditionnelle. Cet effet visuel unique rehausse la beaut\u00e9 de l&rsquo;aimant et rend hommage au riche h\u00e9ritage culturel de S\u00e9ville, c\u00e9l\u00e8bre pour son art, son architecture et son histoire vibrante.<\/p>\n<p>Le motif de flamenco \u00e0 l&rsquo;extr\u00e9mit\u00e9 droite de l&rsquo;aimant est un clin d&rsquo;\u0153il \u00e0 la culture andalouse et \u00e0 sa tradition folklorique, symbolisant la passion et le rythme de cette r\u00e9gion. Ses couleurs vibrantes et son design ludique en font le souvenir parfait pour ajouter une touche s\u00e9villane \u00e0 votre r\u00e9frig\u00e9rateur ou \u00e0 toute surface m\u00e9tallique, vous rappelant toujours la beaut\u00e9 et le charme de cette ville.<\/p>\n<p>Chez Ol\u00e9 Mosaic, nous nous sp\u00e9cialisons dans l&rsquo;offre de souvenirs de qualit\u00e9 en gros, et cet aimant de S\u00e9ville est une excellente option pour les boutiques de cadeaux touristiques \u00e0 la recherche de produits authentiques et repr\u00e9sentatifs. Cet aimant en r\u00e9sine n&rsquo;est pas seulement un rappel visuel d&rsquo;une exp\u00e9rience inoubliable, mais aussi un symbole de la riche culture espagnole qui enchante les visiteurs du monde entier.<\/p>\n","protected":false},"excerpt":{"rendered":"<p>Aimant avec un panneau vibrant indiquant \u00ab\u00a0SEVILLA\u00a0\u00bb, d\u00e9cor\u00e9 de couleurs vives sur un fond bleu simulant une mosa\u00efque. Avec des dimensions de 11 cm, cet aimant se distingue par son design joyeux et color\u00e9, incluant un motif de flamenco sur le c\u00f4t\u00e9 droit, repr\u00e9sentant la culture andalouse. Parfait pour ajouter une touche s\u00e9villane \u00e0 votre r\u00e9frig\u00e9rateur ou \u00e0 toute surface m\u00e9tallique.<\/p>\n","protected":false},"featured_media":14026,"template":"","meta":{"_acf_changed":false},"product_brand":[],"product_cat":[697],"product_tag":[],"class_list":{"0":"post-35942","1":"product","2":"type-product","3":"status-publish","4":"has-post-thumbnail","6":"product_cat-aimants","7":"pa_ciudad-sevilla","8":"pa_motivo-panneaux-villes","9":"pa_pais-espana","11":"first","12":"instock","13":"shipping-taxable","14":"product-type-simple"},"acf":[],"_links":{"self":[{"href":"https:\/\/olemosaic.com\/fr\/wp-json\/wp\/v2\/product\/35942","targetHints":{"allow":["GET"]}}],"collection":[{"href":"https:\/\/olemosaic.com\/fr\/wp-json\/wp\/v2\/product"}],"about":[{"href":"https:\/\/olemosaic.com\/fr\/wp-json\/wp\/v2\/types\/product"}],"wp:featuredmedia":[{"embeddable":true,"href":"https:\/\/olemosaic.com\/fr\/wp-json\/wp\/v2\/media\/14026"}],"wp:attachment":[{"href":"https:\/\/olemosaic.com\/fr\/wp-json\/wp\/v2\/media?parent=35942"}],"wp:term":[{"taxonomy":"product_brand","embeddable":true,"href":"https:\/\/olemosaic.com\/fr\/wp-json\/wp\/v2\/product_brand?post=35942"},{"taxonomy":"product_cat","embeddable":true,"href":"https:\/\/olemosaic.com\/fr\/wp-json\/wp\/v2\/product_cat?post=35942"},{"taxonomy":"product_tag","embeddable":true,"href":"https:\/\/olemosaic.com\/fr\/wp-json\/wp\/v2\/product_tag?post=35942"}],"curies":[{"name":"wp","href":"https:\/\/api.w.org\/{rel}","templated":true}]}}