{"id":35913,"date":"2025-02-20T23:37:53","date_gmt":"2025-02-20T22:37:53","guid":{"rendered":"http:\/\/olemosaic.com\/producto\/iman-de-resina-salamandra-y-flores-gran-canaria\/"},"modified":"2025-07-25T18:43:16","modified_gmt":"2025-07-25T16:43:16","slug":"aimant-resine-salamandre-fleurs-grande-canarie","status":"publish","type":"product","link":"https:\/\/olemosaic.com\/fr\/produit\/aimant-resine-salamandre-fleurs-grande-canarie\/","title":{"rendered":"Aimant en r\u00e9sine. Salamandre et fleurs. Grande Canarie."},"content":{"rendered":"<p>Aimant en r\u00e9sine avec un design vibrant repr\u00e9sentant une salamandre et des fleurs, inspir\u00e9 par la biodiversit\u00e9 de la Grande Canarie. Cet aimant color\u00e9 se distingue par sa repr\u00e9sentation artistique de deux salamandres, l&rsquo;une dans des tons verts et l&rsquo;autre dans des tons rouges, entour\u00e9es d&rsquo;un cadre floral qui resplendit dans une vari\u00e9t\u00e9 de couleurs vives. Chaque fleur est m\u00e9ticuleusement d\u00e9taill\u00e9e, capturant l&rsquo;essence tropicale de l&rsquo;\u00eele, tandis que le texte \u00ab\u00a0GRAN CANARIA\u00a0\u00bb est pr\u00e9sent\u00e9 dans une typographie joyeuse, ajoutant une touche festive au design.<\/p>\n<p>Cet aimant en r\u00e9sine n&rsquo;est pas seulement un accessoire d\u00e9coratif id\u00e9al pour la maison, mais il devient \u00e9galement un authentique souvenir de la Grande Canarie, parfait pour ceux qui souhaitent emporter un morceau de la vibrante culture canarienne. La salamandre, symbole de la faune locale, repr\u00e9sente la richesse naturelle de la r\u00e9gion et est compl\u00e9t\u00e9e par la flore abondante qui orne l&rsquo;\u00eele, en faisant un objet plein de sens.<\/p>\n<p>Chez Ol\u00e9 Mosaic, nous sommes fiers d&rsquo;\u00eatre des distributeurs de souvenirs authentiques en gros, et cet aimant est une excellente option pour les boutiques de cadeaux touristiques. Nous proposons des produits qui c\u00e9l\u00e8brent la singularit\u00e9 et le charme de chaque r\u00e9gion, en faisant des souvenirs parfaits pour ceux qui visitent la Grande Canarie et cherchent \u00e0 emporter un morceau de sa beaut\u00e9 culturelle.<\/p>\n","protected":false},"excerpt":{"rendered":"<p>Aimant avec un design vibrant repr\u00e9sentant une salamandre et des fleurs, inspir\u00e9 par la biodiversit\u00e9 de la Grande Canarie. Cet aimant color\u00e9 montre deux salamandres dans des tons verts et rouges, entour\u00e9es d&rsquo;un cadre floral qui se distingue par ses couleurs et ses formes vives. Le texte \u00ab\u00a0GRAN CANARIA\u00a0\u00bb est pr\u00e9sent\u00e9 dans une typographie joyeuse, ce qui fait de cet aimant un souvenir id\u00e9al capturant l&rsquo;essence et le charme de l&rsquo;\u00eele.<\/p>\n","protected":false},"featured_media":14022,"template":"","meta":{"_acf_changed":false},"product_brand":[],"product_cat":[697],"product_tag":[530],"class_list":{"0":"post-35913","1":"product","2":"type-product","3":"status-publish","4":"has-post-thumbnail","6":"product_cat-aimants","7":"product_tag-animaux","8":"pa_ciudad-gran-canaria","9":"pa_motivo-salamandres","10":"pa_pais-espana","12":"first","13":"instock","14":"shipping-taxable","15":"product-type-simple"},"acf":[],"_links":{"self":[{"href":"https:\/\/olemosaic.com\/fr\/wp-json\/wp\/v2\/product\/35913","targetHints":{"allow":["GET"]}}],"collection":[{"href":"https:\/\/olemosaic.com\/fr\/wp-json\/wp\/v2\/product"}],"about":[{"href":"https:\/\/olemosaic.com\/fr\/wp-json\/wp\/v2\/types\/product"}],"wp:featuredmedia":[{"embeddable":true,"href":"https:\/\/olemosaic.com\/fr\/wp-json\/wp\/v2\/media\/14022"}],"wp:attachment":[{"href":"https:\/\/olemosaic.com\/fr\/wp-json\/wp\/v2\/media?parent=35913"}],"wp:term":[{"taxonomy":"product_brand","embeddable":true,"href":"https:\/\/olemosaic.com\/fr\/wp-json\/wp\/v2\/product_brand?post=35913"},{"taxonomy":"product_cat","embeddable":true,"href":"https:\/\/olemosaic.com\/fr\/wp-json\/wp\/v2\/product_cat?post=35913"},{"taxonomy":"product_tag","embeddable":true,"href":"https:\/\/olemosaic.com\/fr\/wp-json\/wp\/v2\/product_tag?post=35913"}],"curies":[{"name":"wp","href":"https:\/\/api.w.org\/{rel}","templated":true}]}}