{"id":35911,"date":"2025-02-20T23:37:53","date_gmt":"2025-02-20T22:37:53","guid":{"rendered":"http:\/\/olemosaic.com\/producto\/iman-de-resina-toro-marbella-75-cm\/"},"modified":"2025-07-25T18:37:30","modified_gmt":"2025-07-25T16:37:30","slug":"aimant-resine-taureau-marbella-7-5-cm","status":"publish","type":"product","link":"https:\/\/olemosaic.com\/fr\/produit\/aimant-resine-taureau-marbella-7-5-cm\/","title":{"rendered":"Aimant en r\u00e9sine. Taureau. Marbella. 7,5 cm."},"content":{"rendered":"<p>Cet aimant en r\u00e9sine, avec un design vibrant de deux taureaux, est une repr\u00e9sentation tangible de la riche culture de Marbella. Avec des dimensions de 7,5 cm, ce souvenir encapsule l&rsquo;essence du flamenco et de la tradition espagnole \u00e0 travers son art exclusif en mosa\u00efque, qui utilise une palette de couleurs \u00e9clatantes dans des tons bleus, rouges et verts. Les taureaux, symboles embl\u00e9matiques de la culture andalouse, sont con\u00e7us avec un style moderne qui les fait ressortir. Les deux taureaux affichent des expressions vives et dynamiques, capturant l&rsquo;\u00e9nergie du folklore espagnol.<\/p>\n<p>Le mot \u00ab\u00a0Marbella\u00a0\u00bb appara\u00eet sur la partie sup\u00e9rieure de l&rsquo;aimant, en lettres color\u00e9es qui soulignent le lien avec cette ville embl\u00e9matique d&rsquo;Andalousie, connue pour sa beaut\u00e9 et sa richesse culturelle. Cet aimant n&rsquo;est pas seulement un objet d\u00e9coratif, mais un excellent souvenir qui offre aux touristes une pi\u00e8ce authentique de la tradition espagnole \u00e0 ramener chez soi. Id\u00e9al comme souvenir de voyage ou comme cadeau, cet aimant est le reflet du type de souvenirs que l&rsquo;on peut trouver dans les boutiques de cadeaux touristiques.<\/p>\n<p>Chez Ol\u00e9 Mosaic, nous nous sp\u00e9cialisons dans la distribution en gros de souvenirs, et cet aimant de Marbella est un ajout parfait \u00e0 toute collection d&rsquo;articles repr\u00e9sentatifs. Avec son design attrayant et sa signification culturelle, il devient une option id\u00e9ale pour toute boutique cherchant \u00e0 proposer des produits authentiques d&rsquo;Espagne.<\/p>\n","protected":false},"excerpt":{"rendered":"<p>Aimant avec un design vibrant de deux taureaux, symbole de la riche culture de Marbella. Cet aimant de 7,5 cm est orn\u00e9 d&rsquo;une mosa\u00efque au design exclusif, dans une palette de couleurs \u00e9clatantes comprenant des bleus, des rouges et des verts. Le mot \u00ab\u00a0Marbella\u00a0\u00bb appara\u00eet en haut avec des lettres color\u00e9es, soulignant son lien avec cette ville embl\u00e9matique d&rsquo;Andalousie. Un souvenir parfait pour se rappeler l&rsquo;essence du flamenco et de la tradition espagnole.<\/p>\n","protected":false},"featured_media":14020,"template":"","meta":{"_acf_changed":false},"product_brand":[],"product_cat":[697],"product_tag":[530],"class_list":{"0":"post-35911","1":"product","2":"type-product","3":"status-publish","4":"has-post-thumbnail","6":"product_cat-aimants","7":"product_tag-animaux","8":"pa_ciudad-marbella","9":"pa_motivo-taureaux","10":"pa_pais-espana","12":"first","13":"instock","14":"shipping-taxable","15":"product-type-simple"},"acf":[],"_links":{"self":[{"href":"https:\/\/olemosaic.com\/fr\/wp-json\/wp\/v2\/product\/35911","targetHints":{"allow":["GET"]}}],"collection":[{"href":"https:\/\/olemosaic.com\/fr\/wp-json\/wp\/v2\/product"}],"about":[{"href":"https:\/\/olemosaic.com\/fr\/wp-json\/wp\/v2\/types\/product"}],"wp:featuredmedia":[{"embeddable":true,"href":"https:\/\/olemosaic.com\/fr\/wp-json\/wp\/v2\/media\/14020"}],"wp:attachment":[{"href":"https:\/\/olemosaic.com\/fr\/wp-json\/wp\/v2\/media?parent=35911"}],"wp:term":[{"taxonomy":"product_brand","embeddable":true,"href":"https:\/\/olemosaic.com\/fr\/wp-json\/wp\/v2\/product_brand?post=35911"},{"taxonomy":"product_cat","embeddable":true,"href":"https:\/\/olemosaic.com\/fr\/wp-json\/wp\/v2\/product_cat?post=35911"},{"taxonomy":"product_tag","embeddable":true,"href":"https:\/\/olemosaic.com\/fr\/wp-json\/wp\/v2\/product_tag?post=35911"}],"curies":[{"name":"wp","href":"https:\/\/api.w.org\/{rel}","templated":true}]}}