{"id":35910,"date":"2025-02-20T23:37:53","date_gmt":"2025-02-20T22:37:53","guid":{"rendered":"http:\/\/olemosaic.com\/producto\/iman-de-resina-letrero-lanzarote-azul\/"},"modified":"2025-07-25T20:36:52","modified_gmt":"2025-07-25T18:36:52","slug":"aimant-resine-panneau-lanzarote-bleu","status":"publish","type":"product","link":"https:\/\/olemosaic.com\/fr\/produit\/aimant-resine-panneau-lanzarote-bleu\/","title":{"rendered":"Aimant en r\u00e9sine. Panneau. Lanzarote. Bleu."},"content":{"rendered":"<p>Cet aimant en r\u00e9sine \u00ab\u00a0LANZAROTE\u00a0\u00bb est une repr\u00e9sentation vibrante de la culture de cette \u00eele embl\u00e9matique des Canaries. Avec un panneau color\u00e9 mettant en avant son nom en grandes lettres joyeuses, le design pr\u00e9sente un fond bleu rappelant l&rsquo;oc\u00e9an qui baigne Lanzarote, compl\u00e9t\u00e9 par des motifs \u00e9voquant le c\u00e9l\u00e8bre art de la mosa\u00efque, caract\u00e9ristique de l&rsquo;architecture locale. Les couleurs vives comme le rouge, le jaune et le vert captent non seulement l&rsquo;attention, mais symbolisent \u00e9galement l&rsquo;exub\u00e9rance de la flore et de la faune de l&rsquo;\u00eele.<\/p>\n<p>Les \u00e9l\u00e9ments d\u00e9coratifs sur les c\u00f4t\u00e9s, tels que des feuilles stylis\u00e9es et des motifs organiques, ajoutent une touche artistique et naturelle, faisant de cet aimant un charmant souvenir de Lanzarote qui sert non seulement \u00e0 d\u00e9corer, mais aussi \u00e0 se rem\u00e9morer les moments v\u00e9cus sur cette \u00eele paradisiaque. Ce produit devient un excellent souvenir que les touristes peuvent emporter avec eux, que ce soit pour embellir leur r\u00e9frig\u00e9rateur ou toute surface m\u00e9tallique, se rappelant toujours leur visite \u00e0 Lanzarote.<\/p>\n<p>Chez Ol\u00e9 Mosaic, nous sommes fiers de proposer des souvenirs authentiques qui repr\u00e9sentent la riche culture espagnole, et cet aimant est une pi\u00e8ce parfaite pour les boutiques de cadeaux touristiques \u00e0 la recherche d&rsquo;articles de qualit\u00e9. En tant que distributeurs de souvenirs en r\u00e9sine, nous garantissons l&rsquo;authenticit\u00e9 et le design attrayant qui s\u00e9duiront les visiteurs \u00e0 la recherche de souvenirs repr\u00e9sentatifs de leur voyage.<\/p>\n","protected":false},"excerpt":{"rendered":"<p>Aimant avec un panneau color\u00e9 indiquant \u00ab\u00a0LANZAROTE\u00a0\u00bb, inspir\u00e9 par la culture vibrante de cette \u00eele des Canaries. Le design pr\u00e9sente une base bleue d\u00e9cor\u00e9e de motifs \u00e9voquant le c\u00e9l\u00e8bre art de la mosa\u00efque, mettant en valeur des couleurs vives comme le rouge, le jaune et le vert. Des \u00e9l\u00e9ments distinctifs tels que des feuilles et des motifs organiques sur les c\u00f4t\u00e9s compl\u00e8tent la composition, faisant de cet aimant un souvenir attrayant de Lanzarote, id\u00e9al pour d\u00e9corer tout r\u00e9frig\u00e9rateur ou surface m\u00e9tallique.<\/p>\n","protected":false},"featured_media":14019,"template":"","meta":{"_acf_changed":false},"product_brand":[],"product_cat":[697],"product_tag":[],"class_list":{"0":"post-35910","1":"product","2":"type-product","3":"status-publish","4":"has-post-thumbnail","6":"product_cat-aimants","7":"pa_ciudad-lanzarote","8":"pa_motivo-panneaux-villes","9":"pa_pais-espana","11":"first","12":"instock","13":"shipping-taxable","14":"product-type-simple"},"acf":[],"_links":{"self":[{"href":"https:\/\/olemosaic.com\/fr\/wp-json\/wp\/v2\/product\/35910","targetHints":{"allow":["GET"]}}],"collection":[{"href":"https:\/\/olemosaic.com\/fr\/wp-json\/wp\/v2\/product"}],"about":[{"href":"https:\/\/olemosaic.com\/fr\/wp-json\/wp\/v2\/types\/product"}],"wp:featuredmedia":[{"embeddable":true,"href":"https:\/\/olemosaic.com\/fr\/wp-json\/wp\/v2\/media\/14019"}],"wp:attachment":[{"href":"https:\/\/olemosaic.com\/fr\/wp-json\/wp\/v2\/media?parent=35910"}],"wp:term":[{"taxonomy":"product_brand","embeddable":true,"href":"https:\/\/olemosaic.com\/fr\/wp-json\/wp\/v2\/product_brand?post=35910"},{"taxonomy":"product_cat","embeddable":true,"href":"https:\/\/olemosaic.com\/fr\/wp-json\/wp\/v2\/product_cat?post=35910"},{"taxonomy":"product_tag","embeddable":true,"href":"https:\/\/olemosaic.com\/fr\/wp-json\/wp\/v2\/product_tag?post=35910"}],"curies":[{"name":"wp","href":"https:\/\/api.w.org\/{rel}","templated":true}]}}