{"id":35909,"date":"2025-02-20T23:37:53","date_gmt":"2025-02-20T22:37:53","guid":{"rendered":"http:\/\/olemosaic.com\/producto\/iman-de-resina-letrero-lanzarote\/"},"modified":"2025-07-25T19:43:26","modified_gmt":"2025-07-25T17:43:26","slug":"aimant-resine-panneau-lanzarote","status":"publish","type":"product","link":"https:\/\/olemosaic.com\/fr\/produit\/aimant-resine-panneau-lanzarote\/","title":{"rendered":"Aimant en r\u00e9sine. Panneau. Lanzarote."},"content":{"rendered":"<p>Aimant en r\u00e9sine de Lanzarote<\/p>\n<p>Cet aimant en r\u00e9sine vibrant est un charmant souvenir de Lanzarote, l&rsquo;une des perles de l&rsquo;archipel des Canaries. Avec un panneau mettant en avant le mot \u00ab\u00a0Lanzarote\u00a0\u00bb en grandes lettres, le design regorge de couleurs \u00e9clatantes et de motifs \u00e9voquant le c\u00e9l\u00e8bre art de la mosa\u00efque locale. Les lettres, peintes dans des tons intenses comme le rouge, le bleu et le vert, captent non seulement l&rsquo;attention, mais refl\u00e8tent \u00e9galement la riche palette de couleurs que l&rsquo;on trouve dans la nature et l&rsquo;architecture de l&rsquo;\u00eele.<\/p>\n<p>Le fond de l&rsquo;aimant, avec des motifs de c\u00e9ramique typiques de Lanzarote, pr\u00e9sente un \u00e9l\u00e9gant design de carreaux gris, qui compl\u00e8te parfaitement les lettres vibrantes. Pour ajouter une touche ludique, l&rsquo;aimant comprend des graphismes de geckos, repr\u00e9sentatifs de la faune unique de l&rsquo;\u00eele, qui jouent un r\u00f4le important dans la culture et l&rsquo;\u00e9cosyst\u00e8me de Lanzarote. Cet aimant n&rsquo;est pas seulement un joyeux rappel du temps pass\u00e9 sur cette \u00eele magnifique, mais il repr\u00e9sente \u00e9galement l&rsquo;authenticit\u00e9 et le caract\u00e8re distinctif de Lanzarote en tant que destination touristique.<\/p>\n<p>Parfait pour ceux qui recherchent un souvenir authentique et significatif, cet aimant est un merveilleux cadeau qui capture l&rsquo;essence de Lanzarote et son riche h\u00e9ritage culturel. Chez Ol\u00e9 Mosaic, nous nous sp\u00e9cialisons dans la distribution de souvenirs en gros, offrant des aimants en r\u00e9sine qui se distinguent par leur qualit\u00e9 et leurs d\u00e9tails, id\u00e9aux pour les boutiques de cadeaux touristiques \u00e0 la recherche d&rsquo;articles repr\u00e9sentatifs des \u00eeles Canaries. Sans aucun doute, un aimant de Lanzarote est l&rsquo;option parfaite pour ramener un morceau de l&rsquo;\u00eele chez soi.<\/p>\n","protected":false},"excerpt":{"rendered":"<p>Aimant avec un panneau color\u00e9 repr\u00e9sentant Lanzarote, l&rsquo;une des magnifiques \u00eeles Canaries. Cet aimant original affiche le mot \u00ab\u00a0Lanzarote\u00a0\u00bb en grandes lettres vibrantes, d\u00e9cor\u00e9es de diff\u00e9rents tons et motifs, \u00e9voquant le c\u00e9l\u00e8bre art de la mosa\u00efque de l&rsquo;\u00eele. De plus, il int\u00e8gre des \u00e9l\u00e9ments graphiques tels que des geckos, qui ajoutent une touche de la faune locale. Id\u00e9al pour ramener un morceau de Lanzarote chez vous.<\/p>\n","protected":false},"featured_media":14018,"template":"","meta":{"_acf_changed":false},"product_brand":[],"product_cat":[697],"product_tag":[],"class_list":{"0":"post-35909","1":"product","2":"type-product","3":"status-publish","4":"has-post-thumbnail","6":"product_cat-aimants","7":"pa_ciudad-lanzarote","8":"pa_motivo-panneaux-villes","9":"pa_pais-espana","11":"first","12":"instock","13":"shipping-taxable","14":"product-type-simple"},"acf":[],"_links":{"self":[{"href":"https:\/\/olemosaic.com\/fr\/wp-json\/wp\/v2\/product\/35909","targetHints":{"allow":["GET"]}}],"collection":[{"href":"https:\/\/olemosaic.com\/fr\/wp-json\/wp\/v2\/product"}],"about":[{"href":"https:\/\/olemosaic.com\/fr\/wp-json\/wp\/v2\/types\/product"}],"wp:featuredmedia":[{"embeddable":true,"href":"https:\/\/olemosaic.com\/fr\/wp-json\/wp\/v2\/media\/14018"}],"wp:attachment":[{"href":"https:\/\/olemosaic.com\/fr\/wp-json\/wp\/v2\/media?parent=35909"}],"wp:term":[{"taxonomy":"product_brand","embeddable":true,"href":"https:\/\/olemosaic.com\/fr\/wp-json\/wp\/v2\/product_brand?post=35909"},{"taxonomy":"product_cat","embeddable":true,"href":"https:\/\/olemosaic.com\/fr\/wp-json\/wp\/v2\/product_cat?post=35909"},{"taxonomy":"product_tag","embeddable":true,"href":"https:\/\/olemosaic.com\/fr\/wp-json\/wp\/v2\/product_tag?post=35909"}],"curies":[{"name":"wp","href":"https:\/\/api.w.org\/{rel}","templated":true}]}}