{"id":35908,"date":"2025-02-20T23:37:52","date_gmt":"2025-02-20T22:37:52","guid":{"rendered":"http:\/\/olemosaic.com\/producto\/iman-de-resina-letrero-lanzarote-azul-11-cm\/"},"modified":"2025-07-25T19:22:51","modified_gmt":"2025-07-25T17:22:51","slug":"aimant-resine-enseigne-lanzarote-bleu-11-cm","status":"publish","type":"product","link":"https:\/\/olemosaic.com\/fr\/produit\/aimant-resine-enseigne-lanzarote-bleu-11-cm\/","title":{"rendered":"Aimant en r\u00e9sine. Enseigne. Lanzarote. Bleu. 11 cm."},"content":{"rendered":"<p>Aimant en r\u00e9sine \u00ab\u00a0Lanzarote\u00a0\u00bb<\/p>\n<p>Cet aimant en r\u00e9sine color\u00e9 est un souvenir exclusif de Lanzarote qui capture l&rsquo;essence vibrante de cette merveilleuse \u00eele des Canaries. D&rsquo;une longueur de 11 cm, il affiche le mot \u00ab\u00a0LANZAROTE\u00a0\u00bb en lettres joyeuses et lumineuses, \u00e9voquant la chaleur du soleil et l&rsquo;environnement tropical. Le fond bleu brillant, repr\u00e9sentant l&rsquo;oc\u00e9an qui entoure l&rsquo;\u00eele, contraste de mani\u00e8re spectaculaire avec les couleurs de l&rsquo;enseigne, rehaussant son design moderne et artistique.<\/p>\n<p>D\u00e9cor\u00e9 de motifs de mosa\u00efque qui lui donnent une touche actuelle et frappante, cet aimant n&rsquo;est pas seulement un \u00e9l\u00e9ment d\u00e9coratif, mais aussi un souvenir significatif \u00e9voquant les vues impressionnantes et la beaut\u00e9 naturelle de Lanzarote. Chaque lettre est finement travaill\u00e9e, ce qui t\u00e9moigne de la qualit\u00e9 et du d\u00e9tail de sa fabrication, en faisant un excellent cadeau pour ceux qui souhaitent emporter un petit morceau de la culture canarienne.<\/p>\n<p>En tant que repr\u00e9sentant de la richesse culturelle de Lanzarote, cet aimant est un choix parfait pour les touristes \u00e0 la recherche de souvenirs refl\u00e9tant leur exp\u00e9rience sur l&rsquo;\u00eele. Chez Ol\u00e9 Mosaic, nous nous sp\u00e9cialisons dans la distribution en gros de souvenirs de qualit\u00e9, et cet aimant en r\u00e9sine est un produit phare, id\u00e9al pour les boutiques de cadeaux touristiques souhaitant proposer des articles authentiques et repr\u00e9sentatifs. Un aimant qui non seulement embellit toute surface magn\u00e9tique, mais conserve \u00e9galement les souvenirs de la magique Lanzarote.<\/p>\n","protected":false},"excerpt":{"rendered":"<p>Aimant avec une enseigne color\u00e9e repr\u00e9sentant l&rsquo;\u00eele de Lanzarote, d&rsquo;une longueur de 11 cm. Cet aimant attrayant affiche le mot \u00ab\u00a0LANZAROTE\u00a0\u00bb en lettres vibrantes et joyeuses, sur un fond bleu \u00e9voquant l&rsquo;oc\u00e9an et la beaut\u00e9 du paysage canarien. D\u00e9cor\u00e9 de motifs de mosa\u00efque, son design se distingue par sa technique brillante et moderne, id\u00e9al pour se souvenir de la beaut\u00e9 de cette \u00eele tout en ornant votre r\u00e9frig\u00e9rateur ou toute surface m\u00e9tallique.<\/p>\n","protected":false},"featured_media":14017,"template":"","meta":{"_acf_changed":false},"product_brand":[],"product_cat":[697],"product_tag":[],"class_list":{"0":"post-35908","1":"product","2":"type-product","3":"status-publish","4":"has-post-thumbnail","6":"product_cat-aimants","7":"pa_ciudad-lanzarote","8":"pa_motivo-panneaux-villes","9":"pa_pais-espana","11":"first","12":"instock","13":"shipping-taxable","14":"product-type-simple"},"acf":[],"_links":{"self":[{"href":"https:\/\/olemosaic.com\/fr\/wp-json\/wp\/v2\/product\/35908","targetHints":{"allow":["GET"]}}],"collection":[{"href":"https:\/\/olemosaic.com\/fr\/wp-json\/wp\/v2\/product"}],"about":[{"href":"https:\/\/olemosaic.com\/fr\/wp-json\/wp\/v2\/types\/product"}],"wp:featuredmedia":[{"embeddable":true,"href":"https:\/\/olemosaic.com\/fr\/wp-json\/wp\/v2\/media\/14017"}],"wp:attachment":[{"href":"https:\/\/olemosaic.com\/fr\/wp-json\/wp\/v2\/media?parent=35908"}],"wp:term":[{"taxonomy":"product_brand","embeddable":true,"href":"https:\/\/olemosaic.com\/fr\/wp-json\/wp\/v2\/product_brand?post=35908"},{"taxonomy":"product_cat","embeddable":true,"href":"https:\/\/olemosaic.com\/fr\/wp-json\/wp\/v2\/product_cat?post=35908"},{"taxonomy":"product_tag","embeddable":true,"href":"https:\/\/olemosaic.com\/fr\/wp-json\/wp\/v2\/product_tag?post=35908"}],"curies":[{"name":"wp","href":"https:\/\/api.w.org\/{rel}","templated":true}]}}