{"id":35906,"date":"2025-02-20T23:37:52","date_gmt":"2025-02-20T22:37:52","guid":{"rendered":"http:\/\/olemosaic.com\/producto\/iman-de-resina-letrero-sevilla\/"},"modified":"2025-07-25T18:53:12","modified_gmt":"2025-07-25T16:53:12","slug":"aimant-resine-enseigne-seville","status":"publish","type":"product","link":"https:\/\/olemosaic.com\/fr\/produit\/aimant-resine-enseigne-seville\/","title":{"rendered":"Aimant en r\u00e9sine. Enseigne. S\u00e9ville."},"content":{"rendered":"<p>Cet aimant en r\u00e9sine avec l&rsquo;enseigne vibrante \u00ab\u00a0S\u00c9VILLE\u00a0\u00bb est le souvenir id\u00e9al pour ceux qui souhaitent emporter chez eux un petit morceau de la charmante capitale andalouse. Son design se distingue par de grandes lettres color\u00e9es qui capturent l&rsquo;essence du folklore s\u00e9villan, tandis qu&rsquo;une danseuse de flamenco, v\u00eatue d&rsquo;un magnifique costume rouge, \u00e9voque la passion et la joie de cette danse traditionnelle. Le fond de l&rsquo;aimant pr\u00e9sente un effet de mosa\u00efque dans des tons gris et multicolores, sugg\u00e9rant le riche h\u00e9ritage artistique de la ville, connue pour ses places, ses azulejos et son architecture embl\u00e9matique.<\/p>\n<p>Cet aimant attrayant n&rsquo;est pas seulement un \u00e9l\u00e9ment d\u00e9coratif, mais repr\u00e9sente \u00e9galement un lien culturel avec S\u00e9ville, un lieu vibrant d&rsquo;histoire, d&rsquo;art et de traditions. C&rsquo;est le souvenir parfait pour les touristes cherchant \u00e0 capturer l&rsquo;identit\u00e9 de la ville dans un objet pratique et accessible. En exposant cet aimant dans leur foyer, les voyageurs pourront se souvenir de leurs exp\u00e9riences \u00e0 S\u00e9ville de mani\u00e8re constante, transformant les moments de nostalgie en instants de joie.<\/p>\n<p>Chez Ol\u00e9 Mosaic, nous sommes distributeurs de souvenirs en gros et proposons des produits authentiques qui mettent en valeur la culture espagnole. Cet aimant de S\u00e9ville est une excellente option pour les boutiques de cadeaux touristiques souhaitant offrir des articles de qualit\u00e9, repr\u00e9sentatifs de l&rsquo;h\u00e9ritage culturel andalou. Avec son design tr\u00e8s sp\u00e9cial et son lien culturel, cet aimant devient un souvenir inoubliable et tr\u00e8s demand\u00e9.<\/p>\n","protected":false},"excerpt":{"rendered":"<p>Aimant avec une enseigne voyante mettant en valeur le mot \u00ab\u00a0S\u00c9VILLE\u00a0\u00bb. Ce design attrayant pr\u00e9sente de grandes lettres vibrantes dans une vari\u00e9t\u00e9 de couleurs, accompagn\u00e9es de l&rsquo;image d&rsquo;une danseuse de flamenco sur un fond simulant une mosa\u00efque dans des tons gris et multicolores. Parfait pour se souvenir de la culture et du folklore de S\u00e9ville, cet aimant est une option id\u00e9ale pour emporter un petit morceau de la ville andalouse chez soi.<\/p>\n","protected":false},"featured_media":14015,"template":"","meta":{"_acf_changed":false},"product_brand":[],"product_cat":[697],"product_tag":[],"class_list":{"0":"post-35906","1":"product","2":"type-product","3":"status-publish","4":"has-post-thumbnail","6":"product_cat-aimants","7":"pa_ciudad-sevilla","8":"pa_motivo-panneaux-villes","9":"pa_pais-espana","11":"first","12":"instock","13":"shipping-taxable","14":"product-type-simple"},"acf":[],"_links":{"self":[{"href":"https:\/\/olemosaic.com\/fr\/wp-json\/wp\/v2\/product\/35906","targetHints":{"allow":["GET"]}}],"collection":[{"href":"https:\/\/olemosaic.com\/fr\/wp-json\/wp\/v2\/product"}],"about":[{"href":"https:\/\/olemosaic.com\/fr\/wp-json\/wp\/v2\/types\/product"}],"wp:featuredmedia":[{"embeddable":true,"href":"https:\/\/olemosaic.com\/fr\/wp-json\/wp\/v2\/media\/14015"}],"wp:attachment":[{"href":"https:\/\/olemosaic.com\/fr\/wp-json\/wp\/v2\/media?parent=35906"}],"wp:term":[{"taxonomy":"product_brand","embeddable":true,"href":"https:\/\/olemosaic.com\/fr\/wp-json\/wp\/v2\/product_brand?post=35906"},{"taxonomy":"product_cat","embeddable":true,"href":"https:\/\/olemosaic.com\/fr\/wp-json\/wp\/v2\/product_cat?post=35906"},{"taxonomy":"product_tag","embeddable":true,"href":"https:\/\/olemosaic.com\/fr\/wp-json\/wp\/v2\/product_tag?post=35906"}],"curies":[{"name":"wp","href":"https:\/\/api.w.org\/{rel}","templated":true}]}}