{"id":35905,"date":"2025-02-20T23:37:52","date_gmt":"2025-02-20T22:37:52","guid":{"rendered":"http:\/\/olemosaic.com\/producto\/iman-de-resina-letrero-malaga-azul\/"},"modified":"2025-07-25T18:46:54","modified_gmt":"2025-07-25T16:46:54","slug":"aimant-resine-enseigne-malaga-bleu","status":"publish","type":"product","link":"https:\/\/olemosaic.com\/fr\/produit\/aimant-resine-enseigne-malaga-bleu\/","title":{"rendered":"Aimant en r\u00e9sine. Enseigne. Malaga. Bleu."},"content":{"rendered":"<p>Aimant en r\u00e9sine de Malaga<\/p>\n<p>Cet adorable aimant en r\u00e9sine, avec l&rsquo;enseigne color\u00e9e \u00ab MALAGA \u00bb en majuscules, est un souvenir incontournable pour ceux qui souhaitent emporter un morceau de l&rsquo;esprit vibrant de cette magnifique ville andalouse. Chaque lettre se distingue par un design color\u00e9 \u00e9voquant les azulejos traditionnels andalous, faisant de cet aimant une pi\u00e8ce authentique qui c\u00e9l\u00e8bre la richesse culturelle locale. Le fond bleu, rappelant les tons brillants de la M\u00e9diterran\u00e9e, compl\u00e8te parfaitement l&rsquo;exub\u00e9rance de l&rsquo;enseigne, capturant l&rsquo;essence des vagues et des cieux qui caract\u00e9risent la r\u00e9gion.<\/p>\n<p>De plus, cette pi\u00e8ce comprend une adorable figurine de danseuse de flamenco v\u00eatue de rouge, qui apporte une touche culturelle distinctive, symbolisant l&rsquo;art et la passion du flamenco qui r\u00e9sonnent dans chaque coin de Malaga. Cet aimant est non seulement fonctionnel, pouvant adh\u00e9rer \u00e0 n&rsquo;importe quelle surface m\u00e9tallique, mais il sert \u00e9galement de magnifique rappel de la beaut\u00e9 et du folklore de la ville, id\u00e9al pour d\u00e9corer les r\u00e9frig\u00e9rateurs ou les tableaux magn\u00e9tiques.<\/p>\n<p>Chez Ol\u00e9 Mosaic, nous sommes sp\u00e9cialis\u00e9s dans la distribution de souvenirs de Malaga et d&rsquo;autres produits repr\u00e9sentatifs de la culture espagnole en gros. Cet aimant en r\u00e9sine est une excellente option pour les boutiques de cadeaux touristiques cherchant \u00e0 proposer des articles authentiques et vibrants, parfaits pour que les touristes emportent un petit morceau de Malaga chez eux. Avec cet aimant, tradition et modernit\u00e9 fusionnent pour offrir un souvenir vraiment sp\u00e9cial.<\/p>\n","protected":false},"excerpt":{"rendered":"<p>Aimant avec une enseigne color\u00e9e mettant en valeur le mot \u00ab\u00a0MALAGA\u00a0\u00bb en majuscules, chaque lettre d\u00e9cor\u00e9e d&rsquo;un design vibrant rappelant les azulejos traditionnels. Le fond bleu \u00e9voque les couleurs de la M\u00e9diterran\u00e9e, tandis que la figurine d&rsquo;une danseuse de flamenco v\u00eatue de rouge ajoute une touche culturelle distinctive. Cet aimant est un souvenir id\u00e9al pour se souvenir de la beaut\u00e9 et du folklore de Malaga, parfait pour toute surface magn\u00e9tique.<\/p>\n","protected":false},"featured_media":14014,"template":"","meta":{"_acf_changed":false},"product_brand":[],"product_cat":[697],"product_tag":[],"class_list":{"0":"post-35905","1":"product","2":"type-product","3":"status-publish","4":"has-post-thumbnail","6":"product_cat-aimants","7":"pa_ciudad-malaga","8":"pa_motivo-panneaux-villes","9":"pa_pais-espana","11":"first","12":"instock","13":"shipping-taxable","14":"product-type-simple"},"acf":[],"_links":{"self":[{"href":"https:\/\/olemosaic.com\/fr\/wp-json\/wp\/v2\/product\/35905","targetHints":{"allow":["GET"]}}],"collection":[{"href":"https:\/\/olemosaic.com\/fr\/wp-json\/wp\/v2\/product"}],"about":[{"href":"https:\/\/olemosaic.com\/fr\/wp-json\/wp\/v2\/types\/product"}],"wp:featuredmedia":[{"embeddable":true,"href":"https:\/\/olemosaic.com\/fr\/wp-json\/wp\/v2\/media\/14014"}],"wp:attachment":[{"href":"https:\/\/olemosaic.com\/fr\/wp-json\/wp\/v2\/media?parent=35905"}],"wp:term":[{"taxonomy":"product_brand","embeddable":true,"href":"https:\/\/olemosaic.com\/fr\/wp-json\/wp\/v2\/product_brand?post=35905"},{"taxonomy":"product_cat","embeddable":true,"href":"https:\/\/olemosaic.com\/fr\/wp-json\/wp\/v2\/product_cat?post=35905"},{"taxonomy":"product_tag","embeddable":true,"href":"https:\/\/olemosaic.com\/fr\/wp-json\/wp\/v2\/product_tag?post=35905"}],"curies":[{"name":"wp","href":"https:\/\/api.w.org\/{rel}","templated":true}]}}