{"id":35904,"date":"2025-02-20T23:37:52","date_gmt":"2025-02-20T22:37:52","guid":{"rendered":"http:\/\/olemosaic.com\/producto\/iman-de-resina-letrero-fuerteventura\/"},"modified":"2025-07-25T19:30:35","modified_gmt":"2025-07-25T17:30:35","slug":"aimant-resine-enseigne-fuerteventura","status":"publish","type":"product","link":"https:\/\/olemosaic.com\/fr\/produit\/aimant-resine-enseigne-fuerteventura\/","title":{"rendered":"Aimant en r\u00e9sine. Enseigne. Fuerteventura."},"content":{"rendered":"<p>Aimant en r\u00e9sine avec l&rsquo;enseigne vibrante \u00ab\u00a0Fuerteventura\u00a0\u00bb. Ce souvenir attrayant capture l&rsquo;essence festive de la magnifique \u00eele des Canaries, mettant en valeur le mot \u00ab\u00a0Fuerteventura\u00a0\u00bb en lettres color\u00e9es qui brillent dans des tons de rouge, bleu, jaune, vert et rose. Le design est un hommage \u00e0 la joie et \u00e0 la splendeur de la culture locale, encadr\u00e9 par une mosa\u00efque combinant des tons gris et des couleurs vives, ce qui ajoute une touche contemporaine et artistique \u00e0 l&rsquo;aimant.<\/p>\n<p>Chaque lettre de l&rsquo;enseigne pr\u00e9sente un style distinctif, conf\u00e9rant \u00e0 l&rsquo;aimant un caract\u00e8re unique et amusant, parfait pour ceux qui recherchent un souvenir authentique repr\u00e9sentant leur visite dans ce paradis. La r\u00e9sine offre une durabilit\u00e9 exceptionnelle, garantissant que ce souvenir conserve sa beaut\u00e9 au fil du temps, que ce soit sur le r\u00e9frig\u00e9rateur de la maison ou dans le cadre d&rsquo;une collection de souvenirs de voyage.<\/p>\n<p>Cet aimant de Fuerteventura est un excellent choix pour les touristes souhaitant emporter un morceau des \u00eeles Canaries, symbolisant la chaleur et le charme de ses habitants. Chez Ol\u00e9 Mosaic, nous sommes sp\u00e9cialis\u00e9s dans la distribution de souvenirs en gros, proposant des produits authentiques qui refl\u00e8tent la culture et le patrimoine de l&rsquo;Espagne. Cet aimant est un article id\u00e9al pour les boutiques de cadeaux touristiques cherchant \u00e0 offrir des souvenirs de Fuerteventura m\u00e9morables et color\u00e9s.<\/p>\n","protected":false},"excerpt":{"rendered":"<p>Aimant avec une enseigne color\u00e9e mettant en valeur le mot \u00ab\u00a0Fuerteventura\u00a0\u00bb. Ce souvenir attrayant pr\u00e9sente un design vibrant dans des tons rouges, bleus, jaunes, verts et roses, capturant l&rsquo;essence festive de l&rsquo;\u00eele des Canaries. Entour\u00e9 d&rsquo;une mosa\u00efque de tons gris et de couleurs vives, c&rsquo;est un rappel \u00e9l\u00e9gant de la beaut\u00e9 de Fuerteventura, id\u00e9al pour d\u00e9corer n&rsquo;importe quel espace ou comme cadeau.<\/p>\n","protected":false},"featured_media":14013,"template":"","meta":{"_acf_changed":false},"product_brand":[],"product_cat":[697],"product_tag":[],"class_list":{"0":"post-35904","1":"product","2":"type-product","3":"status-publish","4":"has-post-thumbnail","6":"product_cat-aimants","7":"pa_ciudad-fuerteventura","8":"pa_motivo-panneaux-villes","9":"pa_pais-espana","11":"first","12":"instock","13":"shipping-taxable","14":"product-type-simple"},"acf":[],"_links":{"self":[{"href":"https:\/\/olemosaic.com\/fr\/wp-json\/wp\/v2\/product\/35904","targetHints":{"allow":["GET"]}}],"collection":[{"href":"https:\/\/olemosaic.com\/fr\/wp-json\/wp\/v2\/product"}],"about":[{"href":"https:\/\/olemosaic.com\/fr\/wp-json\/wp\/v2\/types\/product"}],"wp:featuredmedia":[{"embeddable":true,"href":"https:\/\/olemosaic.com\/fr\/wp-json\/wp\/v2\/media\/14013"}],"wp:attachment":[{"href":"https:\/\/olemosaic.com\/fr\/wp-json\/wp\/v2\/media?parent=35904"}],"wp:term":[{"taxonomy":"product_brand","embeddable":true,"href":"https:\/\/olemosaic.com\/fr\/wp-json\/wp\/v2\/product_brand?post=35904"},{"taxonomy":"product_cat","embeddable":true,"href":"https:\/\/olemosaic.com\/fr\/wp-json\/wp\/v2\/product_cat?post=35904"},{"taxonomy":"product_tag","embeddable":true,"href":"https:\/\/olemosaic.com\/fr\/wp-json\/wp\/v2\/product_tag?post=35904"}],"curies":[{"name":"wp","href":"https:\/\/api.w.org\/{rel}","templated":true}]}}