{"id":35883,"date":"2025-02-20T23:37:52","date_gmt":"2025-02-20T22:37:52","guid":{"rendered":"http:\/\/olemosaic.com\/producto\/iman-de-resina-letrero-pamplona-azul\/"},"modified":"2025-07-25T18:34:59","modified_gmt":"2025-07-25T16:34:59","slug":"aimant-resine-enseigne-pampelune-bleu","status":"publish","type":"product","link":"https:\/\/olemosaic.com\/fr\/produit\/aimant-resine-enseigne-pampelune-bleu\/","title":{"rendered":"Aimant en r\u00e9sine. Enseigne. Pampelune. Bleu."},"content":{"rendered":"<p>Aimant d\u00e9coratif de Pampelune, id\u00e9al pour emporter un souvenir vibrant de cette ville embl\u00e9matique. Cet aimant en r\u00e9sine pr\u00e9sente le mot \u00ab\u00a0PAMPLONA\u00a0\u00bb en grandes lettres frappantes, avec un design en mosa\u00efque mettant en valeur les couleurs vives bleu, rouge, jaune et vert. Chaque lettre, avec son style contemporain, capture l&rsquo;essence joyeuse de la culture navarraise. \u00c0 c\u00f4t\u00e9 de cette enseigne attrayante, un graphique charmant d&rsquo;un taureau color\u00e9 compl\u00e8te la composition, repr\u00e9sentant l&rsquo;un des symboles les plus iconiques de Pampelune et de son c\u00e9l\u00e8bre festival de San Ferm\u00edn.<\/p>\n<p>Cet aimant n&rsquo;est pas seulement un souvenir, mais une pi\u00e8ce authentique qui refl\u00e8te le folklore et les traditions de la r\u00e9gion. Parfait pour se rem\u00e9morer des moments v\u00e9cus dans les rues captivantes de Pampelune, o\u00f9 l&rsquo;histoire et la f\u00eate s&rsquo;entrem\u00ealent. De plus, son design artisanal en fait un article attrayant pour les touristes cherchant \u00e0 emporter un morceau du riche h\u00e9ritage culturel de la Navarre.<\/p>\n<p>Chez Ol\u00e9 Mosaic, nous nous sp\u00e9cialisons dans la distribution en gros de souvenirs authentiques comme cet aimant de Pampelune, offrant aux boutiques de cadeaux touristiques l&rsquo;opportunit\u00e9 de pr\u00e9senter des produits qui font r\u00e9ellement ressortir l&rsquo;identit\u00e9 locale. Cet aimant est une excellente option pour ceux qui souhaitent capturer l&rsquo;essence de Pampelune dans un souvenir significatif.<\/p>\n","protected":false},"excerpt":{"rendered":"<p>Aimant avec une enseigne color\u00e9e mettant en avant la ville de Pampelune. Ce souvenir attrayant pr\u00e9sente le mot \u00ab\u00a0PAMPLONA\u00a0\u00bb en grandes lettres vibrantes, \u00e9labor\u00e9es avec un design en mosa\u00efque qui souligne les tons bleu, rouge, jaune et vert. \u00c0 c\u00f4t\u00e9 de la typographie, un charmant dessin de taureau color\u00e9 ajoute une touche distinctive, repr\u00e9sentant une partie essentielle du folklore navarrais. Id\u00e9al pour se souvenir de moments dans cette ville embl\u00e9matique.<\/p>\n","protected":false},"featured_media":14012,"template":"","meta":{"_acf_changed":false},"product_brand":[],"product_cat":[697],"product_tag":[530],"class_list":{"0":"post-35883","1":"product","2":"type-product","3":"status-publish","4":"has-post-thumbnail","6":"product_cat-aimants","7":"product_tag-animaux","8":"pa_ciudad-pamplona","9":"pa_motivo-panneaux-villes","10":"pa_pais-espana","12":"first","13":"instock","14":"shipping-taxable","15":"product-type-simple"},"acf":[],"_links":{"self":[{"href":"https:\/\/olemosaic.com\/fr\/wp-json\/wp\/v2\/product\/35883","targetHints":{"allow":["GET"]}}],"collection":[{"href":"https:\/\/olemosaic.com\/fr\/wp-json\/wp\/v2\/product"}],"about":[{"href":"https:\/\/olemosaic.com\/fr\/wp-json\/wp\/v2\/types\/product"}],"wp:featuredmedia":[{"embeddable":true,"href":"https:\/\/olemosaic.com\/fr\/wp-json\/wp\/v2\/media\/14012"}],"wp:attachment":[{"href":"https:\/\/olemosaic.com\/fr\/wp-json\/wp\/v2\/media?parent=35883"}],"wp:term":[{"taxonomy":"product_brand","embeddable":true,"href":"https:\/\/olemosaic.com\/fr\/wp-json\/wp\/v2\/product_brand?post=35883"},{"taxonomy":"product_cat","embeddable":true,"href":"https:\/\/olemosaic.com\/fr\/wp-json\/wp\/v2\/product_cat?post=35883"},{"taxonomy":"product_tag","embeddable":true,"href":"https:\/\/olemosaic.com\/fr\/wp-json\/wp\/v2\/product_tag?post=35883"}],"curies":[{"name":"wp","href":"https:\/\/api.w.org\/{rel}","templated":true}]}}