{"id":35882,"date":"2025-02-20T23:37:51","date_gmt":"2025-02-20T22:37:51","guid":{"rendered":"http:\/\/olemosaic.com\/producto\/iman-de-resina-letrero-fuerteventura-azul\/"},"modified":"2025-07-25T19:14:14","modified_gmt":"2025-07-25T17:14:14","slug":"aimant-resine-enseigne-fuerteventura-bleu","status":"publish","type":"product","link":"https:\/\/olemosaic.com\/fr\/produit\/aimant-resine-enseigne-fuerteventura-bleu\/","title":{"rendered":"Aimant en r\u00e9sine. Enseigne. Fuerteventura. Bleu."},"content":{"rendered":"<p>Aimant en r\u00e9sine \u00ab\u00a0Fuerteventura\u00a0\u00bb. Cet aimant en r\u00e9sine attrayant pr\u00e9sente une enseigne color\u00e9e avec le nom \u00ab\u00a0Fuerteventura\u00a0\u00bb en grandes lettres vibrantes, ce qui en fait un souvenir visuellement percutant de cette magnifique \u00eele des Canaries. Le fond bleu de l&rsquo;aimant \u00e9voque les eaux cristallines qui entourent l&rsquo;\u00eele, tandis que le design en mosa\u00efque qui l&rsquo;orne rend hommage \u00e0 la riche tradition artistique de Fuerteventura, connue pour son paysage unique et son atmosph\u00e8re relaxante. Les lettres, peintes dans une vari\u00e9t\u00e9 de couleurs vives comme le rouge, le jaune et le vert, ajoutent une touche dynamique, capturant l&rsquo;\u00e9nergie vibrante de l&rsquo;\u00eele.<\/p>\n<p>Cet aimant n&rsquo;est pas seulement une excellente option pour se souvenir de votre voyage \u00e0 Fuerteventura, mais c&rsquo;est aussi un cadeau unique qui refl\u00e8te l&rsquo;essence culturelle de la r\u00e9gion. Chez Ol\u00e9 Mosaic, nous comprenons l&rsquo;importance d&rsquo;offrir des souvenirs authentiques, et cet aimant est un parfait exemple de notre d\u00e9vouement \u00e0 la qualit\u00e9 et \u00e0 l&rsquo;artisanat. Id\u00e9al pour les touristes cherchant \u00e0 emporter un morceau de Fuerteventura, ce souvenir est un excellent ajout pour les boutiques de cadeaux touristiques souhaitant offrir des produits repr\u00e9sentatifs et pleins de caract\u00e8re. En tant que grossistes de souvenirs, nous garantissons que chaque pi\u00e8ce, comme cet aimant, capte l&rsquo;attention et l&rsquo;admiration de ceux qui cherchent \u00e0 se souvenir de leur exp\u00e9rience aux \u00eeles Canaries.<\/p>\n","protected":false},"excerpt":{"rendered":"<p>Aimant avec une enseigne color\u00e9e o\u00f9 se d\u00e9tache le nom \u00ab\u00a0Fuerteventura\u00a0\u00bb en grandes lettres vibrantes. Ce souvenir attrayant pr\u00e9sente un fond bleu orn\u00e9 d&rsquo;un design rappelant les mosa\u00efques traditionnelles. Les lettres sont peintes de diff\u00e9rentes couleurs, combinant des \u00e9l\u00e9ments visuels qui \u00e9voquent l&rsquo;\u00e9nergie et le paysage de l&rsquo;\u00eele des Canaries. Id\u00e9al pour se souvenir de votre voyage ou comme cadeau unique refl\u00e9tant l&rsquo;essence de Fuerteventura.<\/p>\n","protected":false},"featured_media":14011,"template":"","meta":{"_acf_changed":false},"product_brand":[],"product_cat":[697],"product_tag":[],"class_list":{"0":"post-35882","1":"product","2":"type-product","3":"status-publish","4":"has-post-thumbnail","6":"product_cat-aimants","7":"pa_ciudad-fuerteventura","8":"pa_motivo-panneaux-villes","9":"pa_pais-espana","11":"first","12":"instock","13":"shipping-taxable","14":"product-type-simple"},"acf":[],"_links":{"self":[{"href":"https:\/\/olemosaic.com\/fr\/wp-json\/wp\/v2\/product\/35882","targetHints":{"allow":["GET"]}}],"collection":[{"href":"https:\/\/olemosaic.com\/fr\/wp-json\/wp\/v2\/product"}],"about":[{"href":"https:\/\/olemosaic.com\/fr\/wp-json\/wp\/v2\/types\/product"}],"wp:featuredmedia":[{"embeddable":true,"href":"https:\/\/olemosaic.com\/fr\/wp-json\/wp\/v2\/media\/14011"}],"wp:attachment":[{"href":"https:\/\/olemosaic.com\/fr\/wp-json\/wp\/v2\/media?parent=35882"}],"wp:term":[{"taxonomy":"product_brand","embeddable":true,"href":"https:\/\/olemosaic.com\/fr\/wp-json\/wp\/v2\/product_brand?post=35882"},{"taxonomy":"product_cat","embeddable":true,"href":"https:\/\/olemosaic.com\/fr\/wp-json\/wp\/v2\/product_cat?post=35882"},{"taxonomy":"product_tag","embeddable":true,"href":"https:\/\/olemosaic.com\/fr\/wp-json\/wp\/v2\/product_tag?post=35882"}],"curies":[{"name":"wp","href":"https:\/\/api.w.org\/{rel}","templated":true}]}}