{"id":35879,"date":"2025-02-20T23:37:51","date_gmt":"2025-02-20T22:37:51","guid":{"rendered":"http:\/\/olemosaic.com\/producto\/iman-de-resina-letrero-alicante-11-cm\/"},"modified":"2025-07-25T18:42:58","modified_gmt":"2025-07-25T16:42:58","slug":"aimant-resine-enseigne-alicante-11-cm","status":"publish","type":"product","link":"https:\/\/olemosaic.com\/fr\/produit\/aimant-resine-enseigne-alicante-11-cm\/","title":{"rendered":"Aimant en r\u00e9sine. Enseigne. Alicante. 11 cm."},"content":{"rendered":"<p>Aimant en r\u00e9sine \u00ab\u00a0Alicante\u00a0\u00bb avec un design en mosa\u00efque. Cet aimant attrayant mesure 11 cm et pr\u00e9sente le mot \u00ab\u00a0ALICANTE\u00a0\u00bb en lettres vibrantes qui capturent l&rsquo;essence chaleureuse et joyeuse de cette belle ville m\u00e9diterran\u00e9enne. La base de l&rsquo;aimant est d\u00e9cor\u00e9e d&rsquo;une mosa\u00efque \u00e9l\u00e9gante, \u00e9voquant les carreaux distinctifs qui ornent les rues et les b\u00e2timents historiques d&rsquo;Alicante, symbole de son riche h\u00e9ritage artistique. \u00c0 c\u00f4t\u00e9 des lettres, un petit dragon, embl\u00e9matique de la culture locale, ajoute une touche de fantaisie et de singularit\u00e9, faisant de cet aimant un souvenir iconique.<\/p>\n<p>Le design aux couleurs vives et les d\u00e9tails m\u00e9ticuleux font de cet aimant un compl\u00e9ment attrayant pour tout r\u00e9frig\u00e9rateur ou surface magn\u00e9tique, permettant de profiter quotidiennement des souvenirs d&rsquo;Alicante. Cet aimant n&rsquo;est pas seulement un souvenir, mais aussi un morceau de la chaleur et du charme de la c\u00f4te espagnole, parfait pour ceux qui souhaitent emporter avec eux un petit bout de cette ville vibrante.<\/p>\n<p>Chez Ol\u00e9 Mosaic, nous nous sp\u00e9cialisons dans la distribution de souvenirs en gros, garantissant que chaque pi\u00e8ce, comme cet aimant en r\u00e9sine, repr\u00e9sente fid\u00e8lement la culture et l&rsquo;art de l&rsquo;Espagne. Id\u00e9al pour les boutiques de cadeaux touristiques, cet aimant est une excellente option pour ceux qui recherchent des souvenirs authentiques mettant en valeur la beaut\u00e9 d&rsquo;Alicante.<\/p>\n","protected":false},"excerpt":{"rendered":"<p>Aimant avec l&rsquo;inscription \u00ab\u00a0ALICANTE\u00a0\u00bb, repr\u00e9sentant la ville, de 11 cm. Cet aimant attrayant affiche le mot \u00ab\u00a0ALICANTE\u00a0\u00bb en lettres aux couleurs vibrantes, sur un design en mosa\u00efque \u00e9voquant les c\u00e9l\u00e8bres carreaux de la r\u00e9gion. Avec des d\u00e9tails distinctifs, comme un petit dragon d\u00e9coratif, c&rsquo;est un souvenir id\u00e9al pour se rappeler la chaleur et le charme de la c\u00f4te m\u00e9diterran\u00e9enne espagnole. Parfait pour d\u00e9corer le r\u00e9frig\u00e9rateur ou toute surface magn\u00e9tique.<\/p>\n","protected":false},"featured_media":14008,"template":"","meta":{"_acf_changed":false},"product_brand":[],"product_cat":[697],"product_tag":[],"class_list":{"0":"post-35879","1":"product","2":"type-product","3":"status-publish","4":"has-post-thumbnail","6":"product_cat-aimants","7":"pa_ciudad-alicante","8":"pa_motivo-panneaux-villes","9":"pa_pais-espana","11":"first","12":"instock","13":"shipping-taxable","14":"product-type-simple"},"acf":[],"_links":{"self":[{"href":"https:\/\/olemosaic.com\/fr\/wp-json\/wp\/v2\/product\/35879","targetHints":{"allow":["GET"]}}],"collection":[{"href":"https:\/\/olemosaic.com\/fr\/wp-json\/wp\/v2\/product"}],"about":[{"href":"https:\/\/olemosaic.com\/fr\/wp-json\/wp\/v2\/types\/product"}],"wp:featuredmedia":[{"embeddable":true,"href":"https:\/\/olemosaic.com\/fr\/wp-json\/wp\/v2\/media\/14008"}],"wp:attachment":[{"href":"https:\/\/olemosaic.com\/fr\/wp-json\/wp\/v2\/media?parent=35879"}],"wp:term":[{"taxonomy":"product_brand","embeddable":true,"href":"https:\/\/olemosaic.com\/fr\/wp-json\/wp\/v2\/product_brand?post=35879"},{"taxonomy":"product_cat","embeddable":true,"href":"https:\/\/olemosaic.com\/fr\/wp-json\/wp\/v2\/product_cat?post=35879"},{"taxonomy":"product_tag","embeddable":true,"href":"https:\/\/olemosaic.com\/fr\/wp-json\/wp\/v2\/product_tag?post=35879"}],"curies":[{"name":"wp","href":"https:\/\/api.w.org\/{rel}","templated":true}]}}