{"id":35873,"date":"2025-02-20T23:37:51","date_gmt":"2025-02-20T22:37:51","guid":{"rendered":"http:\/\/olemosaic.com\/producto\/iman-de-resina-letrero-marbella-azul-11-cm\/"},"modified":"2025-07-25T18:43:51","modified_gmt":"2025-07-25T16:43:51","slug":"aimant-resine-enseigne-marbella-bleu-11-cm","status":"publish","type":"product","link":"https:\/\/olemosaic.com\/fr\/produit\/aimant-resine-enseigne-marbella-bleu-11-cm\/","title":{"rendered":"Aimant en r\u00e9sine. Enseigne. Marbella. Bleu. 11 cm."},"content":{"rendered":"<p>Cet aimant en r\u00e9sine avec enseigne d\u00e9corative est une pi\u00e8ce unique qui capture l&rsquo;essence vibrante de Marbella. Avec des dimensions de 11 cm, cet aimant color\u00e9 met en valeur le mot \u00ab\u00a0MARBELLA\u00a0\u00bb en lettres \u00e9nergiques et joyeuses, utilisant une palette de couleurs vibrantes comme le rouge, le jaune, le vert et le bleu. Le fond bleu, con\u00e7u pour simuler des mosa\u00efques, \u00e9voque le riche h\u00e9ritage culturel de cette c\u00f4te m\u00e9diterran\u00e9enne et permet \u00e0 chaque lettre de se d\u00e9tacher avec une grande clart\u00e9, parfait pour se souvenir des moments sp\u00e9ciaux v\u00e9cus dans cette belle localit\u00e9 andalouse.<\/p>\n<p>Int\u00e9grant un charmant \u00e9l\u00e9ment d\u00e9coratif en forme de poisson, cet aimant n&rsquo;est pas un simple article de d\u00e9coration, mais il capture l&rsquo;esprit c\u00f4tier de Marbella, c\u00e9l\u00e8bre pour ses plages idylliques et sa vie marine vibrante. C&rsquo;est une excellente option pour orner n&rsquo;importe quelle surface m\u00e9tallique, des r\u00e9frig\u00e9rateurs aux tableaux blancs, ajoutant une touche distinctive et color\u00e9e.<\/p>\n<p>Chez Ol\u00e9 Mosaic, nous sommes fiers de distribuer des souvenirs authentiques qui refl\u00e8tent la culture et la tradition locales. Cet aimant de Marbella est id\u00e9al pour les touristes qui recherchent un souvenir significatif de leur visite, ainsi que pour les boutiques de cadeaux touristiques qui souhaitent proposer des produits alliant artisanat et pertinence culturelle. En tant que grossistes de souvenirs, nous garantissons la qualit\u00e9 et l&rsquo;authenticit\u00e9 de chaque pi\u00e8ce, ce qui en fait un ajout inestimable \u00e0 toute collection.<\/p>\n","protected":false},"excerpt":{"rendered":"<p>Aimant avec le mot \u00ab\u00a0MARBELLA\u00a0\u00bb mis en avant sur une enseigne d\u00e9corative de 11 cm. Cet aimant color\u00e9 pr\u00e9sente des lettres vibrantes en rouge, jaune, vert et bleu sur un fond bleu simulant une mosa\u00efque. Un design charmant qui inclut un petit poisson d\u00e9coratif, \u00e9voquant la culture c\u00f4ti\u00e8re de Marbella. Id\u00e9al pour ajouter une touche distinctive \u00e0 n&rsquo;importe quelle surface m\u00e9tallique et se souvenir de votre visite dans cette magnifique localit\u00e9.<\/p>\n","protected":false},"featured_media":14007,"template":"","meta":{"_acf_changed":false},"product_brand":[],"product_cat":[697],"product_tag":[530],"class_list":{"0":"post-35873","1":"product","2":"type-product","3":"status-publish","4":"has-post-thumbnail","6":"product_cat-aimants","7":"product_tag-animaux","8":"pa_ciudad-marbella","9":"pa_motivo-panneaux-villes","10":"pa_pais-espana","12":"first","13":"instock","14":"shipping-taxable","15":"product-type-simple"},"acf":[],"_links":{"self":[{"href":"https:\/\/olemosaic.com\/fr\/wp-json\/wp\/v2\/product\/35873","targetHints":{"allow":["GET"]}}],"collection":[{"href":"https:\/\/olemosaic.com\/fr\/wp-json\/wp\/v2\/product"}],"about":[{"href":"https:\/\/olemosaic.com\/fr\/wp-json\/wp\/v2\/types\/product"}],"wp:featuredmedia":[{"embeddable":true,"href":"https:\/\/olemosaic.com\/fr\/wp-json\/wp\/v2\/media\/14007"}],"wp:attachment":[{"href":"https:\/\/olemosaic.com\/fr\/wp-json\/wp\/v2\/media?parent=35873"}],"wp:term":[{"taxonomy":"product_brand","embeddable":true,"href":"https:\/\/olemosaic.com\/fr\/wp-json\/wp\/v2\/product_brand?post=35873"},{"taxonomy":"product_cat","embeddable":true,"href":"https:\/\/olemosaic.com\/fr\/wp-json\/wp\/v2\/product_cat?post=35873"},{"taxonomy":"product_tag","embeddable":true,"href":"https:\/\/olemosaic.com\/fr\/wp-json\/wp\/v2\/product_tag?post=35873"}],"curies":[{"name":"wp","href":"https:\/\/api.w.org\/{rel}","templated":true}]}}