{"id":35872,"date":"2025-02-20T23:37:51","date_gmt":"2025-02-20T22:37:51","guid":{"rendered":"http:\/\/olemosaic.com\/producto\/iman-de-resina-letrero-mojacar-azul-11-cm\/"},"modified":"2025-07-25T20:13:27","modified_gmt":"2025-07-25T18:13:27","slug":"aimant-resine-enseigne-mojacar-bleu-11-cm","status":"publish","type":"product","link":"https:\/\/olemosaic.com\/fr\/produit\/aimant-resine-enseigne-mojacar-bleu-11-cm\/","title":{"rendered":"Aimant en r\u00e9sine. Enseigne. Moj\u00e1car. Bleu. 11 cm."},"content":{"rendered":"<p>Aimant en r\u00e9sine avec l&rsquo;enseigne de Moj\u00e1car. Cet aimant attrayant repr\u00e9sente une image vibrante de Moj\u00e1car, une charmante localit\u00e9 andalouse sur la c\u00f4te m\u00e9diterran\u00e9enne. Avec des dimensions de 11 cm, l&rsquo;aimant pr\u00e9sente un format rectangulaire \u00e9l\u00e9gant, avec un fond bleu qui \u00e9voque le ciel d\u00e9gag\u00e9 et le littoral de cette destination touristique populaire. Les lettres color\u00e9es, qui mettent en valeur le nom \u00ab\u00a0Moj\u00e1car\u00a0\u00bb, sont magnifiquement illustr\u00e9es dans un style rappelant les mosa\u00efques traditionnelles, apportant une touche artistique et culturelle \u00e0 la pi\u00e8ce. Sa finition brillante le rend non seulement visuellement percutant, mais aussi r\u00e9sistant, garantissant que ce souvenir conserve sa beaut\u00e9 au fil du temps.<\/p>\n<p>Cet aimant n&rsquo;est pas seulement un \u00e9l\u00e9ment d\u00e9coratif id\u00e9al pour les r\u00e9frig\u00e9rateurs ou les surfaces m\u00e9talliques, mais aussi une fa\u00e7on parfaite d&#8217;emporter avec soi un souvenir symbolique de l&rsquo;un des joyaux de la M\u00e9diterran\u00e9e. Moj\u00e1car est connue pour sa riche histoire, ses charmantes rues pav\u00e9es et son ambiance ensoleill\u00e9e, et cet aimant en capture toute l&rsquo;essence. Chez Ol\u00e9 Mosaic, nous savons que des produits comme cet aimant en r\u00e9sine sont indispensables pour toute boutique de cadeaux touristiques, car ils repr\u00e9sentent l&rsquo;authenticit\u00e9 et l&rsquo;h\u00e9ritage culturel de l&rsquo;Espagne. Un souvenir id\u00e9al pour ceux qui recherchent une repr\u00e9sentation color\u00e9e et chaleureuse de leur exp\u00e9rience sur la c\u00f4te andalouse.<\/p>\n","protected":false},"excerpt":{"rendered":"<p>Aimant avec l&rsquo;enseigne de Moj\u00e1car, con\u00e7u sur un fond bleu vibrant et illustr\u00e9 de lettres color\u00e9es qui font ressortir le nom de cette charmante localit\u00e9 andalouse. Avec des dimensions de 11 cm, cet aimant pr\u00e9sente une finition brillante simulant le style mosa\u00efque, id\u00e9al pour d\u00e9corer les r\u00e9frig\u00e9rateurs ou les surfaces m\u00e9talliques. Un souvenir parfait qui \u00e9voque le soleil et les couleurs de la c\u00f4te m\u00e9diterran\u00e9enne.<\/p>\n","protected":false},"featured_media":14006,"template":"","meta":{"_acf_changed":false},"product_brand":[],"product_cat":[697],"product_tag":[],"class_list":{"0":"post-35872","1":"product","2":"type-product","3":"status-publish","4":"has-post-thumbnail","6":"product_cat-aimants","7":"pa_ciudad-mojacar","8":"pa_motivo-panneaux-villes","9":"pa_pais-espana","11":"first","12":"instock","13":"shipping-taxable","14":"product-type-simple"},"acf":[],"_links":{"self":[{"href":"https:\/\/olemosaic.com\/fr\/wp-json\/wp\/v2\/product\/35872","targetHints":{"allow":["GET"]}}],"collection":[{"href":"https:\/\/olemosaic.com\/fr\/wp-json\/wp\/v2\/product"}],"about":[{"href":"https:\/\/olemosaic.com\/fr\/wp-json\/wp\/v2\/types\/product"}],"wp:featuredmedia":[{"embeddable":true,"href":"https:\/\/olemosaic.com\/fr\/wp-json\/wp\/v2\/media\/14006"}],"wp:attachment":[{"href":"https:\/\/olemosaic.com\/fr\/wp-json\/wp\/v2\/media?parent=35872"}],"wp:term":[{"taxonomy":"product_brand","embeddable":true,"href":"https:\/\/olemosaic.com\/fr\/wp-json\/wp\/v2\/product_brand?post=35872"},{"taxonomy":"product_cat","embeddable":true,"href":"https:\/\/olemosaic.com\/fr\/wp-json\/wp\/v2\/product_cat?post=35872"},{"taxonomy":"product_tag","embeddable":true,"href":"https:\/\/olemosaic.com\/fr\/wp-json\/wp\/v2\/product_tag?post=35872"}],"curies":[{"name":"wp","href":"https:\/\/api.w.org\/{rel}","templated":true}]}}