{"id":35870,"date":"2025-02-20T23:37:50","date_gmt":"2025-02-20T22:37:50","guid":{"rendered":"http:\/\/olemosaic.com\/producto\/iman-de-resina-patio-alicante\/"},"modified":"2025-07-25T19:00:53","modified_gmt":"2025-07-25T17:00:53","slug":"aimant-resine-patio-alicante","status":"publish","type":"product","link":"https:\/\/olemosaic.com\/fr\/produit\/aimant-resine-patio-alicante\/","title":{"rendered":"Aimant en r\u00e9sine. Patio. Alicante."},"content":{"rendered":"<p>Cet aimant en r\u00e9sine, repr\u00e9sentant un patio vibrant d&rsquo;Alicante, est le souvenir parfait pour ceux qui souhaitent emporter un morceau de la chaleur et du folklore espagnol. Le design captivant montre une danseuse avec une robe \u00e0 pois rouges, \u00e9voquant la joie du flamenco, et un danseur en plein mouvement, cr\u00e9ant une sc\u00e8ne dynamique et pleine de vie. Les deux personnages sont situ\u00e9s dans un environnement traditionnel, entour\u00e9s de pots de fleurs rouges et bleues qui apportent une touche color\u00e9e et florale \u00e0 l&rsquo;ensemble.<\/p>\n<p>Le fond de l&rsquo;aimant est illustr\u00e9 de d\u00e9tails d&rsquo;un charmant patio typique de la r\u00e9gion, o\u00f9 la guitare et le lampadaire soulignent l&rsquo;essence culturelle d&rsquo;Alicante. Le nom \u00ab Alicante \u00bb brille en lettres vibrantes, faisant de cet aimant non seulement un souvenir visuel de la ville, mais aussi un symbole de sa riche tradition culturelle. Cet aimant ne sert pas seulement d&rsquo;\u00e9l\u00e9ment d\u00e9coratif pour le r\u00e9frig\u00e9rateur, il est aussi un lien avec les nuits de danse et l&rsquo;hospitalit\u00e9 d&rsquo;Alicante.<\/p>\n<p>Chez Ol\u00e9 Mosaic, nous nous sp\u00e9cialisons dans la distribution de souvenirs en gros et cet aimant en r\u00e9sine est une excellente option pour les boutiques de cadeaux touristiques qui cherchent \u00e0 offrir des produits authentiques et repr\u00e9sentatifs de la culture locale. Ce souvenir d&rsquo;Alicante est, sans aucun doute, un souvenir inoubliable pour les visiteurs et un t\u00e9moignage du charme espagnol.<\/p>\n","protected":false},"excerpt":{"rendered":"<p>Aimant repr\u00e9sentant un patio vibrant d&rsquo;Alicante. Cet aimant color\u00e9 montre une danseuse avec une robe \u00e0 pois rouges et un danseur, tous deux en plein mouvement, entour\u00e9s de pots de fleurs rouges et bleues. Avec le nom \u00ab\u00a0Alicante\u00a0\u00bb mis en avant en lettres brillantes, le design inclut des \u00e9l\u00e9ments iconiques comme une guitare et un lampadaire, \u00e9voquant le charme du folklore espagnol. Un souvenir id\u00e9al pour se rappeler la culture d&rsquo;Alicante.<\/p>\n","protected":false},"featured_media":14004,"template":"","meta":{"_acf_changed":false},"product_brand":[],"product_cat":[697],"product_tag":[],"class_list":{"0":"post-35870","1":"product","2":"type-product","3":"status-publish","4":"has-post-thumbnail","6":"product_cat-aimants","7":"pa_ciudad-alicante","8":"pa_motivo-cours-interieures","9":"pa_pais-espana","11":"first","12":"instock","13":"shipping-taxable","14":"product-type-simple"},"acf":[],"_links":{"self":[{"href":"https:\/\/olemosaic.com\/fr\/wp-json\/wp\/v2\/product\/35870","targetHints":{"allow":["GET"]}}],"collection":[{"href":"https:\/\/olemosaic.com\/fr\/wp-json\/wp\/v2\/product"}],"about":[{"href":"https:\/\/olemosaic.com\/fr\/wp-json\/wp\/v2\/types\/product"}],"wp:featuredmedia":[{"embeddable":true,"href":"https:\/\/olemosaic.com\/fr\/wp-json\/wp\/v2\/media\/14004"}],"wp:attachment":[{"href":"https:\/\/olemosaic.com\/fr\/wp-json\/wp\/v2\/media?parent=35870"}],"wp:term":[{"taxonomy":"product_brand","embeddable":true,"href":"https:\/\/olemosaic.com\/fr\/wp-json\/wp\/v2\/product_brand?post=35870"},{"taxonomy":"product_cat","embeddable":true,"href":"https:\/\/olemosaic.com\/fr\/wp-json\/wp\/v2\/product_cat?post=35870"},{"taxonomy":"product_tag","embeddable":true,"href":"https:\/\/olemosaic.com\/fr\/wp-json\/wp\/v2\/product_tag?post=35870"}],"curies":[{"name":"wp","href":"https:\/\/api.w.org\/{rel}","templated":true}]}}