{"id":35869,"date":"2025-02-20T23:37:50","date_gmt":"2025-02-20T22:37:50","guid":{"rendered":"http:\/\/olemosaic.com\/producto\/iman-de-resina-toro-valencia-75-cm\/"},"modified":"2025-07-25T19:18:03","modified_gmt":"2025-07-25T17:18:03","slug":"aimant-resine-taureau-valence-7-5-cm","status":"publish","type":"product","link":"https:\/\/olemosaic.com\/fr\/produit\/aimant-resine-taureau-valence-7-5-cm\/","title":{"rendered":"Aimant en r\u00e9sine. Taureau. Valence. 7,5 cm."},"content":{"rendered":"<p>Aimant en r\u00e9sine avec la repr\u00e9sentation de deux taureaux, un symbole embl\u00e9matique de Valence. Cet aimant vibrant de 7,5 cm capture l&rsquo;essence du folklore valencien \u00e0 travers un design color\u00e9 aux formes g\u00e9om\u00e9triques qui \u00e9voquent les f\u00eates et c\u00e9l\u00e9brations traditionnelles de la r\u00e9gion. Les taureaux, repr\u00e9sent\u00e9s dans des tons vifs de rouge, vert et bleu, se distinguent par leur combinaison de couleurs intenses qui apportent dynamisme et un air moderne \u00e0 ce souvenir. Au-dessus de cette repr\u00e9sentation color\u00e9e, le nom &lsquo;Valence&rsquo; est pr\u00e9sent\u00e9 en lettres joyeuses, ajoutant une touche amusante et distinctive.<\/p>\n<p>Cet aimant est plus qu&rsquo;un simple souvenir ; c&rsquo;est un symbole de la riche culture valencienne et de son lien avec l&rsquo;art de la tauromachie, une tradition enracin\u00e9e c\u00e9l\u00e9br\u00e9e chaque ann\u00e9e dans toute la r\u00e9gion. En tant que souvenir en r\u00e9sine, il garantit durabilit\u00e9 et une finition attrayante qui fera briller n&rsquo;importe quelle surface m\u00e9tallique. Id\u00e9al pour les collectionneurs et les amoureux de la culture espagnole, cet aimant capture l&rsquo;essence de Valence et devient un excellent cadeau ou souvenir d&rsquo;une visite inoubliable. Chez Ol\u00e9 Mosaic, en tant que grossistes de souvenirs, nous proposons cet aimant de taureaux parmi notre large gamme d&rsquo;articles repr\u00e9sentatifs, parfaits pour les boutiques de cadeaux touristiques qui recherchent authenticit\u00e9 et qualit\u00e9.<\/p>\n","protected":false},"excerpt":{"rendered":"<p>Aimant avec la repr\u00e9sentation de deux taureaux, un symbole embl\u00e9matique de Valence. Cet aimant attrayant de 7,5 cm pr\u00e9sente un design vibrant et color\u00e9, avec des formes g\u00e9om\u00e9triques qui se d\u00e9tachent dans une palette de couleurs incluant le rouge, le vert et le bleu. D\u00e9cor\u00e9 du nom \u00ab\u00a0Valence\u00a0\u00bb en lettres joyeuses, c&rsquo;est le souvenir parfait pour ramener un morceau de la tradition espagnole chez soi. Id\u00e9al pour les collectionneurs et les amoureux du folklore valencien.<\/p>\n","protected":false},"featured_media":14003,"template":"","meta":{"_acf_changed":false},"product_brand":[],"product_cat":[697],"product_tag":[530],"class_list":{"0":"post-35869","1":"product","2":"type-product","3":"status-publish","4":"has-post-thumbnail","6":"product_cat-aimants","7":"product_tag-animaux","8":"pa_ciudad-valencia","9":"pa_motivo-taureaux","10":"pa_pais-espana","12":"first","13":"instock","14":"shipping-taxable","15":"product-type-simple"},"acf":[],"_links":{"self":[{"href":"https:\/\/olemosaic.com\/fr\/wp-json\/wp\/v2\/product\/35869","targetHints":{"allow":["GET"]}}],"collection":[{"href":"https:\/\/olemosaic.com\/fr\/wp-json\/wp\/v2\/product"}],"about":[{"href":"https:\/\/olemosaic.com\/fr\/wp-json\/wp\/v2\/types\/product"}],"wp:featuredmedia":[{"embeddable":true,"href":"https:\/\/olemosaic.com\/fr\/wp-json\/wp\/v2\/media\/14003"}],"wp:attachment":[{"href":"https:\/\/olemosaic.com\/fr\/wp-json\/wp\/v2\/media?parent=35869"}],"wp:term":[{"taxonomy":"product_brand","embeddable":true,"href":"https:\/\/olemosaic.com\/fr\/wp-json\/wp\/v2\/product_brand?post=35869"},{"taxonomy":"product_cat","embeddable":true,"href":"https:\/\/olemosaic.com\/fr\/wp-json\/wp\/v2\/product_cat?post=35869"},{"taxonomy":"product_tag","embeddable":true,"href":"https:\/\/olemosaic.com\/fr\/wp-json\/wp\/v2\/product_tag?post=35869"}],"curies":[{"name":"wp","href":"https:\/\/api.w.org\/{rel}","templated":true}]}}