{"id":35853,"date":"2025-02-20T23:37:50","date_gmt":"2025-02-20T22:37:50","guid":{"rendered":"http:\/\/olemosaic.com\/producto\/iman-de-resina-letrero-madrid-azul-11-cm\/"},"modified":"2025-07-25T20:19:20","modified_gmt":"2025-07-25T18:19:20","slug":"aimant-resine-enseigne-madrid-bleu-11-cm","status":"publish","type":"product","link":"https:\/\/olemosaic.com\/fr\/produit\/aimant-resine-enseigne-madrid-bleu-11-cm\/","title":{"rendered":"Aimant en r\u00e9sine. Enseigne. Madrid. Bleu. 11 cm."},"content":{"rendered":"<p>Cet aimant en r\u00e9sine en forme d&rsquo;enseigne est le souvenir parfait pour capturer l&rsquo;essence de Madrid dans un design vibrant et joyeux. Avec des dimensions de 11 cm, il met en valeur le nom \u00ab\u00a0MADRID\u00a0\u00bb en couleurs intenses sur un fond bleu, cr\u00e9ant un contraste visuel attrayant qui en fait un \u00e9l\u00e9ment d\u00e9coratif id\u00e9al pour tout r\u00e9frig\u00e9rateur ou surface m\u00e9tallique. La technique de la mosa\u00efque utilis\u00e9e dans les lettres ajoute une touche artistique et contemporaine, c\u00e9l\u00e9brant le riche patrimoine culturel de la capitale espagnole. \u00c0 c\u00f4t\u00e9 du nom, un taureau iconique, symbole repr\u00e9sentatif de la culture madril\u00e8ne, orne le design, rappelant \u00e0 ceux qui visitent la ville la tradition de l&rsquo;art taurin, profond\u00e9ment ancr\u00e9e dans son folklore.<\/p>\n<p>Avec une finition brillante qui souligne la qualit\u00e9 du produit, cet aimant n&rsquo;est pas seulement un souvenir fonctionnel, mais aussi une pi\u00e8ce qui \u00e9voque des moments inoubliables v\u00e9cus dans cette m\u00e9tropole dynamique. Chez Ol\u00e9 Mosaic, nous nous sp\u00e9cialisons dans la distribution de souvenirs en gros et cet aimant est une excellente option pour les boutiques de cadeaux touristiques souhaitant offrir \u00e0 leurs clients un souvenir authentique et repr\u00e9sentatif de Madrid. Parfait pour ceux qui recherchent des souvenirs uniques et color\u00e9s, cet aimant est un moyen simple d&#8217;emporter un morceau de Madrid chez soi.<\/p>\n","protected":false},"excerpt":{"rendered":"<p>Aimant en forme d&rsquo;enseigne, avec le nom \u00ab\u00a0MADRID\u00a0\u00bb en couleurs vibrantes sur un fond bleu. Cet aimant de 11 cm pr\u00e9sente un design joyeux avec une finition brillante qui capture l&rsquo;essence de la capitale espagnole. Orn\u00e9 d&rsquo;une ic\u00f4ne de taureau, il symbolise le folklore et la culture madril\u00e8ne. La technique de la mosa\u00efque s&rsquo;appr\u00e9cie dans les lettres, ajoutant une touche artistique et moderne, parfaite pour se souvenir de vos voyages.<\/p>\n","protected":false},"featured_media":14002,"template":"","meta":{"_acf_changed":false},"product_brand":[],"product_cat":[697],"product_tag":[530],"class_list":{"0":"post-35853","1":"product","2":"type-product","3":"status-publish","4":"has-post-thumbnail","6":"product_cat-aimants","7":"product_tag-animaux","8":"pa_ciudad-madrid","9":"pa_motivo-panneaux-villes","10":"pa_pais-espana","12":"first","13":"instock","14":"shipping-taxable","15":"product-type-simple"},"acf":[],"_links":{"self":[{"href":"https:\/\/olemosaic.com\/fr\/wp-json\/wp\/v2\/product\/35853","targetHints":{"allow":["GET"]}}],"collection":[{"href":"https:\/\/olemosaic.com\/fr\/wp-json\/wp\/v2\/product"}],"about":[{"href":"https:\/\/olemosaic.com\/fr\/wp-json\/wp\/v2\/types\/product"}],"wp:featuredmedia":[{"embeddable":true,"href":"https:\/\/olemosaic.com\/fr\/wp-json\/wp\/v2\/media\/14002"}],"wp:attachment":[{"href":"https:\/\/olemosaic.com\/fr\/wp-json\/wp\/v2\/media?parent=35853"}],"wp:term":[{"taxonomy":"product_brand","embeddable":true,"href":"https:\/\/olemosaic.com\/fr\/wp-json\/wp\/v2\/product_brand?post=35853"},{"taxonomy":"product_cat","embeddable":true,"href":"https:\/\/olemosaic.com\/fr\/wp-json\/wp\/v2\/product_cat?post=35853"},{"taxonomy":"product_tag","embeddable":true,"href":"https:\/\/olemosaic.com\/fr\/wp-json\/wp\/v2\/product_tag?post=35853"}],"curies":[{"name":"wp","href":"https:\/\/api.w.org\/{rel}","templated":true}]}}