{"id":35851,"date":"2025-02-20T23:37:49","date_gmt":"2025-02-20T22:37:49","guid":{"rendered":"http:\/\/olemosaic.com\/producto\/iman-de-resina-punt-de-trobada-fuerteventura-10-cm\/"},"modified":"2025-07-25T20:11:44","modified_gmt":"2025-07-25T18:11:44","slug":"aimant-resine-point-de-rencontre-fuerteventura-10-cm","status":"publish","type":"product","link":"https:\/\/olemosaic.com\/fr\/produit\/aimant-resine-point-de-rencontre-fuerteventura-10-cm\/","title":{"rendered":"Aimant en r\u00e9sine. Point de rencontre. Fuerteventura. 10 cm."},"content":{"rendered":"<p>Aimant en r\u00e9sine en forme de l\u00e9zard, du Point de Rencontre de Fuerteventura. Cet aimant vibrant de 10 cm c\u00e9l\u00e8bre la riche culture et l&rsquo;esprit color\u00e9 de cette magnifique \u00eele canarienne. Son design unique pr\u00e9sente une mosa\u00efque complexe de tons bleus, rouges, jaunes et blancs, qui \u00e9voquent les paysages vifs de Fuerteventura, o\u00f9 nature et tradition s&rsquo;entrelacent. Au centre, l&rsquo;inscription \u00ab\u00a0Fuerteventura\u00a0\u00bb se d\u00e9tache clairement, servant de sceau d&rsquo;identification \u00e0 ce souvenir. La figure du l\u00e9zard, qui renvoie \u00e0 la faune locale et \u00e0 la fra\u00eecheur de l&rsquo;environnement naturel, apporte une touche ludique et artistique, id\u00e9ale pour personnaliser toute surface m\u00e9tallique.<\/p>\n<p>Cet aimant n&rsquo;est pas seulement un objet d\u00e9coratif, mais aussi un authentique souvenir qui transmet la magie de l&rsquo;\u00eele, parfait pour les touristes cherchant \u00e0 emporter un petit morceau de Fuerteventura. Avec sa pertinence culturelle et son design attrayant, cet aimant devient une excellente option pour les boutiques de cadeaux touristiques. Chez Ol\u00e9 Mosaic, nous sommes fiers de proposer des souvenirs qui capturent l&rsquo;essence de chaque r\u00e9gion, ce qui fait de nous un distributeur de souvenirs en gros apportant qualit\u00e9 et authenticit\u00e9 \u00e0 chaque produit.<\/p>\n","protected":false},"excerpt":{"rendered":"<p>Aimant en forme de l\u00e9zard, repr\u00e9sentant le Point de Rencontre de Fuerteventura. Cet aimant attrayant de 10 cm se distingue par son design color\u00e9 en mosa\u00efque, avec des tons bleus, rouges, jaunes et blancs qui \u00e9voquent la culture locale vibrante. Avec l&rsquo;inscription \u00ab\u00a0Fuerteventura\u00a0\u00bb au centre, cette pi\u00e8ce est le souvenir parfait pour se rappeler la beaut\u00e9 de l&rsquo;\u00eele canarienne, et ajoutera une touche artistique et joyeuse \u00e0 toute surface m\u00e9tallique.<\/p>\n","protected":false},"featured_media":14000,"template":"","meta":{"_acf_changed":false},"product_brand":[],"product_cat":[697],"product_tag":[],"class_list":{"0":"post-35851","1":"product","2":"type-product","3":"status-publish","4":"has-post-thumbnail","6":"product_cat-aimants","7":"pa_ciudad-fuerteventura","8":"pa_motivo-punt-de-trobada","9":"pa_pais-espana","11":"first","12":"instock","13":"shipping-taxable","14":"product-type-simple"},"acf":[],"_links":{"self":[{"href":"https:\/\/olemosaic.com\/fr\/wp-json\/wp\/v2\/product\/35851","targetHints":{"allow":["GET"]}}],"collection":[{"href":"https:\/\/olemosaic.com\/fr\/wp-json\/wp\/v2\/product"}],"about":[{"href":"https:\/\/olemosaic.com\/fr\/wp-json\/wp\/v2\/types\/product"}],"wp:featuredmedia":[{"embeddable":true,"href":"https:\/\/olemosaic.com\/fr\/wp-json\/wp\/v2\/media\/14000"}],"wp:attachment":[{"href":"https:\/\/olemosaic.com\/fr\/wp-json\/wp\/v2\/media?parent=35851"}],"wp:term":[{"taxonomy":"product_brand","embeddable":true,"href":"https:\/\/olemosaic.com\/fr\/wp-json\/wp\/v2\/product_brand?post=35851"},{"taxonomy":"product_cat","embeddable":true,"href":"https:\/\/olemosaic.com\/fr\/wp-json\/wp\/v2\/product_cat?post=35851"},{"taxonomy":"product_tag","embeddable":true,"href":"https:\/\/olemosaic.com\/fr\/wp-json\/wp\/v2\/product_tag?post=35851"}],"curies":[{"name":"wp","href":"https:\/\/api.w.org\/{rel}","templated":true}]}}