{"id":35850,"date":"2025-02-20T23:37:49","date_gmt":"2025-02-20T22:37:49","guid":{"rendered":"http:\/\/olemosaic.com\/producto\/iman-de-resina-punt-de-trobada-tenerife-10-cm\/"},"modified":"2025-07-25T19:52:26","modified_gmt":"2025-07-25T17:52:26","slug":"aimant-resine-point-de-rencontre-tenerife-10-cm","status":"publish","type":"product","link":"https:\/\/olemosaic.com\/fr\/produit\/aimant-resine-point-de-rencontre-tenerife-10-cm\/","title":{"rendered":"Aimant en r\u00e9sine. Point de rencontre. Tenerife. 10 cm."},"content":{"rendered":"<p>Cet aimant en r\u00e9sine en forme de l\u00e9zard est un souvenir vibrant de Tenerife, une pi\u00e8ce iconique inspir\u00e9e de l&#8217;embl\u00e9matique \u00ab Punt de trobada \u00bb. Avec des dimensions de 10 cm, cet aimant color\u00e9 pr\u00e9sente un design de mosa\u00efque exquis combinant des tons vifs de rouge, bleu, jaune et noir, sur un fond blanc qui rehausse les couleurs. La figure du l\u00e9zard, une repr\u00e9sentation significative de la faune canarienne, capture l&rsquo;essence de la biodiversit\u00e9 locale, faisant de cet aimant un rappel tangible de la beaut\u00e9 naturelle de l&rsquo;\u00eele.<\/p>\n<p>Le design int\u00e8gre le mot \u00ab Tenerife \u00bb au centre, soulignant son origine et permettant aux visiteurs d&#8217;emporter un morceau de la culture canarienne avec eux. Cet aimant n&rsquo;est pas seulement parfait pour d\u00e9corer toute surface m\u00e9tallique, comme les r\u00e9frig\u00e9rateurs ou les bureaux, mais il agit \u00e9galement comme un charmant rappel de la richesse culturelle et naturelle des Canaries.<\/p>\n<p>Chez Ol\u00e9 Mosaic, nous sommes fiers d&rsquo;\u00eatre des distributeurs de souvenirs authentiques, et cet aimant encapsule l&rsquo;essence de Tenerife comme un souvenir m\u00e9morable et repr\u00e9sentatif. Id\u00e9al pour les boutiques de cadeaux touristiques, ce souvenir de Tenerife est une option exceptionnelle pour ceux qui recherchent un motif sp\u00e9cial et significatif pour se souvenir de leur voyage.<\/p>\n","protected":false},"excerpt":{"rendered":"<p>Aimant en forme de l\u00e9zard, inspir\u00e9 du c\u00e9l\u00e8bre \u00ab\u00a0Punt de trobada\u00a0\u00bb de Tenerife. Cet aimant color\u00e9 de 10 cm pr\u00e9sente un design en mosa\u00efque combinant des tons vibrants de rouge, bleu, jaune et noir sur un fond blanc, soulignant la singularit\u00e9 de la faune canarienne. Le mot \u00ab\u00a0Tenerife\u00a0\u00bb appara\u00eet au centre, mettant en avant l&rsquo;origine du produit, id\u00e9al comme souvenir ou comme charmant d\u00e9tail d\u00e9coratif.<\/p>\n","protected":false},"featured_media":13999,"template":"","meta":{"_acf_changed":false},"product_brand":[],"product_cat":[697],"product_tag":[],"class_list":{"0":"post-35850","1":"product","2":"type-product","3":"status-publish","4":"has-post-thumbnail","6":"product_cat-aimants","7":"pa_ciudad-tenerife","8":"pa_motivo-punt-de-trobada","9":"pa_pais-espana","11":"first","12":"instock","13":"shipping-taxable","14":"product-type-simple"},"acf":[],"_links":{"self":[{"href":"https:\/\/olemosaic.com\/fr\/wp-json\/wp\/v2\/product\/35850","targetHints":{"allow":["GET"]}}],"collection":[{"href":"https:\/\/olemosaic.com\/fr\/wp-json\/wp\/v2\/product"}],"about":[{"href":"https:\/\/olemosaic.com\/fr\/wp-json\/wp\/v2\/types\/product"}],"wp:featuredmedia":[{"embeddable":true,"href":"https:\/\/olemosaic.com\/fr\/wp-json\/wp\/v2\/media\/13999"}],"wp:attachment":[{"href":"https:\/\/olemosaic.com\/fr\/wp-json\/wp\/v2\/media?parent=35850"}],"wp:term":[{"taxonomy":"product_brand","embeddable":true,"href":"https:\/\/olemosaic.com\/fr\/wp-json\/wp\/v2\/product_brand?post=35850"},{"taxonomy":"product_cat","embeddable":true,"href":"https:\/\/olemosaic.com\/fr\/wp-json\/wp\/v2\/product_cat?post=35850"},{"taxonomy":"product_tag","embeddable":true,"href":"https:\/\/olemosaic.com\/fr\/wp-json\/wp\/v2\/product_tag?post=35850"}],"curies":[{"name":"wp","href":"https:\/\/api.w.org\/{rel}","templated":true}]}}