{"id":35849,"date":"2025-02-20T23:37:49","date_gmt":"2025-02-20T22:37:49","guid":{"rendered":"http:\/\/olemosaic.com\/producto\/iman-de-resina-patio-barcelona\/"},"modified":"2025-07-25T20:27:51","modified_gmt":"2025-07-25T18:27:51","slug":"aimant-resine-patio-barcelone","status":"publish","type":"product","link":"https:\/\/olemosaic.com\/fr\/produit\/aimant-resine-patio-barcelone\/","title":{"rendered":"Aimant en r\u00e9sine. Patio. Barcelone."},"content":{"rendered":"<p>Cet aimant en r\u00e9sine en forme d&rsquo;\u00e9ventail capture l&rsquo;essence vibrante de Barcelone, devenant un v\u00e9ritable symbole de la culture espagnole. D\u00e9cor\u00e9 de sc\u00e8nes \u00e0 l&rsquo;effet peint \u00e0 la main, cet aimant attrayant montre un couple de danseurs de flamenco en plein mouvement, entour\u00e9s de pots de fleurs rouges color\u00e9s qui \u00e9voquent l&rsquo;atmosph\u00e8re chaleureuse et festive d&rsquo;un patio andalou. La femme se distingue par sa robe caract\u00e9ristique \u00e0 pois rouges, compl\u00e9t\u00e9e par un \u00e9l\u00e9gant \u00e9ventail, tandis que son partenaire, v\u00eatu d&rsquo;une chemise blanche et d&rsquo;un chapeau noir, ajoute une touche d&rsquo;authenticit\u00e9 au design.<\/p>\n<p>Le fond de l&rsquo;aimant pr\u00e9sente une magnifique mosa\u00efque dans des tons clairs, qui fait ressortir les figures centrales et apporte un contraste charmant \u00e0 la sc\u00e8ne color\u00e9e. Le mot \u00ab\u00a0Barcelona\u00a0\u00bb, inscrit en lettres amusantes et color\u00e9es, enrichit encore ce souvenir attrayant, le rendant parfait pour se rem\u00e9morer l&rsquo;une des villes les plus embl\u00e9matiques d&rsquo;Espagne.<\/p>\n<p>Cet aimant n&rsquo;est pas seulement un souvenir id\u00e9al pour les touristes souhaitant emporter un petit morceau de Barcelone, mais il refl\u00e8te \u00e9galement le riche h\u00e9ritage culturel et l&rsquo;amour du flamenco qui caract\u00e9risent la r\u00e9gion. Chez Ol\u00e9 Mosaic, nous nous sp\u00e9cialisons dans la distribution de souvenirs en gros qui capturent l&rsquo;authenticit\u00e9 des traditions espagnoles, et cet aimant en r\u00e9sine est une excellente option pour les boutiques de cadeaux touristiques cherchant \u00e0 proposer des produits uniques et repr\u00e9sentatifs.<\/p>\n","protected":false},"excerpt":{"rendered":"<p>Aimant en forme d&rsquo;\u00e9ventail, inspir\u00e9 par l&rsquo;ambiance vibrante de Barcelone. Cet aimant color\u00e9 pr\u00e9sente une sc\u00e8ne au design artisanal, peint \u00e0 la main, d&rsquo;un couple de danseurs de flamenco, entour\u00e9s de pots de fleurs rouges et d&rsquo;\u00e9l\u00e9ments architecturaux typiques d&rsquo;un patio andalou. Le fond, avec une mosa\u00efque dans des tons clairs, fait ressortir la figure des danseurs, mettant en valeur la robe \u00e0 pois de la femme. Le mot \u00ab\u00a0Barcelona\u00a0\u00bb, \u00e9crit avec des lettres amusantes, compl\u00e8te son attrait.<\/p>\n","protected":false},"featured_media":13998,"template":"","meta":{"_acf_changed":false},"product_brand":[],"product_cat":[697],"product_tag":[],"class_list":{"0":"post-35849","1":"product","2":"type-product","3":"status-publish","4":"has-post-thumbnail","6":"product_cat-aimants","7":"pa_ciudad-barcelona","8":"pa_motivo-cours-interieures","9":"pa_pais-espana","11":"first","12":"instock","13":"shipping-taxable","14":"product-type-simple"},"acf":[],"_links":{"self":[{"href":"https:\/\/olemosaic.com\/fr\/wp-json\/wp\/v2\/product\/35849","targetHints":{"allow":["GET"]}}],"collection":[{"href":"https:\/\/olemosaic.com\/fr\/wp-json\/wp\/v2\/product"}],"about":[{"href":"https:\/\/olemosaic.com\/fr\/wp-json\/wp\/v2\/types\/product"}],"wp:featuredmedia":[{"embeddable":true,"href":"https:\/\/olemosaic.com\/fr\/wp-json\/wp\/v2\/media\/13998"}],"wp:attachment":[{"href":"https:\/\/olemosaic.com\/fr\/wp-json\/wp\/v2\/media?parent=35849"}],"wp:term":[{"taxonomy":"product_brand","embeddable":true,"href":"https:\/\/olemosaic.com\/fr\/wp-json\/wp\/v2\/product_brand?post=35849"},{"taxonomy":"product_cat","embeddable":true,"href":"https:\/\/olemosaic.com\/fr\/wp-json\/wp\/v2\/product_cat?post=35849"},{"taxonomy":"product_tag","embeddable":true,"href":"https:\/\/olemosaic.com\/fr\/wp-json\/wp\/v2\/product_tag?post=35849"}],"curies":[{"name":"wp","href":"https:\/\/api.w.org\/{rel}","templated":true}]}}