{"id":35843,"date":"2025-02-20T23:37:49","date_gmt":"2025-02-20T22:37:49","guid":{"rendered":"http:\/\/olemosaic.com\/producto\/iman-de-resina-letrero-gran-canaria\/"},"modified":"2025-07-25T19:55:08","modified_gmt":"2025-07-25T17:55:08","slug":"aimant-resine-enseigne-gran-canaria","status":"publish","type":"product","link":"https:\/\/olemosaic.com\/fr\/produit\/aimant-resine-enseigne-gran-canaria\/","title":{"rendered":"Aimant en r\u00e9sine. Enseigne. Gran Canaria."},"content":{"rendered":"<p>Cet aimant en r\u00e9sine avec l&rsquo;inscription \u00ab\u00a0Gran Canaria\u00a0\u00bb est un souvenir color\u00e9 et vibrant qui capture l&rsquo;essence de cette belle \u00eele des Canaries. Avec des lettres grandes et stylis\u00e9es, chaque terme est orn\u00e9 de mosa\u00efques dans une palette de tons intenses comprenant le rouge, le bleu, le vert et le jaune, \u00e9voquant la riche tradition du folklore canarien. Le fond blanc de l&rsquo;aimant simule parfaitement un mur de pierre, cr\u00e9ant un contraste qui rehausse les d\u00e9tails aux couleurs \u00e9clatantes, le faisant ressortir sur toute surface m\u00e9tallique. Int\u00e9grant un charmant l\u00e9zard qui appara\u00eet \u00e0 c\u00f4t\u00e9 d&rsquo;un design floral, ce souvenir est non seulement visuellement attrayant, mais symbolise \u00e9galement la faune unique de Gran Canaria.<\/p>\n<p>Cet aimant est une excellente option pour ceux qui cherchent \u00e0 emporter un morceau authentique de la culture et du paysage canarien. \u00c9tant un souvenir si distinctif, il devient le cadeau parfait pour ceux qui souhaitent se souvenir de leur visite aux \u00eeles Canaries. Chez Ol\u00e9 Mosaic, nous nous sp\u00e9cialisons dans la distribution de souvenirs en gros, proposant des produits qui refl\u00e8tent l&rsquo;authenticit\u00e9 et la beaut\u00e9 de leur r\u00e9gion. Cet aimant de Gran Canaria est id\u00e9al pour les boutiques de cadeaux touristiques qui cherchent \u00e0 int\u00e9grer \u00e0 leur offre des souvenirs repr\u00e9sentatifs et de qualit\u00e9. Avec un design attrayant et symbolique, cet aimant est le compl\u00e9ment parfait \u00e0 la collection de souvenirs de tout touriste.<\/p>\n","protected":false},"excerpt":{"rendered":"<p>Aimant avec l&rsquo;enseigne \u00ab\u00a0Gran Canaria\u00a0\u00bb, color\u00e9 et vibrant. Ce souvenir attrayant pr\u00e9sente des lettres grandes et stylis\u00e9es, d\u00e9cor\u00e9es de mosa\u00efques dans les tons rouges, bleus, verts et jaunes, \u00e9voquant le folklore canarien. Le fond blanc simule un mur de pierre avec des d\u00e9tails aux couleurs \u00e9clatantes, et un sympathique l\u00e9zard appara\u00eet avec un design floral. Parfait pour se souvenir de la beaut\u00e9 et de la culture de Gran Canaria sur toute surface m\u00e9tallique.<\/p>\n","protected":false},"featured_media":13997,"template":"","meta":{"_acf_changed":false},"product_brand":[],"product_cat":[697],"product_tag":[],"class_list":{"0":"post-35843","1":"product","2":"type-product","3":"status-publish","4":"has-post-thumbnail","6":"product_cat-aimants","7":"pa_ciudad-gran-canaria","8":"pa_motivo-panneaux-villes","9":"pa_pais-espana","11":"first","12":"instock","13":"shipping-taxable","14":"product-type-simple"},"acf":[],"_links":{"self":[{"href":"https:\/\/olemosaic.com\/fr\/wp-json\/wp\/v2\/product\/35843","targetHints":{"allow":["GET"]}}],"collection":[{"href":"https:\/\/olemosaic.com\/fr\/wp-json\/wp\/v2\/product"}],"about":[{"href":"https:\/\/olemosaic.com\/fr\/wp-json\/wp\/v2\/types\/product"}],"wp:featuredmedia":[{"embeddable":true,"href":"https:\/\/olemosaic.com\/fr\/wp-json\/wp\/v2\/media\/13997"}],"wp:attachment":[{"href":"https:\/\/olemosaic.com\/fr\/wp-json\/wp\/v2\/media?parent=35843"}],"wp:term":[{"taxonomy":"product_brand","embeddable":true,"href":"https:\/\/olemosaic.com\/fr\/wp-json\/wp\/v2\/product_brand?post=35843"},{"taxonomy":"product_cat","embeddable":true,"href":"https:\/\/olemosaic.com\/fr\/wp-json\/wp\/v2\/product_cat?post=35843"},{"taxonomy":"product_tag","embeddable":true,"href":"https:\/\/olemosaic.com\/fr\/wp-json\/wp\/v2\/product_tag?post=35843"}],"curies":[{"name":"wp","href":"https:\/\/api.w.org\/{rel}","templated":true}]}}