{"id":35841,"date":"2025-02-20T23:37:48","date_gmt":"2025-02-20T22:37:48","guid":{"rendered":"http:\/\/olemosaic.com\/producto\/iman-de-resina-letrero-fuerteventura-11-cm\/"},"modified":"2025-07-25T19:45:30","modified_gmt":"2025-07-25T17:45:30","slug":"aimant-resine-enseigne-fuerteventura-11-cm","status":"publish","type":"product","link":"https:\/\/olemosaic.com\/fr\/produit\/aimant-resine-enseigne-fuerteventura-11-cm\/","title":{"rendered":"Aimant en r\u00e9sine. Enseigne. Fuerteventura. 11 cm."},"content":{"rendered":"<p>Cet aimant en r\u00e9sine avec l&rsquo;inscription \u00ab\u00a0Fuerteventura\u00a0\u00bb est un v\u00e9ritable bijou qui capture l&rsquo;essence vibrante de cette \u00eele paradisiaque des Canaries. Avec des dimensions de 11 cm de long, son design color\u00e9 comprend des lettres dans les tons rouge, bleu, jaune et vert, offrant une repr\u00e9sentation joyeuse et distinctive de l&rsquo;esprit de Fuerteventura. Le fond, qui imite une mosa\u00efque typique remplie de fragments de couleur, encadre magistralement l&rsquo;inscription et transporte le spectateur vers les paysages vibrants et les magnifiques plages qui caract\u00e9risent l&rsquo;\u00eele.<\/p>\n<p>Cet aimant n&rsquo;est pas seulement un souvenir d\u00e9coratif, mais un souvenir tangible des exp\u00e9riences inoubliables v\u00e9cues dans cette destination touristique. La figure d&rsquo;un dragon, int\u00e9gr\u00e9e au design, ajoute une touche de mythologie et de charme, symbolisant le riche h\u00e9ritage culturel de Fuerteventura.<\/p>\n<p>Id\u00e9al pour les touristes \u00e0 la recherche de souvenirs uniques et repr\u00e9sentatifs, cet aimant est une excellente option pour les boutiques de cadeaux touristiques souhaitant proposer des produits authentiques et de qualit\u00e9. Chez Ol\u00e9 Mosaic, en tant que distributeur de souvenirs en gros, nous garantissons l&rsquo;authenticit\u00e9 et l&rsquo;attrait de chaque pi\u00e8ce, faisant de chaque achat un souvenir inoubliable de Fuerteventura.<\/p>\n","protected":false},"excerpt":{"rendered":"<p>Aimant avec l&rsquo;inscription \u00ab\u00a0Fuerteventura\u00a0\u00bb, de 11 cm de long. Cet aimant color\u00e9 pr\u00e9sente un design vibrant, avec des lettres dans les tons rouge, bleu, jaune et vert, sur un fond imitant la mosa\u00efque typique de l&rsquo;\u00eele. La pi\u00e8ce se distingue par sa d\u00e9coration et la figure d&rsquo;un dragon, repr\u00e9sentant l&rsquo;essence unique de Fuerteventura. Id\u00e9al pour se souvenir de vos vacances dans ce paradis des Canaries.<\/p>\n","protected":false},"featured_media":13995,"template":"","meta":{"_acf_changed":false},"product_brand":[],"product_cat":[697],"product_tag":[],"class_list":{"0":"post-35841","1":"product","2":"type-product","3":"status-publish","4":"has-post-thumbnail","6":"product_cat-aimants","7":"pa_ciudad-fuerteventura","8":"pa_motivo-panneaux-villes","9":"pa_pais-espana","11":"first","12":"instock","13":"shipping-taxable","14":"product-type-simple"},"acf":[],"_links":{"self":[{"href":"https:\/\/olemosaic.com\/fr\/wp-json\/wp\/v2\/product\/35841","targetHints":{"allow":["GET"]}}],"collection":[{"href":"https:\/\/olemosaic.com\/fr\/wp-json\/wp\/v2\/product"}],"about":[{"href":"https:\/\/olemosaic.com\/fr\/wp-json\/wp\/v2\/types\/product"}],"wp:featuredmedia":[{"embeddable":true,"href":"https:\/\/olemosaic.com\/fr\/wp-json\/wp\/v2\/media\/13995"}],"wp:attachment":[{"href":"https:\/\/olemosaic.com\/fr\/wp-json\/wp\/v2\/media?parent=35841"}],"wp:term":[{"taxonomy":"product_brand","embeddable":true,"href":"https:\/\/olemosaic.com\/fr\/wp-json\/wp\/v2\/product_brand?post=35841"},{"taxonomy":"product_cat","embeddable":true,"href":"https:\/\/olemosaic.com\/fr\/wp-json\/wp\/v2\/product_cat?post=35841"},{"taxonomy":"product_tag","embeddable":true,"href":"https:\/\/olemosaic.com\/fr\/wp-json\/wp\/v2\/product_tag?post=35841"}],"curies":[{"name":"wp","href":"https:\/\/api.w.org\/{rel}","templated":true}]}}