{"id":35836,"date":"2025-02-20T23:37:47","date_gmt":"2025-02-20T22:37:47","guid":{"rendered":"http:\/\/olemosaic.com\/producto\/iman-de-resina-patio-valencia\/"},"modified":"2025-07-25T18:53:49","modified_gmt":"2025-07-25T16:53:49","slug":"aimant-resine-patio-valence","status":"publish","type":"product","link":"https:\/\/olemosaic.com\/fr\/produit\/aimant-resine-patio-valence\/","title":{"rendered":"Aimant en r\u00e9sine. Patio. Valence."},"content":{"rendered":"<p>Cet aimant en r\u00e9sine, avec son design vibrant, \u00e9voque l&rsquo;essence du patio valencien, capturant la joie et la couleur de cette ville espagnole embl\u00e9matique. Au centre, une danseuse de flamenco, v\u00eatue d&rsquo;une robe rouge \u00e0 pois captivante, et un danseur, tous deux en mouvement, repr\u00e9sentent la riche tradition du flamenco, un art qui \u00e9veille les passions dans chaque coin de l&rsquo;Espagne. Ce souvenir frappant est encadr\u00e9 par des jardini\u00e8res color\u00e9es remplies de fleurs, qui ajoutent une touche de fra\u00eecheur et de vie, tandis qu&rsquo;une guitare repose \u00e0 l&rsquo;arri\u00e8re-plan, symbole de la musique qui accompagne cet art.<\/p>\n<p>La base de l&rsquo;aimant pr\u00e9sente une mosa\u00efque typiquement valencienne, qui souligne la connexion culturelle de ce souvenir avec la r\u00e9gion. Le mot \u00ab\u00a0Valence\u00a0\u00bb, mis en avant en lettres color\u00e9es, garantit que cet aimant soit un souvenir inoubliable de l&rsquo;exp\u00e9rience dans cette ville joyeuse.<\/p>\n<p>Id\u00e9al comme souvenir de Valence, cet aimant est parfait pour les touristes qui souhaitent emporter un morceau de la culture et de l&rsquo;art de la r\u00e9gion. Chez Ol\u00e9 Mosaic, nous sommes distributeurs de souvenirs en gros, offrant des produits authentiques et repr\u00e9sentatifs qui c\u00e9l\u00e8brent le riche h\u00e9ritage culturel de l&rsquo;Espagne. Cet aimant est une excellente option pour les boutiques de cadeaux touristiques qui souhaitent proposer des articles de qualit\u00e9 et d&rsquo;une grande pertinence culturelle, mettant en avant l&rsquo;essence de la vie et de la tradition valencienne.<\/p>\n","protected":false},"excerpt":{"rendered":"<p>Aimant avec un design vibrant qui \u00e9voque l&rsquo;essence du patio valencien. Cet aimant attrayant pr\u00e9sente une danseuse de flamenco en robe rouge \u00e0 pois, accompagn\u00e9e d&rsquo;un danseur, le tout encadr\u00e9 par des jardini\u00e8res color\u00e9es avec des fleurs et une guitare, sur un fond de mosa\u00efque typique. Avec le mot \u00ab\u00a0Valence\u00a0\u00bb mis en avant, ce souvenir est parfait pour \u00e9voquer la riche culture et l&rsquo;art de cette ville embl\u00e9matique.<\/p>\n","protected":false},"featured_media":13990,"template":"","meta":{"_acf_changed":false},"product_brand":[],"product_cat":[697],"product_tag":[],"class_list":{"0":"post-35836","1":"product","2":"type-product","3":"status-publish","4":"has-post-thumbnail","6":"product_cat-aimants","7":"pa_ciudad-valencia","8":"pa_motivo-cours-interieures","9":"pa_pais-espana","11":"first","12":"instock","13":"shipping-taxable","14":"product-type-simple"},"acf":[],"_links":{"self":[{"href":"https:\/\/olemosaic.com\/fr\/wp-json\/wp\/v2\/product\/35836","targetHints":{"allow":["GET"]}}],"collection":[{"href":"https:\/\/olemosaic.com\/fr\/wp-json\/wp\/v2\/product"}],"about":[{"href":"https:\/\/olemosaic.com\/fr\/wp-json\/wp\/v2\/types\/product"}],"wp:featuredmedia":[{"embeddable":true,"href":"https:\/\/olemosaic.com\/fr\/wp-json\/wp\/v2\/media\/13990"}],"wp:attachment":[{"href":"https:\/\/olemosaic.com\/fr\/wp-json\/wp\/v2\/media?parent=35836"}],"wp:term":[{"taxonomy":"product_brand","embeddable":true,"href":"https:\/\/olemosaic.com\/fr\/wp-json\/wp\/v2\/product_brand?post=35836"},{"taxonomy":"product_cat","embeddable":true,"href":"https:\/\/olemosaic.com\/fr\/wp-json\/wp\/v2\/product_cat?post=35836"},{"taxonomy":"product_tag","embeddable":true,"href":"https:\/\/olemosaic.com\/fr\/wp-json\/wp\/v2\/product_tag?post=35836"}],"curies":[{"name":"wp","href":"https:\/\/api.w.org\/{rel}","templated":true}]}}