{"id":35835,"date":"2025-02-20T23:37:47","date_gmt":"2025-02-20T22:37:47","guid":{"rendered":"http:\/\/olemosaic.com\/producto\/iman-de-resina-punt-de-trobada-gran-canaria-10-cm\/"},"modified":"2025-07-25T20:19:12","modified_gmt":"2025-07-25T18:19:12","slug":"aimant-resine-punt-de-trobada-gran-canaria-10-cm","status":"publish","type":"product","link":"https:\/\/olemosaic.com\/fr\/produit\/aimant-resine-punt-de-trobada-gran-canaria-10-cm\/","title":{"rendered":"Aimant en r\u00e9sine. Punt de trobada. Gran Canaria. 10 cm."},"content":{"rendered":"<p>Cet aimant en r\u00e9sine avec le design illustratif du c\u00e9l\u00e8bre \u00ab\u00a0Punt de trobada\u00a0\u00bb de Gran Canaria est un authentique souvenir qui encapsule l&rsquo;essence vibrante des \u00eeles Canaries. Avec des dimensions de 10 cm, cet aimant color\u00e9 pr\u00e9sente un sympathique l\u00e9zard d\u00e9cor\u00e9 d&rsquo;une mosa\u00efque de tons bleus, jaunes, rouges et blancs, \u00e9voquant l&rsquo;art et les traditions locales qui caract\u00e9risent la r\u00e9gion. L&rsquo;inscription \u00ab\u00a0Gran Canaria\u00a0\u00bb, stylis\u00e9e pour offrir un attrait visuel, compl\u00e8te parfaitement le design, faisant de cet aimant une pi\u00e8ce unique et m\u00e9morable.<\/p>\n<p>Ce souvenir n&rsquo;est pas seulement fonctionnel, il symbolise \u00e9galement la riche culture canarienne, c\u00e9l\u00e9br\u00e9e \u00e0 travers ses \u0153uvres d&rsquo;art fascinantes et sa diversit\u00e9 naturelle. La repr\u00e9sentation du l\u00e9zard est un clin d&rsquo;\u0153il \u00e0 la faune locale, tandis que l&rsquo;utilisation de mosa\u00efques rappelle les vibrantes traditions artisanales de l&rsquo;\u00eele. Cet aimant est id\u00e9al pour ceux qui recherchent un souvenir authentique et culturellement pertinent de Gran Canaria, parfait pour d\u00e9corer n&rsquo;importe quel espace et garder vivants les souvenirs d&rsquo;un voyage inoubliable.<\/p>\n<p>Chez Ol\u00e9 Mosaic, nous sommes distributeurs de souvenirs en gros et proposons des produits qui se distinguent par leur authenticit\u00e9 et leur connexion culturelle. Cet aimant de Gran Canaria est une excellente option pour les boutiques de cadeaux touristiques \u00e0 la recherche d&rsquo;une pi\u00e8ce unique et repr\u00e9sentative du patrimoine canarien. Avec cet aimant, ils n&rsquo;acquerront pas seulement un objet d\u00e9coratif, mais aussi un morceau de la riche histoire et culture de Gran Canaria.<\/p>\n","protected":false},"excerpt":{"rendered":"<p>Aimant avec design illustratif du c\u00e9l\u00e8bre \u00ab\u00a0Punt de trobada\u00a0\u00bb de Gran Canaria, de 10 cm. Cet aimant color\u00e9 pr\u00e9sente un sympathique l\u00e9zard orn\u00e9 d&rsquo;une mosa\u00efque vibrante de bleus, jaunes, rouges et blancs, \u00e9voquant l&rsquo;art et la culture des \u00eeles Canaries. Avec l&rsquo;inscription \u00ab\u00a0Gran Canaria\u00a0\u00bb dans un style attrayant, c&rsquo;est le souvenir parfait pour d\u00e9corer n&rsquo;importe quel espace, car il capture l&rsquo;essence visuelle de l&rsquo;\u00eele.<\/p>\n","protected":false},"featured_media":13989,"template":"","meta":{"_acf_changed":false},"product_brand":[],"product_cat":[697],"product_tag":[],"class_list":{"0":"post-35835","1":"product","2":"type-product","3":"status-publish","4":"has-post-thumbnail","6":"product_cat-aimants","7":"pa_ciudad-gran-canaria","8":"pa_motivo-punt-de-trobada","9":"pa_pais-espana","11":"first","12":"instock","13":"shipping-taxable","14":"product-type-simple"},"acf":[],"_links":{"self":[{"href":"https:\/\/olemosaic.com\/fr\/wp-json\/wp\/v2\/product\/35835","targetHints":{"allow":["GET"]}}],"collection":[{"href":"https:\/\/olemosaic.com\/fr\/wp-json\/wp\/v2\/product"}],"about":[{"href":"https:\/\/olemosaic.com\/fr\/wp-json\/wp\/v2\/types\/product"}],"wp:featuredmedia":[{"embeddable":true,"href":"https:\/\/olemosaic.com\/fr\/wp-json\/wp\/v2\/media\/13989"}],"wp:attachment":[{"href":"https:\/\/olemosaic.com\/fr\/wp-json\/wp\/v2\/media?parent=35835"}],"wp:term":[{"taxonomy":"product_brand","embeddable":true,"href":"https:\/\/olemosaic.com\/fr\/wp-json\/wp\/v2\/product_brand?post=35835"},{"taxonomy":"product_cat","embeddable":true,"href":"https:\/\/olemosaic.com\/fr\/wp-json\/wp\/v2\/product_cat?post=35835"},{"taxonomy":"product_tag","embeddable":true,"href":"https:\/\/olemosaic.com\/fr\/wp-json\/wp\/v2\/product_tag?post=35835"}],"curies":[{"name":"wp","href":"https:\/\/api.w.org\/{rel}","templated":true}]}}