{"id":35834,"date":"2025-02-20T23:37:47","date_gmt":"2025-02-20T22:37:47","guid":{"rendered":"http:\/\/olemosaic.com\/producto\/iman-de-resina-salamandra-y-flores-tenerife\/"},"modified":"2025-07-25T19:56:31","modified_gmt":"2025-07-25T17:56:31","slug":"aimant-resine-salamandre-fleurs-tenerife","status":"publish","type":"product","link":"https:\/\/olemosaic.com\/fr\/produit\/aimant-resine-salamandre-fleurs-tenerife\/","title":{"rendered":"Aimant en r\u00e9sine. Salamandre et fleurs. Tenerife."},"content":{"rendered":"<p>Cet aimant en r\u00e9sine, avec son design de salamandres et de fleurs, est un rappel vibrant des paysages exotiques de Tenerife, l&rsquo;un des joyaux de l&rsquo;archipel des Canaries. Fabriqu\u00e9 en r\u00e9sine de haute qualit\u00e9, il pr\u00e9sente un design captivant mettant en avant deux salamandres dans des tons rouges et verts, compl\u00e9t\u00e9es par une mosa\u00efque de fleurs multicolores qui irradient de joie et de fra\u00eecheur. Le mot \u00ab\u00a0Tenerife\u00a0\u00bb appara\u00eet fi\u00e8rement en bas, apportant une touche d&rsquo;identit\u00e9 r\u00e9gionale qui en fait un souvenir authentique et repr\u00e9sentatif.<\/p>\n<p>Les d\u00e9tails graphiques de ce produit rendent hommage \u00e0 la riche biodiversit\u00e9 de l&rsquo;\u00eele, tandis que ses couleurs vibrantes \u00e9voquent l&rsquo;esprit tropical qui caract\u00e9rise Tenerife. En plus d&rsquo;\u00eatre une option id\u00e9ale pour orner toute surface m\u00e9tallique, cet aimant permet aux touristes d&#8217;emporter un petit morceau de la beaut\u00e9 naturelle des Canaries chez eux, en faisant un souvenir significatif et charg\u00e9 d&rsquo;histoire.<\/p>\n<p>Chez Ol\u00e9 Mosaic, nous sommes fiers de proposer des souvenirs authentiques, comme cet aimant de salamandres, qui capturent l&rsquo;essence culturelle et la splendeur des r\u00e9gions qu&rsquo;ils repr\u00e9sentent. Parfait pour les boutiques de cadeaux touristiques, c&rsquo;est un excellent choix pour ceux qui recherchent des souvenirs typiques, apportant une touche des Canaries dans chaque foyer.<\/p>\n","protected":false},"excerpt":{"rendered":"<p>Aimant avec design de salamandres et fleurs, inspir\u00e9 des paysages de Tenerife. Cet aimant color\u00e9 pr\u00e9sente deux salamandres dans des tons vibrants de rouge et de vert, encadr\u00e9es par une mosa\u00efque florale de diverses couleurs cr\u00e9ant un effet visuel attrayant. Le mot \u00ab\u00a0Tenerife\u00a0\u00bb se d\u00e9tache en bas, compl\u00e9tant l&rsquo;esth\u00e9tique joyeuse et tropicale de l&rsquo;archipel. Id\u00e9al pour d\u00e9corer toute surface m\u00e9tallique et emporter un petit morceau de la nature canarienne chez soi.<\/p>\n","protected":false},"featured_media":13988,"template":"","meta":{"_acf_changed":false},"product_brand":[],"product_cat":[697],"product_tag":[530],"class_list":{"0":"post-35834","1":"product","2":"type-product","3":"status-publish","4":"has-post-thumbnail","6":"product_cat-aimants","7":"product_tag-animaux","8":"pa_ciudad-tenerife","9":"pa_motivo-salamandres","10":"pa_pais-espana","12":"first","13":"instock","14":"shipping-taxable","15":"product-type-simple"},"acf":[],"_links":{"self":[{"href":"https:\/\/olemosaic.com\/fr\/wp-json\/wp\/v2\/product\/35834","targetHints":{"allow":["GET"]}}],"collection":[{"href":"https:\/\/olemosaic.com\/fr\/wp-json\/wp\/v2\/product"}],"about":[{"href":"https:\/\/olemosaic.com\/fr\/wp-json\/wp\/v2\/types\/product"}],"wp:featuredmedia":[{"embeddable":true,"href":"https:\/\/olemosaic.com\/fr\/wp-json\/wp\/v2\/media\/13988"}],"wp:attachment":[{"href":"https:\/\/olemosaic.com\/fr\/wp-json\/wp\/v2\/media?parent=35834"}],"wp:term":[{"taxonomy":"product_brand","embeddable":true,"href":"https:\/\/olemosaic.com\/fr\/wp-json\/wp\/v2\/product_brand?post=35834"},{"taxonomy":"product_cat","embeddable":true,"href":"https:\/\/olemosaic.com\/fr\/wp-json\/wp\/v2\/product_cat?post=35834"},{"taxonomy":"product_tag","embeddable":true,"href":"https:\/\/olemosaic.com\/fr\/wp-json\/wp\/v2\/product_tag?post=35834"}],"curies":[{"name":"wp","href":"https:\/\/api.w.org\/{rel}","templated":true}]}}