{"id":35803,"date":"2025-02-20T23:37:47","date_gmt":"2025-02-20T22:37:47","guid":{"rendered":"http:\/\/olemosaic.com\/producto\/iman-de-resina-salamandra-valencia-75-cm\/"},"modified":"2025-07-25T18:51:16","modified_gmt":"2025-07-25T16:51:16","slug":"aimant-en-resine-salamandre-valence-7-5-cm","status":"publish","type":"product","link":"https:\/\/olemosaic.com\/fr\/produit\/aimant-en-resine-salamandre-valence-7-5-cm\/","title":{"rendered":"Aimant en r\u00e9sine. Salamandre. Valence. 7,5 cm."},"content":{"rendered":"<p>Cet aimant en r\u00e9sine avec un design de salamandres color\u00e9es est le souvenir parfait pour se rem\u00e9morer la vibrante culture valencienne. D&rsquo;une taille de 7,5 cm, chaque aimant est une \u0153uvre d&rsquo;art \u00e0 effet peint \u00e0 la main qui capture l&rsquo;essence de la faune valencienne avec de magnifiques designs dans des tons bleus, verts, rouges et jaunes. Chaque salamandre est orn\u00e9e de superbes d\u00e9tails floraux qui \u00e9voquent la riche diversit\u00e9 naturelle de la r\u00e9gion. La base de l&rsquo;aimant pr\u00e9sente un fond qui imite la mosa\u00efque c\u00e9ramique caract\u00e9ristique de Valence, un style qui remonte \u00e0 la tradition artisanale de la ville et qui est largement reconnu dans ses monuments et sa d\u00e9coration.<\/p>\n<p>Cet aimant n&rsquo;est pas seulement un accessoire d\u00e9coratif, mais un souvenir significatif qui relie le visiteur aux traditions locales. Les salamandres, symboles de renouveau et de transformation, sont profond\u00e9ment ancr\u00e9es dans la culture valencienne, repr\u00e9sentant un lien avec la nature et l&rsquo;environnement m\u00e9diterran\u00e9en. Chez Ol\u00e9 Mosaic, nous nous sp\u00e9cialisons dans la distribution de souvenirs en gros, offrant des produits authentiques et repr\u00e9sentatifs de la culture espagnole. Cet aimant est une excellente option pour les boutiques de cadeaux touristiques cherchant \u00e0 proposer des articles de qualit\u00e9 qui c\u00e9l\u00e8brent le patrimoine local. En tant que grossistes de souvenirs de Valence, nous garantissons que chaque aimant refl\u00e8te la richesse culturelle et l&rsquo;artisanat du lieu, en faisant un excellent souvenir pour tout touriste.<\/p>\n","protected":false},"excerpt":{"rendered":"<p>Aimant avec un design de salamandres color\u00e9es \u00e9voquant la vibrante culture valencienne. Cet aimant de 7,5 cm se distingue par sa technique de conception artisanale, peint \u00e0 la main, montrant des salamandres dans des tons bleus, verts, rouges et jaunes, orn\u00e9es de d\u00e9tails floraux. La base de l&rsquo;aimant pr\u00e9sente un fond qui imite la mosa\u00efque c\u00e9ramique caract\u00e9ristique de Valence. Id\u00e9al pour se souvenir de l&rsquo;une des traditions les plus embl\u00e9matiques de la r\u00e9gion.<\/p>\n","protected":false},"featured_media":13987,"template":"","meta":{"_acf_changed":false},"product_brand":[],"product_cat":[697],"product_tag":[530],"class_list":{"0":"post-35803","1":"product","2":"type-product","3":"status-publish","4":"has-post-thumbnail","6":"product_cat-aimants","7":"product_tag-animaux","8":"pa_ciudad-valencia","9":"pa_motivo-salamandres","10":"pa_pais-espana","12":"first","13":"instock","14":"shipping-taxable","15":"product-type-simple"},"acf":[],"_links":{"self":[{"href":"https:\/\/olemosaic.com\/fr\/wp-json\/wp\/v2\/product\/35803","targetHints":{"allow":["GET"]}}],"collection":[{"href":"https:\/\/olemosaic.com\/fr\/wp-json\/wp\/v2\/product"}],"about":[{"href":"https:\/\/olemosaic.com\/fr\/wp-json\/wp\/v2\/types\/product"}],"wp:featuredmedia":[{"embeddable":true,"href":"https:\/\/olemosaic.com\/fr\/wp-json\/wp\/v2\/media\/13987"}],"wp:attachment":[{"href":"https:\/\/olemosaic.com\/fr\/wp-json\/wp\/v2\/media?parent=35803"}],"wp:term":[{"taxonomy":"product_brand","embeddable":true,"href":"https:\/\/olemosaic.com\/fr\/wp-json\/wp\/v2\/product_brand?post=35803"},{"taxonomy":"product_cat","embeddable":true,"href":"https:\/\/olemosaic.com\/fr\/wp-json\/wp\/v2\/product_cat?post=35803"},{"taxonomy":"product_tag","embeddable":true,"href":"https:\/\/olemosaic.com\/fr\/wp-json\/wp\/v2\/product_tag?post=35803"}],"curies":[{"name":"wp","href":"https:\/\/api.w.org\/{rel}","templated":true}]}}