{"id":35801,"date":"2025-02-20T23:37:47","date_gmt":"2025-02-20T22:37:47","guid":{"rendered":"http:\/\/olemosaic.com\/producto\/iman-de-resina-letrero-barcelona-azul-11-cm\/"},"modified":"2025-07-25T18:52:17","modified_gmt":"2025-07-25T16:52:17","slug":"aimant-en-resine-enseigne-barcelone-bleu-11-cm","status":"publish","type":"product","link":"https:\/\/olemosaic.com\/fr\/produit\/aimant-en-resine-enseigne-barcelone-bleu-11-cm\/","title":{"rendered":"Aimant en r\u00e9sine. Enseigne. Barcelone. Bleu. 11 cm."},"content":{"rendered":"<p>Cet aimant en r\u00e9sine avec le mot \u00ab\u00a0Barcelone\u00a0\u00bb est un souvenir attrayant qui capture l&rsquo;essence vibrante de cette ville catalane embl\u00e9matique. Avec ses 11 cm, l&rsquo;aimant pr\u00e9sente une combinaison spectaculaire de couleurs sur un fond bleu qui \u00e9voque les mosa\u00efques iconiques visibles sur les b\u00e2timents de Gaud\u00ed. Les lettres de \u00ab\u00a0Barcelone\u00a0\u00bb sont stylis\u00e9es avec des formes uniques et des d\u00e9tails artistiques, refl\u00e9tant le riche h\u00e9ritage culturel et la cr\u00e9ativit\u00e9 qui caract\u00e9risent la ville. Chaque lettre se distingue par des teintes vives, du jaune et de l&rsquo;orange au vert et au rose, cr\u00e9ant une sensation de joie et de dynamisme.<\/p>\n<p>Cet aimant n&rsquo;est pas seulement fonctionnel pour d\u00e9corer le r\u00e9frig\u00e9rateur ou toute surface magn\u00e9tique, mais il sert \u00e9galement de rappel permanent de la beaut\u00e9 architecturale et de la vie vibrante qu&rsquo;offre Barcelone. En choisissant ce souvenir, les visiteurs de la ville peuvent emporter un morceau de sa magie chez eux, ce qui en fait un excellent cadeau ou un d\u00e9tail personnel. Chez Ol\u00e9 Mosaic, nous sommes sp\u00e9cialistes de la distribution de souvenirs en gros, et cet aimant de Barcelone est un ajout parfait pour les boutiques de cadeaux touristiques cherchant \u00e0 proposer des articles authentiques et significatifs. Reflet clair de la riche tradition culturelle de la r\u00e9gion, cet aimant est le souvenir id\u00e9al pour tout amateur de l&rsquo;Espagne et de sa diversit\u00e9 artistique.<\/p>\n","protected":false},"excerpt":{"rendered":"<p>Aimant avec un design d&rsquo;enseigne repr\u00e9sentant le mot \u00ab\u00a0Barcelone\u00a0\u00bb. Il mesure 11 cm et pr\u00e9sente une combinaison vibrante de couleurs sur un fond bleu, \u00e9voquant l&rsquo;essence de la mosa\u00efque typique de la ville. Chaque lettre est stylis\u00e9e avec des d\u00e9tails et des formes uniques, mettant en valeur l&rsquo;art et la culture barcelonais. Ce souvenir est id\u00e9al pour d\u00e9corer le r\u00e9frig\u00e9rateur ou toute surface magn\u00e9tique, un rappel de la beaut\u00e9 et de l&rsquo;esprit de cette ville catalane embl\u00e9matique.<\/p>\n","protected":false},"featured_media":13985,"template":"","meta":{"_acf_changed":false},"product_brand":[],"product_cat":[697],"product_tag":[],"class_list":{"0":"post-35801","1":"product","2":"type-product","3":"status-publish","4":"has-post-thumbnail","6":"product_cat-aimants","7":"pa_ciudad-barcelona","8":"pa_motivo-panneaux-villes","9":"pa_pais-espana","11":"first","12":"instock","13":"shipping-taxable","14":"product-type-simple"},"acf":[],"_links":{"self":[{"href":"https:\/\/olemosaic.com\/fr\/wp-json\/wp\/v2\/product\/35801","targetHints":{"allow":["GET"]}}],"collection":[{"href":"https:\/\/olemosaic.com\/fr\/wp-json\/wp\/v2\/product"}],"about":[{"href":"https:\/\/olemosaic.com\/fr\/wp-json\/wp\/v2\/types\/product"}],"wp:featuredmedia":[{"embeddable":true,"href":"https:\/\/olemosaic.com\/fr\/wp-json\/wp\/v2\/media\/13985"}],"wp:attachment":[{"href":"https:\/\/olemosaic.com\/fr\/wp-json\/wp\/v2\/media?parent=35801"}],"wp:term":[{"taxonomy":"product_brand","embeddable":true,"href":"https:\/\/olemosaic.com\/fr\/wp-json\/wp\/v2\/product_brand?post=35801"},{"taxonomy":"product_cat","embeddable":true,"href":"https:\/\/olemosaic.com\/fr\/wp-json\/wp\/v2\/product_cat?post=35801"},{"taxonomy":"product_tag","embeddable":true,"href":"https:\/\/olemosaic.com\/fr\/wp-json\/wp\/v2\/product_tag?post=35801"}],"curies":[{"name":"wp","href":"https:\/\/api.w.org\/{rel}","templated":true}]}}