{"id":35799,"date":"2025-02-20T23:37:46","date_gmt":"2025-02-20T22:37:46","guid":{"rendered":"http:\/\/olemosaic.com\/producto\/iman-de-resina-letrero-mojacar-11-cm\/"},"modified":"2025-07-25T20:09:59","modified_gmt":"2025-07-25T18:09:59","slug":"aimant-en-resine-enseigne-mojacar-11-cm","status":"publish","type":"product","link":"https:\/\/olemosaic.com\/fr\/produit\/aimant-en-resine-enseigne-mojacar-11-cm\/","title":{"rendered":"Aimant en r\u00e9sine. Enseigne. Moj\u00e1car. 11 cm."},"content":{"rendered":"<p>Aimant en r\u00e9sine \u00ab\u00a0Moj\u00e1car\u00a0\u00bb 11 cm. Cet aimant en r\u00e9sine color\u00e9 capture l&rsquo;essence du pittoresque village andalou de Moj\u00e1car, un tr\u00e9sor de la c\u00f4te espagnole. Avec un design attrayant incluant le mot \u00ab\u00a0Moj\u00e1car\u00a0\u00bb en lettres vibrantes, ce souvenir est parfait pour orner toute surface m\u00e9tallique et \u00e9voquer des souvenirs de paysages ensoleill\u00e9s et de rues pav\u00e9es. Le fond blanc est parsem\u00e9 de fragments de couleurs vives rappelant les mosa\u00efques traditionnelles qui ornent les maisons de cette charmante destination touristique.<\/p>\n<p>La technique de conception employ\u00e9e offre non seulement une finition brillante, mais souligne \u00e9galement le riche h\u00e9ritage culturel de Moj\u00e1car, connue pour ses traditions artistiques et son architecture aux couleurs vives qui captivent les visiteurs. Cet aimant de 11 cm est un souvenir facile \u00e0 transporter et \u00e0 exposer. C&rsquo;est un excellent choix pour les touristes \u00e0 la recherche de souvenirs de qualit\u00e9 repr\u00e9sentant leur exp\u00e9rience en Andalousie. Chez Ol\u00e9 Mosaic, nous sommes des distributeurs de souvenirs qui garantissent l&rsquo;authenticit\u00e9 et la pertinence culturelle, ce qui fait de cet aimant une pi\u00e8ce id\u00e9ale pour les boutiques de cadeaux touristiques cherchant \u00e0 proposer des articles authentiques et pleins de symbolisme.<\/p>\n","protected":false},"excerpt":{"rendered":"<p>Aimant avec un design d&rsquo;enseigne pr\u00e9sentant le mot \u00ab\u00a0Moj\u00e1car\u00a0\u00bb en lettres joyeuses et color\u00e9es. Ce souvenir attrayant de 11 cm capture l&rsquo;essence de Moj\u00e1car, un village andalou de charme. Son fond blanc, orn\u00e9 de fragments multicolores \u00e9voquant les mosa\u00efques traditionnelles de la r\u00e9gion, le rend id\u00e9al pour d\u00e9corer toute surface m\u00e9tallique. Cet aimant se distingue par sa finition brillante et son design vibrant, refl\u00e9tant la culture et le folklore local.<\/p>\n","protected":false},"featured_media":13983,"template":"","meta":{"_acf_changed":false},"product_brand":[],"product_cat":[697],"product_tag":[],"class_list":{"0":"post-35799","1":"product","2":"type-product","3":"status-publish","4":"has-post-thumbnail","6":"product_cat-aimants","7":"pa_ciudad-mojacar","8":"pa_motivo-panneaux-villes","9":"pa_pais-espana","11":"first","12":"instock","13":"shipping-taxable","14":"product-type-simple"},"acf":[],"_links":{"self":[{"href":"https:\/\/olemosaic.com\/fr\/wp-json\/wp\/v2\/product\/35799","targetHints":{"allow":["GET"]}}],"collection":[{"href":"https:\/\/olemosaic.com\/fr\/wp-json\/wp\/v2\/product"}],"about":[{"href":"https:\/\/olemosaic.com\/fr\/wp-json\/wp\/v2\/types\/product"}],"wp:featuredmedia":[{"embeddable":true,"href":"https:\/\/olemosaic.com\/fr\/wp-json\/wp\/v2\/media\/13983"}],"wp:attachment":[{"href":"https:\/\/olemosaic.com\/fr\/wp-json\/wp\/v2\/media?parent=35799"}],"wp:term":[{"taxonomy":"product_brand","embeddable":true,"href":"https:\/\/olemosaic.com\/fr\/wp-json\/wp\/v2\/product_brand?post=35799"},{"taxonomy":"product_cat","embeddable":true,"href":"https:\/\/olemosaic.com\/fr\/wp-json\/wp\/v2\/product_cat?post=35799"},{"taxonomy":"product_tag","embeddable":true,"href":"https:\/\/olemosaic.com\/fr\/wp-json\/wp\/v2\/product_tag?post=35799"}],"curies":[{"name":"wp","href":"https:\/\/api.w.org\/{rel}","templated":true}]}}