{"id":35793,"date":"2025-02-20T23:37:46","date_gmt":"2025-02-20T22:37:46","guid":{"rendered":"http:\/\/olemosaic.com\/producto\/iman-de-resina-letrero-madrid-11-cm\/"},"modified":"2025-07-25T18:52:24","modified_gmt":"2025-07-25T16:52:24","slug":"aimant-en-resine-enseigne-madrid-11-cm","status":"publish","type":"product","link":"https:\/\/olemosaic.com\/fr\/produit\/aimant-en-resine-enseigne-madrid-11-cm\/","title":{"rendered":"Aimant en r\u00e9sine. Enseigne. Madrid. 11 cm."},"content":{"rendered":"<p>Cet aimant en r\u00e9sine, avec une enseigne vibrante de Madrid, est le souvenir id\u00e9al pour capturer l&rsquo;essence de la capitale espagnole. Avec ses 11 cm, il se distingue par ses lettres color\u00e9es sur un fond de mosa\u00efque \u00e9voquant le c\u00e9l\u00e8bre style artistique de la ville. Parmi ses \u00e9l\u00e9ments iconiques, il inclut un taureau, symbole de la riche culture et des traditions espagnoles, refl\u00e9tant le lien avec la tauromachie, partie int\u00e9grante de l&rsquo;histoire et du folklore madril\u00e8nes. La technique de r\u00e9sine employ\u00e9e lui donne une finition brillante et durable, parfaite pour orner toute surface m\u00e9tallique \u00e0 la maison ou au bureau.<\/p>\n<p>Cet aimant n&rsquo;est pas seulement un accessoire d\u00e9coratif, mais un souvenir repr\u00e9sentatif des exp\u00e9riences v\u00e9cues \u00e0 Madrid. En choisissant ce produit, les touristes emporteront un petit morceau de la vie vibrante de Madrid, en faisant une excellente option comme cadeau ou souvenir. Chez Ol\u00e9 Mosaic, en tant que distributeurs en gros de souvenirs de Madrid, nous proposons cet aimant en r\u00e9sine pour que les boutiques de cadeaux touristiques puissent offrir \u00e0 leurs clients un produit authentique et culturellement significatif, id\u00e9al pour ceux qui recherchent des souvenirs uniques de leur visite dans cette ville iconique.<\/p>\n","protected":false},"excerpt":{"rendered":"<p>Aimant de 11 cm avec un design d&rsquo;enseigne capturant l&rsquo;esprit vibrant de Madrid. Cet aimant se distingue par ses lettres color\u00e9es et son fond de style mosa\u00efque, incorporant des \u00e9l\u00e9ments iconiques comme un taureau, symbole de la culture espagnole. La technique offre une finition brillante et durable, parfaite pour orner toute surface m\u00e9tallique et se souvenir de la beaut\u00e9 de la capitale espagnole \u00e0 chaque regard. Id\u00e9al comme souvenir ou cadeau.<\/p>\n","protected":false},"featured_media":13982,"template":"","meta":{"_acf_changed":false},"product_brand":[],"product_cat":[697],"product_tag":[530],"class_list":{"0":"post-35793","1":"product","2":"type-product","3":"status-publish","4":"has-post-thumbnail","6":"product_cat-aimants","7":"product_tag-animaux","8":"pa_ciudad-madrid","9":"pa_motivo-panneaux-villes","10":"pa_pais-espana","12":"first","13":"instock","14":"shipping-taxable","15":"product-type-simple"},"acf":[],"_links":{"self":[{"href":"https:\/\/olemosaic.com\/fr\/wp-json\/wp\/v2\/product\/35793","targetHints":{"allow":["GET"]}}],"collection":[{"href":"https:\/\/olemosaic.com\/fr\/wp-json\/wp\/v2\/product"}],"about":[{"href":"https:\/\/olemosaic.com\/fr\/wp-json\/wp\/v2\/types\/product"}],"wp:featuredmedia":[{"embeddable":true,"href":"https:\/\/olemosaic.com\/fr\/wp-json\/wp\/v2\/media\/13982"}],"wp:attachment":[{"href":"https:\/\/olemosaic.com\/fr\/wp-json\/wp\/v2\/media?parent=35793"}],"wp:term":[{"taxonomy":"product_brand","embeddable":true,"href":"https:\/\/olemosaic.com\/fr\/wp-json\/wp\/v2\/product_brand?post=35793"},{"taxonomy":"product_cat","embeddable":true,"href":"https:\/\/olemosaic.com\/fr\/wp-json\/wp\/v2\/product_cat?post=35793"},{"taxonomy":"product_tag","embeddable":true,"href":"https:\/\/olemosaic.com\/fr\/wp-json\/wp\/v2\/product_tag?post=35793"}],"curies":[{"name":"wp","href":"https:\/\/api.w.org\/{rel}","templated":true}]}}