{"id":35792,"date":"2025-02-20T23:37:46","date_gmt":"2025-02-20T22:37:46","guid":{"rendered":"http:\/\/olemosaic.com\/producto\/iman-de-resina-salamandra-y-flores-mojacar\/"},"modified":"2025-07-25T19:55:59","modified_gmt":"2025-07-25T17:55:59","slug":"aimant-en-resine-salamandre-et-fleurs-mojacar","status":"publish","type":"product","link":"https:\/\/olemosaic.com\/fr\/produit\/aimant-en-resine-salamandre-et-fleurs-mojacar\/","title":{"rendered":"Aimant en r\u00e9sine. Salamandre et fleurs. Moj\u00e1car."},"content":{"rendered":"<p>Cet aimant en r\u00e9sine capture l&rsquo;essence vibrante de Moj\u00e1car, un village espagnol de charme qui se distingue par son architecture blanchie \u00e0 la chaux et ses paysages color\u00e9s. Avec un design captivant, l&rsquo;aimant pr\u00e9sente deux salamandres encadr\u00e9es par un festin de fleurs color\u00e9es, cr\u00e9ant un effet de mosa\u00efque qui \u00e9voque le riche h\u00e9ritage culturel de la r\u00e9gion. Les salamandres, repr\u00e9sent\u00e9es dans des tons rouges et verts, contrastent merveilleusement avec un fond de mosa\u00efque blanc, soulignant la diversit\u00e9 et la beaut\u00e9 de la flore andalouse. Le nom \u00ab\u00a0Moj\u00e1car\u00a0\u00bb est imprim\u00e9 en lettres grasses en bas, garantissant que ce symbole r\u00e9gional soit un rappel permanent de la localit\u00e9.<\/p>\n<p>Cet aimant, en plus d&rsquo;\u00eatre fonctionnel, sert de souvenir authentique encapsulant le folklore de Moj\u00e1car et son attrait naturel. La combinaison de couleurs vives, avec des tons de rouge, jaune et vert, en fait une pi\u00e8ce id\u00e9ale pour d\u00e9corer n&rsquo;importe quel espace, rappelant aux touristes la magie de leur visite. Chez Ol\u00e9 Mosaic, nous sommes fiers de proposer des souvenirs en gros repr\u00e9sentant la diversit\u00e9 culturelle de l&rsquo;Espagne, et cet aimant salamandre est une excellente option pour les boutiques de cadeaux touristiques \u00e0 la recherche de produits authentiques et significatifs.<\/p>\n","protected":false},"excerpt":{"rendered":"<p>Aimant au design color\u00e9 repr\u00e9sentant deux salamandres parmi des fleurs, inspir\u00e9 par la beaut\u00e9 de Moj\u00e1car. Cet aimant attrayant pr\u00e9sente un style mosa\u00efque vibrant, avec des tons rouges, verts et jaunes, qui font ressortir les salamandres sur un fond blanc. Le nom \u00ab Moj\u00e1car \u00bb est imprim\u00e9 en lettres voyantes en bas, en faisant un souvenir id\u00e9al qui capture l&rsquo;essence du folklore andalou.<\/p>\n","protected":false},"featured_media":13981,"template":"","meta":{"_acf_changed":false},"product_brand":[],"product_cat":[697],"product_tag":[530],"class_list":{"0":"post-35792","1":"product","2":"type-product","3":"status-publish","4":"has-post-thumbnail","6":"product_cat-aimants","7":"product_tag-animaux","8":"pa_ciudad-mojacar","9":"pa_motivo-salamandres","10":"pa_pais-espana","12":"first","13":"instock","14":"shipping-taxable","15":"product-type-simple"},"acf":[],"_links":{"self":[{"href":"https:\/\/olemosaic.com\/fr\/wp-json\/wp\/v2\/product\/35792","targetHints":{"allow":["GET"]}}],"collection":[{"href":"https:\/\/olemosaic.com\/fr\/wp-json\/wp\/v2\/product"}],"about":[{"href":"https:\/\/olemosaic.com\/fr\/wp-json\/wp\/v2\/types\/product"}],"wp:featuredmedia":[{"embeddable":true,"href":"https:\/\/olemosaic.com\/fr\/wp-json\/wp\/v2\/media\/13981"}],"wp:attachment":[{"href":"https:\/\/olemosaic.com\/fr\/wp-json\/wp\/v2\/media?parent=35792"}],"wp:term":[{"taxonomy":"product_brand","embeddable":true,"href":"https:\/\/olemosaic.com\/fr\/wp-json\/wp\/v2\/product_brand?post=35792"},{"taxonomy":"product_cat","embeddable":true,"href":"https:\/\/olemosaic.com\/fr\/wp-json\/wp\/v2\/product_cat?post=35792"},{"taxonomy":"product_tag","embeddable":true,"href":"https:\/\/olemosaic.com\/fr\/wp-json\/wp\/v2\/product_tag?post=35792"}],"curies":[{"name":"wp","href":"https:\/\/api.w.org\/{rel}","templated":true}]}}