{"id":35790,"date":"2025-02-20T23:37:46","date_gmt":"2025-02-20T22:37:46","guid":{"rendered":"http:\/\/olemosaic.com\/producto\/iman-de-resina-salamandra-y-flores-malaga\/"},"modified":"2025-07-25T19:42:58","modified_gmt":"2025-07-25T17:42:58","slug":"aimant-en-resine-salamandre-et-fleurs-malaga","status":"publish","type":"product","link":"https:\/\/olemosaic.com\/fr\/produit\/aimant-en-resine-salamandre-et-fleurs-malaga\/","title":{"rendered":"Aimant en r\u00e9sine. Salamandre et fleurs. Malaga."},"content":{"rendered":"<p>Cet aimant en r\u00e9sine au design color\u00e9 de salamandres est un merveilleux hommage \u00e0 l&rsquo;essence de l&rsquo;art de la mosa\u00efque de Malaga. Avec une repr\u00e9sentation vibrante de deux salamandres dans des tons rouges et verts, cet aimant capture la riche biodiversit\u00e9 de la r\u00e9gion et son lien avec la nature. Les salamandres, entour\u00e9es de fleurs \u00e9clatantes dans une gamme de couleurs intenses, cr\u00e9ent une image visuellement frappante qui se d\u00e9tache sur un fond rappelant les azulejos traditionnels andalous. Le mot \u00ab\u00a0M\u00c1LAGA\u00a0\u00bb se distingue en bas, apportant une touche authentique et en faisant un souvenir embl\u00e9matique de la culture de Malaga.<\/p>\n<p>Con\u00e7u avec une attention particuli\u00e8re aux d\u00e9tails, l&rsquo;aimant n&rsquo;est pas seulement une pi\u00e8ce d\u00e9corative, maar aussi un symbole de l&rsquo;h\u00e9ritage culturel de Malaga, id\u00e9al pour ceux qui cherchent \u00e0 ramener chez eux un fragment de cette ville charmante. Ce souvenir est parfait pour les touristes d\u00e9sireux d&rsquo;appr\u00e9cier et de se souvenir de leur exp\u00e9rience \u00e0 Malaga, servant \u00e0 la fois de d\u00e9coration pour la maison et de rappel de leurs aventures.<\/p>\n<p>Chez Ol\u00e9 Mosaic, nous nous sp\u00e9cialisons dans la distribution de souvenirs en gros, offrant des produits uniques et authentiques qui refl\u00e8tent la culture et la beaut\u00e9 de l&rsquo;Espagne. Cet aimant salamandre est une excellente option pour les boutiques de cadeaux touristiques souhaitant proposer des souvenirs significatifs et repr\u00e9sentatifs de Malaga. En tant que grossistes de souvenirs, nous garantissons la qualit\u00e9 et l&rsquo;originalit\u00e9 de chaque produit.<\/p>\n","protected":false},"excerpt":{"rendered":"<p>Aimant au design color\u00e9 de salamandres et de fleurs, inspir\u00e9 de l&rsquo;art de la mosa\u00efque de Malaga. Cet aimant attrayant pr\u00e9sente deux salamandres dans des tons vibrants de rouge et de vert, entour\u00e9es de fleurs \u00e9clatantes de diverses couleurs, le tout sur un fond d&rsquo;azulejos \u00e9voquant les traditions locales. Le mot \u00ab\u00a0M\u00c1LAGA\u00a0\u00bb se distingue en bas, faisant de cet aimant un souvenir parfait de la riche culture andalouse.<\/p>\n","protected":false},"featured_media":13979,"template":"","meta":{"_acf_changed":false},"product_brand":[],"product_cat":[697],"product_tag":[530],"class_list":{"0":"post-35790","1":"product","2":"type-product","3":"status-publish","4":"has-post-thumbnail","6":"product_cat-aimants","7":"product_tag-animaux","8":"pa_ciudad-malaga","9":"pa_motivo-salamandres","10":"pa_pais-espana","12":"first","13":"instock","14":"shipping-taxable","15":"product-type-simple"},"acf":[],"_links":{"self":[{"href":"https:\/\/olemosaic.com\/fr\/wp-json\/wp\/v2\/product\/35790","targetHints":{"allow":["GET"]}}],"collection":[{"href":"https:\/\/olemosaic.com\/fr\/wp-json\/wp\/v2\/product"}],"about":[{"href":"https:\/\/olemosaic.com\/fr\/wp-json\/wp\/v2\/types\/product"}],"wp:featuredmedia":[{"embeddable":true,"href":"https:\/\/olemosaic.com\/fr\/wp-json\/wp\/v2\/media\/13979"}],"wp:attachment":[{"href":"https:\/\/olemosaic.com\/fr\/wp-json\/wp\/v2\/media?parent=35790"}],"wp:term":[{"taxonomy":"product_brand","embeddable":true,"href":"https:\/\/olemosaic.com\/fr\/wp-json\/wp\/v2\/product_brand?post=35790"},{"taxonomy":"product_cat","embeddable":true,"href":"https:\/\/olemosaic.com\/fr\/wp-json\/wp\/v2\/product_cat?post=35790"},{"taxonomy":"product_tag","embeddable":true,"href":"https:\/\/olemosaic.com\/fr\/wp-json\/wp\/v2\/product_tag?post=35790"}],"curies":[{"name":"wp","href":"https:\/\/api.w.org\/{rel}","templated":true}]}}