{"id":35783,"date":"2025-02-20T23:37:45","date_gmt":"2025-02-20T22:37:45","guid":{"rendered":"http:\/\/olemosaic.com\/producto\/iman-de-resina-toros-malaga\/"},"modified":"2025-07-25T19:57:20","modified_gmt":"2025-07-25T17:57:20","slug":"aimant-en-resine-taureaux-malaga","status":"publish","type":"product","link":"https:\/\/olemosaic.com\/fr\/produit\/aimant-en-resine-taureaux-malaga\/","title":{"rendered":"Aimant en r\u00e9sine. Taureaux. Malaga."},"content":{"rendered":"<p>Aimant color\u00e9 en r\u00e9sine de Malaga, inspir\u00e9 par la tradition taurine. Cet aimant distinctif capture l&rsquo;essence de la culture andalouse avec son design vibrant, pr\u00e9sentant un taureau dans des tons bleus, verts et rouges. Il se distingue non seulement par ses couleurs, mais aussi par son symbolisme, ancr\u00e9 dans l&rsquo;h\u00e9ritage de Malaga. Le taureau, embl\u00e8me de la tauromachie, se trouve \u00e0 c\u00f4t\u00e9 d&rsquo;un soleil radieux qui irradie chaleur et luminosit\u00e9, \u00e9voquant les terres ensoleill\u00e9es de Malaga. De plus, de d\u00e9licates roses ornent la base, ajoutant une touche florale qui souligne le folklore de la r\u00e9gion.<\/p>\n<p>La base en mosa\u00efque compl\u00e8te son esth\u00e9tique, lui conf\u00e9rant une finition distinctive qui met en valeur l&rsquo;art traditionnel des mosa\u00efques espagnoles. Le texte \u00ab\u00a0M\u00c1LAGA\u00a0\u00bb se d\u00e9tache avec une typographie joyeuse et accessible, garantissant que cet aimant soit un souvenir unique de la ville. Cet aimant en r\u00e9sine est un excellent souvenir, id\u00e9al pour ceux qui souhaitent emporter un morceau de la culture de Malaga et, en m\u00eame temps, une pi\u00e8ce repr\u00e9sentative de la tradition taurine. Chez Ol\u00e9 Mosaic, nous sommes distributeurs de souvenirs authentiques en gros, et cet aimant de Malaga est un choix parfait pour les boutiques de cadeaux touristiques \u00e0 la recherche de produits culturels et de qualit\u00e9.<\/p>\n","protected":false},"excerpt":{"rendered":"<p>Aimant color\u00e9, inspir\u00e9 par la tradition taurine de Malaga. Cet aimant attrayant pr\u00e9sente un design vibrant avec un taureau se distinguant par ses teintes bleues, vertes et rouges, aux c\u00f4t\u00e9s d&rsquo;un soleil radieux et de roses \u00e9voquant le folklore andalou. La base en mosa\u00efque lui donne une touche distinctive, tandis que le texte \u00ab\u00a0M\u00c1LAGA\u00a0\u00bb souligne son lien avec la ville. Id\u00e9al pour ceux qui souhaitent emporter avec eux un morceau de la culture de Malaga.<\/p>\n","protected":false},"featured_media":13977,"template":"","meta":{"_acf_changed":false},"product_brand":[],"product_cat":[697],"product_tag":[530],"class_list":{"0":"post-35783","1":"product","2":"type-product","3":"status-publish","4":"has-post-thumbnail","6":"product_cat-aimants","7":"product_tag-animaux","8":"pa_ciudad-malaga","9":"pa_motivo-taureaux","10":"pa_pais-espana","12":"first","13":"instock","14":"shipping-taxable","15":"product-type-simple"},"acf":[],"_links":{"self":[{"href":"https:\/\/olemosaic.com\/fr\/wp-json\/wp\/v2\/product\/35783","targetHints":{"allow":["GET"]}}],"collection":[{"href":"https:\/\/olemosaic.com\/fr\/wp-json\/wp\/v2\/product"}],"about":[{"href":"https:\/\/olemosaic.com\/fr\/wp-json\/wp\/v2\/types\/product"}],"wp:featuredmedia":[{"embeddable":true,"href":"https:\/\/olemosaic.com\/fr\/wp-json\/wp\/v2\/media\/13977"}],"wp:attachment":[{"href":"https:\/\/olemosaic.com\/fr\/wp-json\/wp\/v2\/media?parent=35783"}],"wp:term":[{"taxonomy":"product_brand","embeddable":true,"href":"https:\/\/olemosaic.com\/fr\/wp-json\/wp\/v2\/product_brand?post=35783"},{"taxonomy":"product_cat","embeddable":true,"href":"https:\/\/olemosaic.com\/fr\/wp-json\/wp\/v2\/product_cat?post=35783"},{"taxonomy":"product_tag","embeddable":true,"href":"https:\/\/olemosaic.com\/fr\/wp-json\/wp\/v2\/product_tag?post=35783"}],"curies":[{"name":"wp","href":"https:\/\/api.w.org\/{rel}","templated":true}]}}