{"id":35782,"date":"2025-02-20T23:37:45","date_gmt":"2025-02-20T22:37:45","guid":{"rendered":"http:\/\/olemosaic.com\/producto\/iman-de-resina-toro-y-bailaora-valencia\/"},"modified":"2025-07-25T18:59:22","modified_gmt":"2025-07-25T16:59:22","slug":"aimant-en-resine-taureau-et-danseuse-valence","status":"publish","type":"product","link":"https:\/\/olemosaic.com\/fr\/produit\/aimant-en-resine-taureau-et-danseuse-valence\/","title":{"rendered":"Aimant en r\u00e9sine. Taureau et danseuse. Valence."},"content":{"rendered":"<p>Aimant color\u00e9 en r\u00e9sine qui rend hommage \u00e0 la culture valencienne, repr\u00e9sentant un taureau et une danseuse. Cette pi\u00e8ce en r\u00e9sine est un chef-d&rsquo;\u0153uvre vibrant qui capture l&rsquo;essence de Valence, une ville riche en traditions et festivit\u00e9s. Avec un design m\u00ealant des formes g\u00e9om\u00e9triques, l&rsquo;aimant combine des tons bleus, verts, rouges et jaunes, cr\u00e9ant un effet visuel frappant qui refl\u00e8te la joie des coutumes locales. La figure du taureau, symbole iconique de la culture espagnole, est pr\u00e9sent\u00e9e avec une finition brillante, tandis que la danseuse, v\u00eatue d&rsquo;un captivant costume \u00e0 volants rouges, irradie \u00e9nergie et gr\u00e2ce dans une pose \u00e9voquant l&rsquo;art flamenco. Le nom \u00ab\u00a0Valencia\u00a0\u00bb appara\u00eet en lettres voyantes, ajoutant une touche finale qui souligne son origine. Cet aimant n&rsquo;est pas seulement un souvenir attrayant, mais aussi un rappel tangible du riche patrimoine de la r\u00e9gion, id\u00e9al pour les touristes \u00e0 la recherche d&rsquo;une pi\u00e8ce authentique repr\u00e9sentant la culture valencienne. Chez Ol\u00e9 Mosaic, nous proposons ce produit dans le cadre de notre collection de souvenirs en gros, parfait pour les boutiques de cadeaux touristiques recherchant des articles de qualit\u00e9 et porteurs de sens. Cet aimant est une excellente option pour quiconque souhaite ramener un petit morceau de Valence chez soi.<\/p>\n","protected":false},"excerpt":{"rendered":"<p>Aimant color\u00e9 rendant hommage \u00e0 la culture valencienne, repr\u00e9sentant un taureau et une danseuse. Ce souvenir attrayant se distingue par son design vibrant, m\u00ealant des formes g\u00e9om\u00e9triques dans des tons bleu, vert, rouge et jaune, donnant vie aux traditions locales. La danseuse, v\u00eatue d&rsquo;un costume \u00e0 volants rouges, compl\u00e8te le motif, tandis que le nom \u00ab\u00a0Valencia\u00a0\u00bb appara\u00eet en lettres voyantes dans la partie inf\u00e9rieure, faisant de cet aimant un souvenir id\u00e9al du riche patrimoine de la r\u00e9gion.<\/p>\n","protected":false},"featured_media":13976,"template":"","meta":{"_acf_changed":false},"product_brand":[],"product_cat":[697],"product_tag":[530],"class_list":{"0":"post-35782","1":"product","2":"type-product","3":"status-publish","4":"has-post-thumbnail","6":"product_cat-aimants","7":"product_tag-animaux","8":"pa_ciudad-valencia","9":"pa_motivo-taureaux","10":"pa_pais-espana","12":"first","13":"instock","14":"shipping-taxable","15":"product-type-simple"},"acf":[],"_links":{"self":[{"href":"https:\/\/olemosaic.com\/fr\/wp-json\/wp\/v2\/product\/35782","targetHints":{"allow":["GET"]}}],"collection":[{"href":"https:\/\/olemosaic.com\/fr\/wp-json\/wp\/v2\/product"}],"about":[{"href":"https:\/\/olemosaic.com\/fr\/wp-json\/wp\/v2\/types\/product"}],"wp:featuredmedia":[{"embeddable":true,"href":"https:\/\/olemosaic.com\/fr\/wp-json\/wp\/v2\/media\/13976"}],"wp:attachment":[{"href":"https:\/\/olemosaic.com\/fr\/wp-json\/wp\/v2\/media?parent=35782"}],"wp:term":[{"taxonomy":"product_brand","embeddable":true,"href":"https:\/\/olemosaic.com\/fr\/wp-json\/wp\/v2\/product_brand?post=35782"},{"taxonomy":"product_cat","embeddable":true,"href":"https:\/\/olemosaic.com\/fr\/wp-json\/wp\/v2\/product_cat?post=35782"},{"taxonomy":"product_tag","embeddable":true,"href":"https:\/\/olemosaic.com\/fr\/wp-json\/wp\/v2\/product_tag?post=35782"}],"curies":[{"name":"wp","href":"https:\/\/api.w.org\/{rel}","templated":true}]}}