{"id":35779,"date":"2025-02-20T23:37:45","date_gmt":"2025-02-20T22:37:45","guid":{"rendered":"http:\/\/olemosaic.com\/producto\/iman-de-resina-salamandra-y-flores-fuerteventura\/"},"modified":"2025-07-25T19:36:30","modified_gmt":"2025-07-25T17:36:30","slug":"aimant-en-resine-salamandre-et-fleurs-fuerteventura","status":"publish","type":"product","link":"https:\/\/olemosaic.com\/fr\/produit\/aimant-en-resine-salamandre-et-fleurs-fuerteventura\/","title":{"rendered":"Aimant en r\u00e9sine. Salamandre et fleurs. Fuerteventura."},"content":{"rendered":"<p>Cet aimant color\u00e9 en r\u00e9sine, inspir\u00e9 par la flore et la faune exub\u00e9rantes de Fuerteventura, est le souvenir parfait pour emporter un morceau des \u00eeles Canaries chez soi. Orn\u00e9 de l&rsquo;image de deux salamandres entour\u00e9es de fleurs vibrantes typiques de la r\u00e9gion, cet objet se distingue par son design accrocheur qui simule une magnifique mosa\u00efque.<\/p>\n<p>Les salamandres, repr\u00e9sent\u00e9es dans des tons bleus et orange, captent l&rsquo;attention par leurs formes \u00e9l\u00e9gantes et leurs couleurs vives, tandis que le fond de fleurs multicolores, avec des roses, des jaunes et des bleus, apporte un air de fra\u00eecheur et de joie. Dans la partie inf\u00e9rieure, le texte \u00ab\u00a0FUERTEVENTURA\u00a0\u00bb est pr\u00e9sent\u00e9 avec une typographie joyeuse, compl\u00e9tant l&rsquo;esth\u00e9tique g\u00e9n\u00e9rale et renfor\u00e7ant le lien avec l&rsquo;\u00eele.<\/p>\n<p>Cet aimant n&rsquo;est pas seulement un \u00e9l\u00e9ment d\u00e9coratif attrayant pour n&rsquo;importe quel r\u00e9frig\u00e9rateur, mais il refl\u00e8te \u00e9galement la beaut\u00e9 naturelle de Fuerteventura, connue pour ses paysages impressionnants et sa biodiversit\u00e9. R\u00e9sistant et authentique, ce souvenir devient un rappel id\u00e9al pour les touristes qui recherchent une repr\u00e9sentation color\u00e9e et authentique de leur visite aux \u00eeles Canaries. Chez Ol\u00e9 Mosaic, nous sommes fiers de proposer des souvenirs exclusifs comme cet aimant de Fuerteventura, offrant une opportunit\u00e9 unique aux boutiques de cadeaux touristiques qui recherchent des articles impressionnants en gros.<\/p>\n","protected":false},"excerpt":{"rendered":"<p>Aimant color\u00e9 montrant deux salamandres entour\u00e9es de fleurs typiques de Fuerteventura. Ce souvenir attrayant, id\u00e9al pour donner une touche canarienne \u00e0 n&rsquo;importe quel r\u00e9frig\u00e9rateur, pr\u00e9sente un design vibrant avec des d\u00e9tails simulant des mosa\u00efques. Le fond est orn\u00e9 d&rsquo;une vari\u00e9t\u00e9 de fleurs aux tons vifs, compl\u00e9t\u00e9es par le mot \u00ab\u00a0FUERTEVENTURA\u00a0\u00bb, \u00e9crit dans un style joyeux. Parfait pour se souvenir de la beaut\u00e9 naturelle des \u00eeles Canaries.<\/p>\n","protected":false},"featured_media":13973,"template":"","meta":{"_acf_changed":false},"product_brand":[],"product_cat":[697],"product_tag":[530],"class_list":{"0":"post-35779","1":"product","2":"type-product","3":"status-publish","4":"has-post-thumbnail","6":"product_cat-aimants","7":"product_tag-animaux","8":"pa_ciudad-fuerteventura","9":"pa_motivo-salamandres","10":"pa_pais-espana","12":"first","13":"instock","14":"shipping-taxable","15":"product-type-simple"},"acf":[],"_links":{"self":[{"href":"https:\/\/olemosaic.com\/fr\/wp-json\/wp\/v2\/product\/35779","targetHints":{"allow":["GET"]}}],"collection":[{"href":"https:\/\/olemosaic.com\/fr\/wp-json\/wp\/v2\/product"}],"about":[{"href":"https:\/\/olemosaic.com\/fr\/wp-json\/wp\/v2\/types\/product"}],"wp:featuredmedia":[{"embeddable":true,"href":"https:\/\/olemosaic.com\/fr\/wp-json\/wp\/v2\/media\/13973"}],"wp:attachment":[{"href":"https:\/\/olemosaic.com\/fr\/wp-json\/wp\/v2\/media?parent=35779"}],"wp:term":[{"taxonomy":"product_brand","embeddable":true,"href":"https:\/\/olemosaic.com\/fr\/wp-json\/wp\/v2\/product_brand?post=35779"},{"taxonomy":"product_cat","embeddable":true,"href":"https:\/\/olemosaic.com\/fr\/wp-json\/wp\/v2\/product_cat?post=35779"},{"taxonomy":"product_tag","embeddable":true,"href":"https:\/\/olemosaic.com\/fr\/wp-json\/wp\/v2\/product_tag?post=35779"}],"curies":[{"name":"wp","href":"https:\/\/api.w.org\/{rel}","templated":true}]}}