{"id":35773,"date":"2025-02-20T23:37:44","date_gmt":"2025-02-20T22:37:44","guid":{"rendered":"http:\/\/olemosaic.com\/producto\/iman-de-metal-toro-negro-11-cm-5\/"},"modified":"2025-07-25T20:26:18","modified_gmt":"2025-07-25T18:26:18","slug":"aimant-en-metal-taureau-noir-11-cm-5","status":"publish","type":"product","link":"https:\/\/olemosaic.com\/fr\/produit\/aimant-en-metal-taureau-noir-11-cm-5\/","title":{"rendered":"Aimant en m\u00e9tal. Taureau. Noir. Drapeau de l&rsquo;Espagne. 11 cm."},"content":{"rendered":"<p>Cet aimant m\u00e9tallique pr\u00e9sente le design de l&rsquo;iconique taureau espagnol, un symbole culturel repr\u00e9sentant la tradition et la passion de l&rsquo;Espagne. D&rsquo;une dimension de 11 cm, cet aimant attrayant se distingue par sa figure robuste et puissante, \u00e9labor\u00e9e dans une mosa\u00efque vibrante de tons rouges et jaunes \u00e9voquant l&rsquo;\u00e9nergie et la force du taureau. Le fond noir accentue la luminosit\u00e9 et les d\u00e9tails du design, faisant ressortir l&rsquo;image du taureau avec une finition brillante et captivante. Les traits soigneusement d\u00e9limit\u00e9s et les nuances de couleurs procurent une sensation de mouvement et de vitalit\u00e9, faisant de cet aimant plus qu&rsquo;un simple souvenir : c&rsquo;est un v\u00e9ritable hommage \u00e0 la riche culture espagnole.<\/p>\n<p>Le taureau est devenu une ic\u00f4ne de l&rsquo;identit\u00e9 espagnole, associ\u00e9e \u00e0 la c\u00e9l\u00e9bration des corridas et \u00e0 l&rsquo;histoire du pays, offrant un lien culturel qui en fait un souvenir unique. Cet aimant n&rsquo;est pas seulement id\u00e9al pour orner toute surface m\u00e9tallique, mais il agit \u00e9galement comme un rappel constant des traditions ancr\u00e9es dans la soci\u00e9t\u00e9 espagnole, constituant une excellente option pour les touristes \u00e0 la recherche de souvenirs authentiques et repr\u00e9sentatifs. Chez Ol\u00e9 Mosaic, nous sommes distributeurs de souvenirs en gros et proposons cet aimant de taureau comme une option parfaite pour les boutiques de cadeaux touristiques qui appr\u00e9cient l&rsquo;authenticit\u00e9 et la qualit\u00e9 de leurs produits.<\/p>\n","protected":false},"excerpt":{"rendered":"<p>Aimant m\u00e9tallique avec l&#8217;embl\u00e9matique taureau espagnol, mis en valeur en noir. D&rsquo;une dimension de 11 cm, cet aimant pr\u00e9sente un design attrayant en mosa\u00efque dans des tons rouges et jaunes qui capturent l&rsquo;essence du taureau, symbole culturel de l&rsquo;Espagne. Les d\u00e9tails du taureau sont soigneusement \u00e9labor\u00e9s et offrent une finition brillante qui souligne sa figure puissante. Id\u00e9al pour ceux qui recherchent un souvenir repr\u00e9sentatif de la tradition taurine espagnole.<\/p>\n","protected":false},"featured_media":8286,"template":"","meta":{"_acf_changed":false},"product_brand":[],"product_cat":[697],"product_tag":[530],"class_list":{"0":"post-35773","1":"product","2":"type-product","3":"status-publish","4":"has-post-thumbnail","6":"product_cat-aimants","7":"product_tag-animaux","8":"pa_motivo-taureaux","10":"first","11":"instock","12":"shipping-taxable","13":"product-type-simple"},"acf":[],"_links":{"self":[{"href":"https:\/\/olemosaic.com\/fr\/wp-json\/wp\/v2\/product\/35773","targetHints":{"allow":["GET"]}}],"collection":[{"href":"https:\/\/olemosaic.com\/fr\/wp-json\/wp\/v2\/product"}],"about":[{"href":"https:\/\/olemosaic.com\/fr\/wp-json\/wp\/v2\/types\/product"}],"wp:featuredmedia":[{"embeddable":true,"href":"https:\/\/olemosaic.com\/fr\/wp-json\/wp\/v2\/media\/8286"}],"wp:attachment":[{"href":"https:\/\/olemosaic.com\/fr\/wp-json\/wp\/v2\/media?parent=35773"}],"wp:term":[{"taxonomy":"product_brand","embeddable":true,"href":"https:\/\/olemosaic.com\/fr\/wp-json\/wp\/v2\/product_brand?post=35773"},{"taxonomy":"product_cat","embeddable":true,"href":"https:\/\/olemosaic.com\/fr\/wp-json\/wp\/v2\/product_cat?post=35773"},{"taxonomy":"product_tag","embeddable":true,"href":"https:\/\/olemosaic.com\/fr\/wp-json\/wp\/v2\/product_tag?post=35773"}],"curies":[{"name":"wp","href":"https:\/\/api.w.org\/{rel}","templated":true}]}}